{"id":4819,"date":"2021-12-24T10:49:00","date_gmt":"2022-01-12T09:18:02","guid":{"rendered":"https:\/\/parafarmaonline.com\/product\/aquilea-detox-quemagrasas-10-sticks-solubles\/"},"modified":"2022-01-12T09:18:02","modified_gmt":"2022-01-12T09:18:02","slug":"aquilea-detox-quemagrasas-10-sticks-solubles-2","status":"publish","type":"product","link":"https:\/\/parafarmaonline.com\/ca\/producto\/aquilea-detox-quemagrasas-10-sticks-solubles-2\/","title":{"rendered":"Aquilea Detox + Quemagrasas 10 Sticks Solubles"},"content":{"rendered":"<p><strong>Aquilea Detox + Quemagrasas 10 Sticks<\/strong> \u00e9s un complement alimentari detoxificant i crema-greixos que cont\u00e9 carxofa. Elimina toxines de la pell i el cos, elimina els l\u00edquids i exerceix un efecte crema-greixos. Aquilea Detox + Quemagrasas \u00e9s un pla expres 10 dies amb una combinaci\u00f3 \u00fanica i exclusiva de 6 extractes naturals que ajuda a detoxificar l&#8217;organisme incrementant l&#8217;eliminaci\u00f3 d&#8217;aigua dels ronyons i el tracte urinari gr\u00e0cies a la cua de cavall i eliminar les toxines de la pell gr\u00e0cies al pensament Silvestre. A m\u00e9s tamb\u00e9 ajuda a controlar el metabolisme dels greixos gr\u00e0cies al Te Verd<br \/>\nQuan les toxines s&#8217;acumulen als teixits poden arribar a produir malestar, restrenyiment, cansament i fatiga, dificultat de concentraci\u00f3, insomni, etc.<br \/>\nPer aix\u00f2, aquests estics d&#8217;Aquilea estan indicats per desintoxicar el cos en poc temps.<\/p>\n<h2><strong>Per a qui est\u00e0 indicat?<\/strong><\/h2>\n<p>Est\u00e0 indicat per a persones que vulguin detoxificar l&#8217;organisme en un pla expr\u00e9s 10 dies. Hi ha per\u00edodes en qu\u00e8 es recomana fer una detoxificaci\u00f3 com abans de comen\u00e7ar una dieta, en \u00e8poca post-vacacional o quan es vulgui deixar de fumar.<\/p>\n<h3><strong>Com s&#8217;hi aplica?<\/strong><\/h3>\n<p>Prendre 1 stick diari dilu\u00eft en un litre d&#8217;aigua per beure durant el dia.<\/p>\n","protected":false},"excerpt":{"rendered":"<p>Pla expr\u00e9s 10 dies amb una combinaci\u00f3 \u00fanica i exclusiva de 6 extractes naturals. Ajuda a detoxificar l&#8217;organisme incrementant l&#8217;eliminaci\u00f3 d&#8217;aigua dels ronyons i el tracte urinari gr\u00e0cies a la cua de cavall. Contribueix a eliminar les toxines de la pell gr\u00e0cies al pensament silvestre. A m\u00e9s, tamb\u00e9 ajuda a controlar el metabolisme dels greixos gr\u00e0cies al te verd.<\/p>\n","protected":false},"featured_media":4796,"comment_status":"open","ping_status":"closed","template":"","meta":[],"pwb-brand":[434],"product_cat":[336,364,365,333,363,344],"product_tag":[586,589,640],"class_list":{"0":"post-4819","1":"product","2":"type-product","3":"status-publish","4":"has-post-thumbnail","6":"pwb-brand-aquilea-ca","7":"product_cat-aparell-urinari","8":"product_cat-aprimar","9":"product_cat-dieta-ca","10":"product_cat-herbolari","11":"product_cat-nutricio","12":"product_cat-trastorns-digestius","13":"product_tag-aprimar-se","14":"product_tag-quemagrasa-ca","15":"product_tag-re-ca","17":"first","18":"instock","19":"taxable","20":"shipping-taxable","21":"purchasable","22":"product-type-simple"},"yoast_head":"<!-- This site is optimized with the Yoast SEO plugin v22.7 - https:\/\/yoast.com\/wordpress\/plugins\/seo\/ -->\n<title>Aquilea Detox + Quemagrasas 10 Sticks Solubles - Parafarm\u00e0cia Online - Diet\u00e8tica herbolari fitoter\u00e0pia sense gluten.<\/title>\n<meta name=\"robots\" content=\"index, follow, max-snippet:-1, max-image-preview:large, max-video-preview:-1\" \/>\n<link rel=\"canonical\" href=\"https:\/\/parafarmaonline.com\/ca\/producto\/aquilea-detox-quemagrasas-10-sticks-solubles-2\/\" \/>\n<meta property=\"og:locale\" content=\"ca_ES\" \/>\n<meta property=\"og:type\" content=\"article\" \/>\n<meta property=\"og:title\" content=\"Aquilea Detox + Quemagrasas 10 Sticks Solubles - Parafarm\u00e0cia Online - Diet\u00e8tica herbolari fitoter\u00e0pia sense gluten.\" \/>\n<meta property=\"og:description\" content=\"Pla expr\u00e9s 10 dies amb una combinaci\u00f3 \u00fanica i exclusiva de 6 extractes naturals. Ajuda a detoxificar l&#039;organisme incrementant l&#039;eliminaci\u00f3 d&#039;aigua dels ronyons i el tracte urinari gr\u00e0cies a la cua de cavall. Contribueix a eliminar les toxines de la pell gr\u00e0cies al pensament silvestre. A m\u00e9s, tamb\u00e9 ajuda a controlar el metabolisme dels greixos gr\u00e0cies al te verd.\" \/>\n<meta property=\"og:url\" content=\"https:\/\/parafarmaonline.com\/ca\/producto\/aquilea-detox-quemagrasas-10-sticks-solubles-2\/\" \/>\n<meta property=\"og:site_name\" content=\"Parafarm\u00e0cia Online - Diet\u00e8tica herbolari fitoter\u00e0pia sense gluten.\" \/>\n<meta property=\"og:image\" content=\"https:\/\/parafarmaonline.com\/wp-content\/uploads\/2021\/12\/aquilea-detox-quemagrasas-10-sticks.jpg\" \/>\n\t<meta property=\"og:image:width\" content=\"458\" \/>\n\t<meta property=\"og:image:height\" content=\"458\" \/>\n\t<meta property=\"og:image:type\" content=\"image\/jpeg\" \/>\n<meta name=\"twitter:card\" content=\"summary_large_image\" \/>\n<meta name=\"twitter:label1\" content=\"Temps estimat de lectura\" \/>\n\t<meta name=\"twitter:data1\" content=\"1 minut\" \/>\n<script type=\"application\/ld+json\" class=\"yoast-schema-graph\">{\"@context\":\"https:\/\/schema.org\",\"@graph\":[{\"@type\":\"WebPage\",\"@id\":\"https:\/\/parafarmaonline.com\/ca\/producto\/aquilea-detox-quemagrasas-10-sticks-solubles-2\/\",\"url\":\"https:\/\/parafarmaonline.com\/ca\/producto\/aquilea-detox-quemagrasas-10-sticks-solubles-2\/\",\"name\":\"Aquilea Detox + Quemagrasas 10 Sticks Solubles - Parafarm\u00e0cia Online - Diet\u00e8tica herbolari fitoter\u00e0pia sense gluten.\",\"isPartOf\":{\"@id\":\"https:\/\/parafarmaonline.com\/#website\"},\"primaryImageOfPage\":{\"@id\":\"https:\/\/parafarmaonline.com\/ca\/producto\/aquilea-detox-quemagrasas-10-sticks-solubles-2\/#primaryimage\"},\"image\":{\"@id\":\"https:\/\/parafarmaonline.com\/ca\/producto\/aquilea-detox-quemagrasas-10-sticks-solubles-2\/#primaryimage\"},\"thumbnailUrl\":\"https:\/\/parafarmaonline.com\/wp-content\/uploads\/2021\/12\/aquilea-detox-quemagrasas-10-sticks.jpg\",\"datePublished\":\"2022-01-12T09:18:02+00:00\",\"dateModified\":\"2022-01-12T09:18:02+00:00\",\"breadcrumb\":{\"@id\":\"https:\/\/parafarmaonline.com\/ca\/producto\/aquilea-detox-quemagrasas-10-sticks-solubles-2\/#breadcrumb\"},\"inLanguage\":\"ca\",\"potentialAction\":[{\"@type\":\"ReadAction\",\"target\":[\"https:\/\/parafarmaonline.com\/ca\/producto\/aquilea-detox-quemagrasas-10-sticks-solubles-2\/\"]}]},{\"@type\":\"ImageObject\",\"inLanguage\":\"ca\",\"@id\":\"https:\/\/parafarmaonline.com\/ca\/producto\/aquilea-detox-quemagrasas-10-sticks-solubles-2\/#primaryimage\",\"url\":\"https:\/\/parafarmaonline.com\/wp-content\/uploads\/2021\/12\/aquilea-detox-quemagrasas-10-sticks.jpg\",\"contentUrl\":\"https:\/\/parafarmaonline.com\/wp-content\/uploads\/2021\/12\/aquilea-detox-quemagrasas-10-sticks.jpg\",\"width\":458,\"height\":458},{\"@type\":\"BreadcrumbList\",\"@id\":\"https:\/\/parafarmaonline.com\/ca\/producto\/aquilea-detox-quemagrasas-10-sticks-solubles-2\/#breadcrumb\",\"itemListElement\":[{\"@type\":\"ListItem\",\"position\":1,\"name\":\"Portada\",\"item\":\"https:\/\/parafarmaonline.com\/ca\/\"},{\"@type\":\"ListItem\",\"position\":2,\"name\":\"Botiga\",\"item\":\"https:\/\/parafarmaonline.com\/ca\/botiga\/\"},{\"@type\":\"ListItem\",\"position\":3,\"name\":\"Aquilea Detox + Quemagrasas 10 Sticks Solubles\"}]},{\"@type\":\"WebSite\",\"@id\":\"https:\/\/parafarmaonline.com\/#website\",\"url\":\"https:\/\/parafarmaonline.com\/\",\"name\":\"Parafarm\u00e0cia Online - Diet\u00e8tica herbolari fitoter\u00e0pia sense gluten.\",\"description\":\"Els productes de parafarm\u00e0cia, diet\u00e8tica i herbolari s\u00f3n cada cop m\u00e9s habituals entre aquelles persones que volen cuidar la seva salut. Parafarma Online s'ha convertit en aquesta farm\u00e0cia en l\u00ednia.\",\"publisher\":{\"@id\":\"https:\/\/parafarmaonline.com\/#\/schema\/person\/3531a2a8cd3f575922327e5b7e16a598\"},\"potentialAction\":[{\"@type\":\"SearchAction\",\"target\":{\"@type\":\"EntryPoint\",\"urlTemplate\":\"https:\/\/parafarmaonline.com\/?s={search_term_string}\"},\"query-input\":\"required name=search_term_string\"}],\"inLanguage\":\"ca\"},{\"@type\":[\"Person\",\"Organization\"],\"@id\":\"https:\/\/parafarmaonline.com\/#\/schema\/person\/3531a2a8cd3f575922327e5b7e16a598\",\"name\":\"farmatural\",\"image\":{\"@type\":\"ImageObject\",\"inLanguage\":\"ca\",\"@id\":\"https:\/\/parafarmaonline.com\/#\/schema\/person\/image\/\",\"url\":\"https:\/\/parafarmaonline.com\/wp-content\/uploads\/2022\/01\/LOGO-PARAFARMA.png\",\"contentUrl\":\"https:\/\/parafarmaonline.com\/wp-content\/uploads\/2022\/01\/LOGO-PARAFARMA.png\",\"width\":371,\"height\":133,\"caption\":\"farmatural\"},\"logo\":{\"@id\":\"https:\/\/parafarmaonline.com\/#\/schema\/person\/image\/\"}}]}<\/script>\n<!-- \/ Yoast SEO plugin. -->","yoast_head_json":{"title":"Aquilea Detox + Quemagrasas 10 Sticks Solubles - Parafarm\u00e0cia Online - Diet\u00e8tica herbolari fitoter\u00e0pia sense gluten.","robots":{"index":"index","follow":"follow","max-snippet":"max-snippet:-1","max-image-preview":"max-image-preview:large","max-video-preview":"max-video-preview:-1"},"canonical":"https:\/\/parafarmaonline.com\/ca\/producto\/aquilea-detox-quemagrasas-10-sticks-solubles-2\/","og_locale":"ca_ES","og_type":"article","og_title":"Aquilea Detox + Quemagrasas 10 Sticks Solubles - Parafarm\u00e0cia Online - Diet\u00e8tica herbolari fitoter\u00e0pia sense gluten.","og_description":"Pla expr\u00e9s 10 dies amb una combinaci\u00f3 \u00fanica i exclusiva de 6 extractes naturals. Ajuda a detoxificar l'organisme incrementant l'eliminaci\u00f3 d'aigua dels ronyons i el tracte urinari gr\u00e0cies a la cua de cavall. Contribueix a eliminar les toxines de la pell gr\u00e0cies al pensament silvestre. A m\u00e9s, tamb\u00e9 ajuda a controlar el metabolisme dels greixos gr\u00e0cies al te verd.","og_url":"https:\/\/parafarmaonline.com\/ca\/producto\/aquilea-detox-quemagrasas-10-sticks-solubles-2\/","og_site_name":"Parafarm\u00e0cia Online - Diet\u00e8tica herbolari fitoter\u00e0pia sense gluten.","og_image":[{"width":458,"height":458,"url":"https:\/\/parafarmaonline.com\/wp-content\/uploads\/2021\/12\/aquilea-detox-quemagrasas-10-sticks.jpg","type":"image\/jpeg"}],"twitter_card":"summary_large_image","twitter_misc":{"Temps estimat de lectura":"1 minut"},"schema":{"@context":"https:\/\/schema.org","@graph":[{"@type":"WebPage","@id":"https:\/\/parafarmaonline.com\/ca\/producto\/aquilea-detox-quemagrasas-10-sticks-solubles-2\/","url":"https:\/\/parafarmaonline.com\/ca\/producto\/aquilea-detox-quemagrasas-10-sticks-solubles-2\/","name":"Aquilea Detox + Quemagrasas 10 Sticks Solubles - Parafarm\u00e0cia Online - Diet\u00e8tica herbolari fitoter\u00e0pia sense gluten.","isPartOf":{"@id":"https:\/\/parafarmaonline.com\/#website"},"primaryImageOfPage":{"@id":"https:\/\/parafarmaonline.com\/ca\/producto\/aquilea-detox-quemagrasas-10-sticks-solubles-2\/#primaryimage"},"image":{"@id":"https:\/\/parafarmaonline.com\/ca\/producto\/aquilea-detox-quemagrasas-10-sticks-solubles-2\/#primaryimage"},"thumbnailUrl":"https:\/\/parafarmaonline.com\/wp-content\/uploads\/2021\/12\/aquilea-detox-quemagrasas-10-sticks.jpg","datePublished":"2022-01-12T09:18:02+00:00","dateModified":"2022-01-12T09:18:02+00:00","breadcrumb":{"@id":"https:\/\/parafarmaonline.com\/ca\/producto\/aquilea-detox-quemagrasas-10-sticks-solubles-2\/#breadcrumb"},"inLanguage":"ca","potentialAction":[{"@type":"ReadAction","target":["https:\/\/parafarmaonline.com\/ca\/producto\/aquilea-detox-quemagrasas-10-sticks-solubles-2\/"]}]},{"@type":"ImageObject","inLanguage":"ca","@id":"https:\/\/parafarmaonline.com\/ca\/producto\/aquilea-detox-quemagrasas-10-sticks-solubles-2\/#primaryimage","url":"https:\/\/parafarmaonline.com\/wp-content\/uploads\/2021\/12\/aquilea-detox-quemagrasas-10-sticks.jpg","contentUrl":"https:\/\/parafarmaonline.com\/wp-content\/uploads\/2021\/12\/aquilea-detox-quemagrasas-10-sticks.jpg","width":458,"height":458},{"@type":"BreadcrumbList","@id":"https:\/\/parafarmaonline.com\/ca\/producto\/aquilea-detox-quemagrasas-10-sticks-solubles-2\/#breadcrumb","itemListElement":[{"@type":"ListItem","position":1,"name":"Portada","item":"https:\/\/parafarmaonline.com\/ca\/"},{"@type":"ListItem","position":2,"name":"Botiga","item":"https:\/\/parafarmaonline.com\/ca\/botiga\/"},{"@type":"ListItem","position":3,"name":"Aquilea Detox + Quemagrasas 10 Sticks Solubles"}]},{"@type":"WebSite","@id":"https:\/\/parafarmaonline.com\/#website","url":"https:\/\/parafarmaonline.com\/","name":"Parafarm\u00e0cia Online - Diet\u00e8tica herbolari fitoter\u00e0pia sense gluten.","description":"Els productes de parafarm\u00e0cia, diet\u00e8tica i herbolari s\u00f3n cada cop m\u00e9s habituals entre aquelles persones que volen cuidar la seva salut. Parafarma Online s'ha convertit en aquesta farm\u00e0cia en l\u00ednia.","publisher":{"@id":"https:\/\/parafarmaonline.com\/#\/schema\/person\/3531a2a8cd3f575922327e5b7e16a598"},"potentialAction":[{"@type":"SearchAction","target":{"@type":"EntryPoint","urlTemplate":"https:\/\/parafarmaonline.com\/?s={search_term_string}"},"query-input":"required name=search_term_string"}],"inLanguage":"ca"},{"@type":["Person","Organization"],"@id":"https:\/\/parafarmaonline.com\/#\/schema\/person\/3531a2a8cd3f575922327e5b7e16a598","name":"farmatural","image":{"@type":"ImageObject","inLanguage":"ca","@id":"https:\/\/parafarmaonline.com\/#\/schema\/person\/image\/","url":"https:\/\/parafarmaonline.com\/wp-content\/uploads\/2022\/01\/LOGO-PARAFARMA.png","contentUrl":"https:\/\/parafarmaonline.com\/wp-content\/uploads\/2022\/01\/LOGO-PARAFARMA.png","width":371,"height":133,"caption":"farmatural"},"logo":{"@id":"https:\/\/parafarmaonline.com\/#\/schema\/person\/image\/"}}]}},"brands":[{"id":434,"name":"Aquilea","slug":"aquilea-ca"}],"_links":{"self":[{"href":"https:\/\/parafarmaonline.com\/ca\/wp-json\/wp\/v2\/product\/4819","targetHints":{"allow":["GET"]}}],"collection":[{"href":"https:\/\/parafarmaonline.com\/ca\/wp-json\/wp\/v2\/product"}],"about":[{"href":"https:\/\/parafarmaonline.com\/ca\/wp-json\/wp\/v2\/types\/product"}],"replies":[{"embeddable":true,"href":"https:\/\/parafarmaonline.com\/ca\/wp-json\/wp\/v2\/comments?post=4819"}],"wp:featuredmedia":[{"embeddable":true,"href":"https:\/\/parafarmaonline.com\/ca\/wp-json\/wp\/v2\/media\/4796"}],"wp:attachment":[{"href":"https:\/\/parafarmaonline.com\/ca\/wp-json\/wp\/v2\/media?parent=4819"}],"wp:term":[{"taxonomy":"pwb-brand","embeddable":true,"href":"https:\/\/parafarmaonline.com\/ca\/wp-json\/wp\/v2\/pwb-brand?post=4819"},{"taxonomy":"product_cat","embeddable":true,"href":"https:\/\/parafarmaonline.com\/ca\/wp-json\/wp\/v2\/product_cat?post=4819"},{"taxonomy":"product_tag","embeddable":true,"href":"https:\/\/parafarmaonline.com\/ca\/wp-json\/wp\/v2\/product_tag?post=4819"}],"curies":[{"name":"wp","href":"https:\/\/api.w.org\/{rel}","templated":true}]}}