{"id":4817,"date":"2022-01-03T09:42:46","date_gmt":"2022-01-12T09:04:04","guid":{"rendered":"https:\/\/parafarmaonline.com\/product\/aquilea-drenante-15-sticks-solubles\/"},"modified":"2022-01-12T09:04:04","modified_gmt":"2022-01-12T09:04:04","slug":"aquilea-drenante-15-sticks-solubles-2","status":"publish","type":"product","link":"https:\/\/parafarmaonline.com\/ca\/producto\/aquilea-drenante-15-sticks-solubles-2\/","title":{"rendered":"Aquilea Drenante 15 Sticks Solubles"},"content":{"rendered":"<p><strong>Aquilea Drenante 15 Sticks Solubles<\/strong> cont\u00e9 una \u00fanica i exclusiva combinaci\u00f3 de 8 extractes naturals que contribueix a l&#8217;eliminaci\u00f3 de l\u00edquids acumulats a l&#8217;organisme gr\u00e0cies a la Cua de cavall i les cues de cirera. El seu format en sticks bebibles et permet portar-lo amb tu i prendre&#8217;l a qualsevol lloc de manera f\u00e0cil i c\u00f2moda. La seva f\u00f3rmula ajuda a millorar la circulaci\u00f3 i a reduir la cel\u00b7lulitis, que sol apar\u00e8ixer a les cuixes, glutis o bra\u00e7os. T\u00e9 un agradable gust de fruites del bosc.<\/p>\n<p><strong>Per a qui est\u00e0 indicat?<\/strong><\/p>\n<p>Est\u00e0 indicat per a persones que volen disminuir la cel\u00b7lulitis aix\u00ed com ajudar en la circulaci\u00f3 i la retenci\u00f3 de l\u00edquids.<\/p>\n<p><strong>Com es pren?<\/strong><\/p>\n<p>Prendre 1 stick diari dilu\u00eft en un litre d&#8217;aigua per beure durant tot el dia.<\/p>\n","protected":false},"excerpt":{"rendered":"<p>Complement en format sticks que cont\u00e9 una \u00fanica i exclusiva combinaci\u00f3 de 8 extractes naturals que contribueix a l&#8217;eliminaci\u00f3 de l\u00edquids acumulats a l&#8217;organisme gr\u00e0cies a la cua de cavall i les cues de cirera.<\/p>\n","protected":false},"featured_media":4806,"comment_status":"open","ping_status":"closed","template":"","meta":[],"pwb-brand":[434],"product_cat":[336,364,365,333,363],"product_tag":[586,589,587],"class_list":{"0":"post-4817","1":"product","2":"type-product","3":"status-publish","4":"has-post-thumbnail","6":"pwb-brand-aquilea-ca","7":"product_cat-aparell-urinari","8":"product_cat-aprimar","9":"product_cat-dieta-ca","10":"product_cat-herbolari","11":"product_cat-nutricio","12":"product_tag-aprimar-se","13":"product_tag-quemagrasa-ca","14":"product_tag-retencio-de-liquids","16":"first","17":"instock","18":"taxable","19":"shipping-taxable","20":"purchasable","21":"product-type-simple"},"yoast_head":"<!-- This site is optimized with the Yoast SEO plugin v22.7 - https:\/\/yoast.com\/wordpress\/plugins\/seo\/ -->\n<title>Aquilea Drenante 15 Sticks Solubles - Parafarm\u00e0cia Online - Diet\u00e8tica herbolari fitoter\u00e0pia sense gluten.<\/title>\n<meta name=\"robots\" content=\"index, follow, max-snippet:-1, max-image-preview:large, max-video-preview:-1\" \/>\n<link rel=\"canonical\" href=\"https:\/\/parafarmaonline.com\/ca\/producto\/aquilea-drenante-15-sticks-solubles-2\/\" \/>\n<meta property=\"og:locale\" content=\"ca_ES\" \/>\n<meta property=\"og:type\" content=\"article\" \/>\n<meta property=\"og:title\" content=\"Aquilea Drenante 15 Sticks Solubles - Parafarm\u00e0cia Online - Diet\u00e8tica herbolari fitoter\u00e0pia sense gluten.\" \/>\n<meta property=\"og:description\" content=\"Complement en format sticks que cont\u00e9 una \u00fanica i exclusiva combinaci\u00f3 de 8 extractes naturals que contribueix a l&#039;eliminaci\u00f3 de l\u00edquids acumulats a l&#039;organisme gr\u00e0cies a la cua de cavall i les cues de cirera.\" \/>\n<meta property=\"og:url\" content=\"https:\/\/parafarmaonline.com\/ca\/producto\/aquilea-drenante-15-sticks-solubles-2\/\" \/>\n<meta property=\"og:site_name\" content=\"Parafarm\u00e0cia Online - Diet\u00e8tica herbolari fitoter\u00e0pia sense gluten.\" \/>\n<meta property=\"og:image\" content=\"https:\/\/parafarmaonline.com\/wp-content\/uploads\/2022\/01\/aquilea-drenante-15-sticks-frutos-del-bosque.jpg\" \/>\n\t<meta property=\"og:image:width\" content=\"458\" \/>\n\t<meta property=\"og:image:height\" content=\"458\" \/>\n\t<meta property=\"og:image:type\" content=\"image\/jpeg\" \/>\n<meta name=\"twitter:card\" content=\"summary_large_image\" \/>\n<meta name=\"twitter:label1\" content=\"Temps estimat de lectura\" \/>\n\t<meta name=\"twitter:data1\" content=\"1 minut\" \/>\n<script type=\"application\/ld+json\" class=\"yoast-schema-graph\">{\"@context\":\"https:\/\/schema.org\",\"@graph\":[{\"@type\":\"WebPage\",\"@id\":\"https:\/\/parafarmaonline.com\/ca\/producto\/aquilea-drenante-15-sticks-solubles-2\/\",\"url\":\"https:\/\/parafarmaonline.com\/ca\/producto\/aquilea-drenante-15-sticks-solubles-2\/\",\"name\":\"Aquilea Drenante 15 Sticks Solubles - Parafarm\u00e0cia Online - Diet\u00e8tica herbolari fitoter\u00e0pia sense gluten.\",\"isPartOf\":{\"@id\":\"https:\/\/parafarmaonline.com\/#website\"},\"primaryImageOfPage\":{\"@id\":\"https:\/\/parafarmaonline.com\/ca\/producto\/aquilea-drenante-15-sticks-solubles-2\/#primaryimage\"},\"image\":{\"@id\":\"https:\/\/parafarmaonline.com\/ca\/producto\/aquilea-drenante-15-sticks-solubles-2\/#primaryimage\"},\"thumbnailUrl\":\"https:\/\/parafarmaonline.com\/wp-content\/uploads\/2022\/01\/aquilea-drenante-15-sticks-frutos-del-bosque.jpg\",\"datePublished\":\"2022-01-12T09:04:04+00:00\",\"dateModified\":\"2022-01-12T09:04:04+00:00\",\"breadcrumb\":{\"@id\":\"https:\/\/parafarmaonline.com\/ca\/producto\/aquilea-drenante-15-sticks-solubles-2\/#breadcrumb\"},\"inLanguage\":\"ca\",\"potentialAction\":[{\"@type\":\"ReadAction\",\"target\":[\"https:\/\/parafarmaonline.com\/ca\/producto\/aquilea-drenante-15-sticks-solubles-2\/\"]}]},{\"@type\":\"ImageObject\",\"inLanguage\":\"ca\",\"@id\":\"https:\/\/parafarmaonline.com\/ca\/producto\/aquilea-drenante-15-sticks-solubles-2\/#primaryimage\",\"url\":\"https:\/\/parafarmaonline.com\/wp-content\/uploads\/2022\/01\/aquilea-drenante-15-sticks-frutos-del-bosque.jpg\",\"contentUrl\":\"https:\/\/parafarmaonline.com\/wp-content\/uploads\/2022\/01\/aquilea-drenante-15-sticks-frutos-del-bosque.jpg\",\"width\":458,\"height\":458},{\"@type\":\"BreadcrumbList\",\"@id\":\"https:\/\/parafarmaonline.com\/ca\/producto\/aquilea-drenante-15-sticks-solubles-2\/#breadcrumb\",\"itemListElement\":[{\"@type\":\"ListItem\",\"position\":1,\"name\":\"Portada\",\"item\":\"https:\/\/parafarmaonline.com\/ca\/\"},{\"@type\":\"ListItem\",\"position\":2,\"name\":\"Botiga\",\"item\":\"https:\/\/parafarmaonline.com\/ca\/botiga\/\"},{\"@type\":\"ListItem\",\"position\":3,\"name\":\"Aquilea Drenante 15 Sticks Solubles\"}]},{\"@type\":\"WebSite\",\"@id\":\"https:\/\/parafarmaonline.com\/#website\",\"url\":\"https:\/\/parafarmaonline.com\/\",\"name\":\"Parafarm\u00e0cia Online - Diet\u00e8tica herbolari fitoter\u00e0pia sense gluten.\",\"description\":\"Els productes de parafarm\u00e0cia, diet\u00e8tica i herbolari s\u00f3n cada cop m\u00e9s habituals entre aquelles persones que volen cuidar la seva salut. Parafarma Online s'ha convertit en aquesta farm\u00e0cia en l\u00ednia.\",\"publisher\":{\"@id\":\"https:\/\/parafarmaonline.com\/#\/schema\/person\/3531a2a8cd3f575922327e5b7e16a598\"},\"potentialAction\":[{\"@type\":\"SearchAction\",\"target\":{\"@type\":\"EntryPoint\",\"urlTemplate\":\"https:\/\/parafarmaonline.com\/?s={search_term_string}\"},\"query-input\":\"required name=search_term_string\"}],\"inLanguage\":\"ca\"},{\"@type\":[\"Person\",\"Organization\"],\"@id\":\"https:\/\/parafarmaonline.com\/#\/schema\/person\/3531a2a8cd3f575922327e5b7e16a598\",\"name\":\"farmatural\",\"image\":{\"@type\":\"ImageObject\",\"inLanguage\":\"ca\",\"@id\":\"https:\/\/parafarmaonline.com\/#\/schema\/person\/image\/\",\"url\":\"https:\/\/parafarmaonline.com\/wp-content\/uploads\/2022\/01\/LOGO-PARAFARMA.png\",\"contentUrl\":\"https:\/\/parafarmaonline.com\/wp-content\/uploads\/2022\/01\/LOGO-PARAFARMA.png\",\"width\":371,\"height\":133,\"caption\":\"farmatural\"},\"logo\":{\"@id\":\"https:\/\/parafarmaonline.com\/#\/schema\/person\/image\/\"}}]}<\/script>\n<!-- \/ Yoast SEO plugin. -->","yoast_head_json":{"title":"Aquilea Drenante 15 Sticks Solubles - Parafarm\u00e0cia Online - Diet\u00e8tica herbolari fitoter\u00e0pia sense gluten.","robots":{"index":"index","follow":"follow","max-snippet":"max-snippet:-1","max-image-preview":"max-image-preview:large","max-video-preview":"max-video-preview:-1"},"canonical":"https:\/\/parafarmaonline.com\/ca\/producto\/aquilea-drenante-15-sticks-solubles-2\/","og_locale":"ca_ES","og_type":"article","og_title":"Aquilea Drenante 15 Sticks Solubles - Parafarm\u00e0cia Online - Diet\u00e8tica herbolari fitoter\u00e0pia sense gluten.","og_description":"Complement en format sticks que cont\u00e9 una \u00fanica i exclusiva combinaci\u00f3 de 8 extractes naturals que contribueix a l'eliminaci\u00f3 de l\u00edquids acumulats a l'organisme gr\u00e0cies a la cua de cavall i les cues de cirera.","og_url":"https:\/\/parafarmaonline.com\/ca\/producto\/aquilea-drenante-15-sticks-solubles-2\/","og_site_name":"Parafarm\u00e0cia Online - Diet\u00e8tica herbolari fitoter\u00e0pia sense gluten.","og_image":[{"width":458,"height":458,"url":"https:\/\/parafarmaonline.com\/wp-content\/uploads\/2022\/01\/aquilea-drenante-15-sticks-frutos-del-bosque.jpg","type":"image\/jpeg"}],"twitter_card":"summary_large_image","twitter_misc":{"Temps estimat de lectura":"1 minut"},"schema":{"@context":"https:\/\/schema.org","@graph":[{"@type":"WebPage","@id":"https:\/\/parafarmaonline.com\/ca\/producto\/aquilea-drenante-15-sticks-solubles-2\/","url":"https:\/\/parafarmaonline.com\/ca\/producto\/aquilea-drenante-15-sticks-solubles-2\/","name":"Aquilea Drenante 15 Sticks Solubles - Parafarm\u00e0cia Online - Diet\u00e8tica herbolari fitoter\u00e0pia sense gluten.","isPartOf":{"@id":"https:\/\/parafarmaonline.com\/#website"},"primaryImageOfPage":{"@id":"https:\/\/parafarmaonline.com\/ca\/producto\/aquilea-drenante-15-sticks-solubles-2\/#primaryimage"},"image":{"@id":"https:\/\/parafarmaonline.com\/ca\/producto\/aquilea-drenante-15-sticks-solubles-2\/#primaryimage"},"thumbnailUrl":"https:\/\/parafarmaonline.com\/wp-content\/uploads\/2022\/01\/aquilea-drenante-15-sticks-frutos-del-bosque.jpg","datePublished":"2022-01-12T09:04:04+00:00","dateModified":"2022-01-12T09:04:04+00:00","breadcrumb":{"@id":"https:\/\/parafarmaonline.com\/ca\/producto\/aquilea-drenante-15-sticks-solubles-2\/#breadcrumb"},"inLanguage":"ca","potentialAction":[{"@type":"ReadAction","target":["https:\/\/parafarmaonline.com\/ca\/producto\/aquilea-drenante-15-sticks-solubles-2\/"]}]},{"@type":"ImageObject","inLanguage":"ca","@id":"https:\/\/parafarmaonline.com\/ca\/producto\/aquilea-drenante-15-sticks-solubles-2\/#primaryimage","url":"https:\/\/parafarmaonline.com\/wp-content\/uploads\/2022\/01\/aquilea-drenante-15-sticks-frutos-del-bosque.jpg","contentUrl":"https:\/\/parafarmaonline.com\/wp-content\/uploads\/2022\/01\/aquilea-drenante-15-sticks-frutos-del-bosque.jpg","width":458,"height":458},{"@type":"BreadcrumbList","@id":"https:\/\/parafarmaonline.com\/ca\/producto\/aquilea-drenante-15-sticks-solubles-2\/#breadcrumb","itemListElement":[{"@type":"ListItem","position":1,"name":"Portada","item":"https:\/\/parafarmaonline.com\/ca\/"},{"@type":"ListItem","position":2,"name":"Botiga","item":"https:\/\/parafarmaonline.com\/ca\/botiga\/"},{"@type":"ListItem","position":3,"name":"Aquilea Drenante 15 Sticks Solubles"}]},{"@type":"WebSite","@id":"https:\/\/parafarmaonline.com\/#website","url":"https:\/\/parafarmaonline.com\/","name":"Parafarm\u00e0cia Online - Diet\u00e8tica herbolari fitoter\u00e0pia sense gluten.","description":"Els productes de parafarm\u00e0cia, diet\u00e8tica i herbolari s\u00f3n cada cop m\u00e9s habituals entre aquelles persones que volen cuidar la seva salut. Parafarma Online s'ha convertit en aquesta farm\u00e0cia en l\u00ednia.","publisher":{"@id":"https:\/\/parafarmaonline.com\/#\/schema\/person\/3531a2a8cd3f575922327e5b7e16a598"},"potentialAction":[{"@type":"SearchAction","target":{"@type":"EntryPoint","urlTemplate":"https:\/\/parafarmaonline.com\/?s={search_term_string}"},"query-input":"required name=search_term_string"}],"inLanguage":"ca"},{"@type":["Person","Organization"],"@id":"https:\/\/parafarmaonline.com\/#\/schema\/person\/3531a2a8cd3f575922327e5b7e16a598","name":"farmatural","image":{"@type":"ImageObject","inLanguage":"ca","@id":"https:\/\/parafarmaonline.com\/#\/schema\/person\/image\/","url":"https:\/\/parafarmaonline.com\/wp-content\/uploads\/2022\/01\/LOGO-PARAFARMA.png","contentUrl":"https:\/\/parafarmaonline.com\/wp-content\/uploads\/2022\/01\/LOGO-PARAFARMA.png","width":371,"height":133,"caption":"farmatural"},"logo":{"@id":"https:\/\/parafarmaonline.com\/#\/schema\/person\/image\/"}}]}},"brands":[{"id":434,"name":"Aquilea","slug":"aquilea-ca"}],"_links":{"self":[{"href":"https:\/\/parafarmaonline.com\/ca\/wp-json\/wp\/v2\/product\/4817","targetHints":{"allow":["GET"]}}],"collection":[{"href":"https:\/\/parafarmaonline.com\/ca\/wp-json\/wp\/v2\/product"}],"about":[{"href":"https:\/\/parafarmaonline.com\/ca\/wp-json\/wp\/v2\/types\/product"}],"replies":[{"embeddable":true,"href":"https:\/\/parafarmaonline.com\/ca\/wp-json\/wp\/v2\/comments?post=4817"}],"wp:featuredmedia":[{"embeddable":true,"href":"https:\/\/parafarmaonline.com\/ca\/wp-json\/wp\/v2\/media\/4806"}],"wp:attachment":[{"href":"https:\/\/parafarmaonline.com\/ca\/wp-json\/wp\/v2\/media?parent=4817"}],"wp:term":[{"taxonomy":"pwb-brand","embeddable":true,"href":"https:\/\/parafarmaonline.com\/ca\/wp-json\/wp\/v2\/pwb-brand?post=4817"},{"taxonomy":"product_cat","embeddable":true,"href":"https:\/\/parafarmaonline.com\/ca\/wp-json\/wp\/v2\/product_cat?post=4817"},{"taxonomy":"product_tag","embeddable":true,"href":"https:\/\/parafarmaonline.com\/ca\/wp-json\/wp\/v2\/product_tag?post=4817"}],"curies":[{"name":"wp","href":"https:\/\/api.w.org\/{rel}","templated":true}]}}