{"id":4778,"date":"2021-12-21T14:52:08","date_gmt":"2021-12-21T17:36:23","guid":{"rendered":"https:\/\/parafarmaonline.com\/product\/fisiocrem-gel-active-600ml\/"},"modified":"2021-12-21T17:36:23","modified_gmt":"2021-12-21T17:36:23","slug":"fisiocrem-gel-active-600ml-2","status":"publish","type":"product","link":"https:\/\/parafarmaonline.com\/ca\/producto\/fisiocrem-gel-active-600ml-2\/","title":{"rendered":"Fisiocrem Gel Active 600ml"},"content":{"rendered":"<p><strong>Fisiocrem Gel Active 600ml<\/strong>es tracta d&#8217;una soluci\u00f3 en gel que ens ajudar\u00e0 a evitar que es produeixin les lesions a l&#8217;activitat di\u00e0ria o durant l&#8217;exercici f\u00edsic. La seva acci\u00f3 se centra en la preparaci\u00f3 tant dels m\u00fasculs com dels lligaments. Pot ser utilitzat tant per dones embarassades com durant el per\u00edode de lact\u00e0ncia. No taca la roba i est\u00e0 indicat per a nens amb m\u00e9s de 3 anys.<\/p>\n<p><strong>Per qu\u00e8 est\u00e0 indicat?<\/strong><\/p>\n<p>Indicat per a la prevenci\u00f3 de lesions musculars.<\/p>\n<p><strong>Com s&#8217;hi aplica?<\/strong><\/p>\n<p>Aplicar a la zona on sentim les mol\u00e8sties, les vegades que creguis necessari.<\/p>\n","protected":false},"excerpt":{"rendered":"<p>Soluci\u00f3 de massatge r\u00e0pid per preparar m\u00fasculs i lligaments o evitar lesions. Apte per a esfor\u00e7os quotidians o exercici f\u00edsic. Cont\u00e9 ingredients naturals coneguts pel seu efecte analg\u00e8sic i antiinflamatori.<\/p>\n","protected":false},"featured_media":4738,"comment_status":"open","ping_status":"closed","template":"","meta":[],"pwb-brand":[442],"product_cat":[340,333,371,343,369,341],"product_tag":[596,599,595,597,611,598],"class_list":{"0":"post-4778","1":"product","2":"type-product","3":"status-publish","4":"has-post-thumbnail","6":"pwb-brand-fisiocrem-ca","7":"product_cat-cops-hematomes","8":"product_cat-herbolari","9":"product_cat-lesions","10":"product_cat-musculars","11":"product_cat-ortopedia-ca","12":"product_cat-ossos-articulacions","13":"product_tag-contractures","14":"product_tag-contusions","15":"product_tag-cops","16":"product_tag-esquincos","17":"product_tag-lesions","18":"product_tag-torcades","20":"first","21":"instock","22":"sale","23":"taxable","24":"shipping-taxable","25":"purchasable","26":"product-type-simple"},"yoast_head":"<!-- This site is optimized with the Yoast SEO plugin v22.7 - https:\/\/yoast.com\/wordpress\/plugins\/seo\/ -->\n<title>Fisiocrem Gel Active 600ml - Parafarm\u00e0cia Online - Diet\u00e8tica herbolari fitoter\u00e0pia sense gluten.<\/title>\n<meta name=\"robots\" content=\"index, follow, max-snippet:-1, max-image-preview:large, max-video-preview:-1\" \/>\n<link rel=\"canonical\" href=\"https:\/\/parafarmaonline.com\/ca\/producto\/fisiocrem-gel-active-600ml-2\/\" \/>\n<meta property=\"og:locale\" content=\"ca_ES\" \/>\n<meta property=\"og:type\" content=\"article\" \/>\n<meta property=\"og:title\" content=\"Fisiocrem Gel Active 600ml - Parafarm\u00e0cia Online - Diet\u00e8tica herbolari fitoter\u00e0pia sense gluten.\" \/>\n<meta property=\"og:description\" content=\"Soluci\u00f3 de massatge r\u00e0pid per preparar m\u00fasculs i lligaments o evitar lesions. Apte per a esfor\u00e7os quotidians o exercici f\u00edsic. Cont\u00e9 ingredients naturals coneguts pel seu efecte analg\u00e8sic i antiinflamatori.\" \/>\n<meta property=\"og:url\" content=\"https:\/\/parafarmaonline.com\/ca\/producto\/fisiocrem-gel-active-600ml-2\/\" \/>\n<meta property=\"og:site_name\" content=\"Parafarm\u00e0cia Online - Diet\u00e8tica herbolari fitoter\u00e0pia sense gluten.\" \/>\n<meta property=\"og:image\" content=\"https:\/\/parafarmaonline.com\/wp-content\/uploads\/2021\/12\/fisiocrem-gel-active-600ml.jpg\" \/>\n\t<meta property=\"og:image:width\" content=\"458\" \/>\n\t<meta property=\"og:image:height\" content=\"458\" \/>\n\t<meta property=\"og:image:type\" content=\"image\/jpeg\" \/>\n<meta name=\"twitter:card\" content=\"summary_large_image\" \/>\n<meta name=\"twitter:label1\" content=\"Temps estimat de lectura\" \/>\n\t<meta name=\"twitter:data1\" content=\"1 minut\" \/>\n<script type=\"application\/ld+json\" class=\"yoast-schema-graph\">{\"@context\":\"https:\/\/schema.org\",\"@graph\":[{\"@type\":\"WebPage\",\"@id\":\"https:\/\/parafarmaonline.com\/ca\/producto\/fisiocrem-gel-active-600ml-2\/\",\"url\":\"https:\/\/parafarmaonline.com\/ca\/producto\/fisiocrem-gel-active-600ml-2\/\",\"name\":\"Fisiocrem Gel Active 600ml - Parafarm\u00e0cia Online - Diet\u00e8tica herbolari fitoter\u00e0pia sense gluten.\",\"isPartOf\":{\"@id\":\"https:\/\/parafarmaonline.com\/#website\"},\"primaryImageOfPage\":{\"@id\":\"https:\/\/parafarmaonline.com\/ca\/producto\/fisiocrem-gel-active-600ml-2\/#primaryimage\"},\"image\":{\"@id\":\"https:\/\/parafarmaonline.com\/ca\/producto\/fisiocrem-gel-active-600ml-2\/#primaryimage\"},\"thumbnailUrl\":\"https:\/\/parafarmaonline.com\/wp-content\/uploads\/2021\/12\/fisiocrem-gel-active-600ml.jpg\",\"datePublished\":\"2021-12-21T17:36:23+00:00\",\"dateModified\":\"2021-12-21T17:36:23+00:00\",\"breadcrumb\":{\"@id\":\"https:\/\/parafarmaonline.com\/ca\/producto\/fisiocrem-gel-active-600ml-2\/#breadcrumb\"},\"inLanguage\":\"ca\",\"potentialAction\":[{\"@type\":\"ReadAction\",\"target\":[\"https:\/\/parafarmaonline.com\/ca\/producto\/fisiocrem-gel-active-600ml-2\/\"]}]},{\"@type\":\"ImageObject\",\"inLanguage\":\"ca\",\"@id\":\"https:\/\/parafarmaonline.com\/ca\/producto\/fisiocrem-gel-active-600ml-2\/#primaryimage\",\"url\":\"https:\/\/parafarmaonline.com\/wp-content\/uploads\/2021\/12\/fisiocrem-gel-active-600ml.jpg\",\"contentUrl\":\"https:\/\/parafarmaonline.com\/wp-content\/uploads\/2021\/12\/fisiocrem-gel-active-600ml.jpg\",\"width\":458,\"height\":458},{\"@type\":\"BreadcrumbList\",\"@id\":\"https:\/\/parafarmaonline.com\/ca\/producto\/fisiocrem-gel-active-600ml-2\/#breadcrumb\",\"itemListElement\":[{\"@type\":\"ListItem\",\"position\":1,\"name\":\"Portada\",\"item\":\"https:\/\/parafarmaonline.com\/ca\/\"},{\"@type\":\"ListItem\",\"position\":2,\"name\":\"Botiga\",\"item\":\"https:\/\/parafarmaonline.com\/ca\/botiga\/\"},{\"@type\":\"ListItem\",\"position\":3,\"name\":\"Fisiocrem Gel Active 600ml\"}]},{\"@type\":\"WebSite\",\"@id\":\"https:\/\/parafarmaonline.com\/#website\",\"url\":\"https:\/\/parafarmaonline.com\/\",\"name\":\"Parafarm\u00e0cia Online - Diet\u00e8tica herbolari fitoter\u00e0pia sense gluten.\",\"description\":\"Els productes de parafarm\u00e0cia, diet\u00e8tica i herbolari s\u00f3n cada cop m\u00e9s habituals entre aquelles persones que volen cuidar la seva salut. Parafarma Online s'ha convertit en aquesta farm\u00e0cia en l\u00ednia.\",\"publisher\":{\"@id\":\"https:\/\/parafarmaonline.com\/#\/schema\/person\/3531a2a8cd3f575922327e5b7e16a598\"},\"potentialAction\":[{\"@type\":\"SearchAction\",\"target\":{\"@type\":\"EntryPoint\",\"urlTemplate\":\"https:\/\/parafarmaonline.com\/?s={search_term_string}\"},\"query-input\":\"required name=search_term_string\"}],\"inLanguage\":\"ca\"},{\"@type\":[\"Person\",\"Organization\"],\"@id\":\"https:\/\/parafarmaonline.com\/#\/schema\/person\/3531a2a8cd3f575922327e5b7e16a598\",\"name\":\"farmatural\",\"image\":{\"@type\":\"ImageObject\",\"inLanguage\":\"ca\",\"@id\":\"https:\/\/parafarmaonline.com\/#\/schema\/person\/image\/\",\"url\":\"https:\/\/parafarmaonline.com\/wp-content\/uploads\/2022\/01\/LOGO-PARAFARMA.png\",\"contentUrl\":\"https:\/\/parafarmaonline.com\/wp-content\/uploads\/2022\/01\/LOGO-PARAFARMA.png\",\"width\":371,\"height\":133,\"caption\":\"farmatural\"},\"logo\":{\"@id\":\"https:\/\/parafarmaonline.com\/#\/schema\/person\/image\/\"}}]}<\/script>\n<!-- \/ Yoast SEO plugin. -->","yoast_head_json":{"title":"Fisiocrem Gel Active 600ml - Parafarm\u00e0cia Online - Diet\u00e8tica herbolari fitoter\u00e0pia sense gluten.","robots":{"index":"index","follow":"follow","max-snippet":"max-snippet:-1","max-image-preview":"max-image-preview:large","max-video-preview":"max-video-preview:-1"},"canonical":"https:\/\/parafarmaonline.com\/ca\/producto\/fisiocrem-gel-active-600ml-2\/","og_locale":"ca_ES","og_type":"article","og_title":"Fisiocrem Gel Active 600ml - Parafarm\u00e0cia Online - Diet\u00e8tica herbolari fitoter\u00e0pia sense gluten.","og_description":"Soluci\u00f3 de massatge r\u00e0pid per preparar m\u00fasculs i lligaments o evitar lesions. Apte per a esfor\u00e7os quotidians o exercici f\u00edsic. Cont\u00e9 ingredients naturals coneguts pel seu efecte analg\u00e8sic i antiinflamatori.","og_url":"https:\/\/parafarmaonline.com\/ca\/producto\/fisiocrem-gel-active-600ml-2\/","og_site_name":"Parafarm\u00e0cia Online - Diet\u00e8tica herbolari fitoter\u00e0pia sense gluten.","og_image":[{"width":458,"height":458,"url":"https:\/\/parafarmaonline.com\/wp-content\/uploads\/2021\/12\/fisiocrem-gel-active-600ml.jpg","type":"image\/jpeg"}],"twitter_card":"summary_large_image","twitter_misc":{"Temps estimat de lectura":"1 minut"},"schema":{"@context":"https:\/\/schema.org","@graph":[{"@type":"WebPage","@id":"https:\/\/parafarmaonline.com\/ca\/producto\/fisiocrem-gel-active-600ml-2\/","url":"https:\/\/parafarmaonline.com\/ca\/producto\/fisiocrem-gel-active-600ml-2\/","name":"Fisiocrem Gel Active 600ml - Parafarm\u00e0cia Online - Diet\u00e8tica herbolari fitoter\u00e0pia sense gluten.","isPartOf":{"@id":"https:\/\/parafarmaonline.com\/#website"},"primaryImageOfPage":{"@id":"https:\/\/parafarmaonline.com\/ca\/producto\/fisiocrem-gel-active-600ml-2\/#primaryimage"},"image":{"@id":"https:\/\/parafarmaonline.com\/ca\/producto\/fisiocrem-gel-active-600ml-2\/#primaryimage"},"thumbnailUrl":"https:\/\/parafarmaonline.com\/wp-content\/uploads\/2021\/12\/fisiocrem-gel-active-600ml.jpg","datePublished":"2021-12-21T17:36:23+00:00","dateModified":"2021-12-21T17:36:23+00:00","breadcrumb":{"@id":"https:\/\/parafarmaonline.com\/ca\/producto\/fisiocrem-gel-active-600ml-2\/#breadcrumb"},"inLanguage":"ca","potentialAction":[{"@type":"ReadAction","target":["https:\/\/parafarmaonline.com\/ca\/producto\/fisiocrem-gel-active-600ml-2\/"]}]},{"@type":"ImageObject","inLanguage":"ca","@id":"https:\/\/parafarmaonline.com\/ca\/producto\/fisiocrem-gel-active-600ml-2\/#primaryimage","url":"https:\/\/parafarmaonline.com\/wp-content\/uploads\/2021\/12\/fisiocrem-gel-active-600ml.jpg","contentUrl":"https:\/\/parafarmaonline.com\/wp-content\/uploads\/2021\/12\/fisiocrem-gel-active-600ml.jpg","width":458,"height":458},{"@type":"BreadcrumbList","@id":"https:\/\/parafarmaonline.com\/ca\/producto\/fisiocrem-gel-active-600ml-2\/#breadcrumb","itemListElement":[{"@type":"ListItem","position":1,"name":"Portada","item":"https:\/\/parafarmaonline.com\/ca\/"},{"@type":"ListItem","position":2,"name":"Botiga","item":"https:\/\/parafarmaonline.com\/ca\/botiga\/"},{"@type":"ListItem","position":3,"name":"Fisiocrem Gel Active 600ml"}]},{"@type":"WebSite","@id":"https:\/\/parafarmaonline.com\/#website","url":"https:\/\/parafarmaonline.com\/","name":"Parafarm\u00e0cia Online - Diet\u00e8tica herbolari fitoter\u00e0pia sense gluten.","description":"Els productes de parafarm\u00e0cia, diet\u00e8tica i herbolari s\u00f3n cada cop m\u00e9s habituals entre aquelles persones que volen cuidar la seva salut. Parafarma Online s'ha convertit en aquesta farm\u00e0cia en l\u00ednia.","publisher":{"@id":"https:\/\/parafarmaonline.com\/#\/schema\/person\/3531a2a8cd3f575922327e5b7e16a598"},"potentialAction":[{"@type":"SearchAction","target":{"@type":"EntryPoint","urlTemplate":"https:\/\/parafarmaonline.com\/?s={search_term_string}"},"query-input":"required name=search_term_string"}],"inLanguage":"ca"},{"@type":["Person","Organization"],"@id":"https:\/\/parafarmaonline.com\/#\/schema\/person\/3531a2a8cd3f575922327e5b7e16a598","name":"farmatural","image":{"@type":"ImageObject","inLanguage":"ca","@id":"https:\/\/parafarmaonline.com\/#\/schema\/person\/image\/","url":"https:\/\/parafarmaonline.com\/wp-content\/uploads\/2022\/01\/LOGO-PARAFARMA.png","contentUrl":"https:\/\/parafarmaonline.com\/wp-content\/uploads\/2022\/01\/LOGO-PARAFARMA.png","width":371,"height":133,"caption":"farmatural"},"logo":{"@id":"https:\/\/parafarmaonline.com\/#\/schema\/person\/image\/"}}]}},"brands":[{"id":442,"name":"Fisiocrem","slug":"fisiocrem-ca"}],"_links":{"self":[{"href":"https:\/\/parafarmaonline.com\/ca\/wp-json\/wp\/v2\/product\/4778","targetHints":{"allow":["GET"]}}],"collection":[{"href":"https:\/\/parafarmaonline.com\/ca\/wp-json\/wp\/v2\/product"}],"about":[{"href":"https:\/\/parafarmaonline.com\/ca\/wp-json\/wp\/v2\/types\/product"}],"replies":[{"embeddable":true,"href":"https:\/\/parafarmaonline.com\/ca\/wp-json\/wp\/v2\/comments?post=4778"}],"wp:featuredmedia":[{"embeddable":true,"href":"https:\/\/parafarmaonline.com\/ca\/wp-json\/wp\/v2\/media\/4738"}],"wp:attachment":[{"href":"https:\/\/parafarmaonline.com\/ca\/wp-json\/wp\/v2\/media?parent=4778"}],"wp:term":[{"taxonomy":"pwb-brand","embeddable":true,"href":"https:\/\/parafarmaonline.com\/ca\/wp-json\/wp\/v2\/pwb-brand?post=4778"},{"taxonomy":"product_cat","embeddable":true,"href":"https:\/\/parafarmaonline.com\/ca\/wp-json\/wp\/v2\/product_cat?post=4778"},{"taxonomy":"product_tag","embeddable":true,"href":"https:\/\/parafarmaonline.com\/ca\/wp-json\/wp\/v2\/product_tag?post=4778"}],"curies":[{"name":"wp","href":"https:\/\/api.w.org\/{rel}","templated":true}]}}