{"id":4777,"date":"2021-12-21T14:46:46","date_gmt":"2021-12-21T17:34:31","guid":{"rendered":"https:\/\/parafarmaonline.com\/product\/fisiocrem-golpix-roll-on-15-ml\/"},"modified":"2021-12-21T17:34:31","modified_gmt":"2021-12-21T17:34:31","slug":"fisiocrem-golpix-roll-on-15-ml-2","status":"publish","type":"product","link":"https:\/\/parafarmaonline.com\/ca\/producto\/fisiocrem-golpix-roll-on-15-ml-2\/","title":{"rendered":"Fisiocrem Golpix Roll-on 15 ml"},"content":{"rendered":"<p><strong>Fisiocrem Golpix Roll-on 15 ml<\/strong> \u00e9s una soluci\u00f3 pr\u00e0ctica per alleujar els dolors i la inflamaci\u00f3 que es produeix despr\u00e9s d&#8217;una caiguda o en cas de magulladura. Aquest roll-on cont\u00e9 ingredients naturals coneguts tradicionalment per les seves propietats antiinflamat\u00f2ries. Per exemple, l&#8217;\u00e0rnica i l&#8217;harpagofit redueixen r\u00e0pidament el cop, mentre que el ginkgo evita l&#8217;aparici\u00f3 del blau. Aquest producte pot ser usat per totes la fam\u00edlia fins i tot pels nadons. Un cop aplicat proporciona una agradable sensaci\u00f3 de frescor a la zona afectada.<\/p>\n<h2><strong>Per a qui est\u00e0 indicat?<\/strong><\/h2>\n<p>Est\u00e0 indicat per a aquells que vulguin calmar i refrescar la pell despr\u00e9s d&#8217;una caiguda o magulladura.<\/p>\n<h3><strong>Com s&#8217;hi aplica?<\/strong><\/h3>\n<p>Ho aplicarem sobre la zona afectada, pr\u00e8viament neta i seca, amb un suau massatge. El podrem utilitzar de dues a tres vegades al dia, durant el temps que ho sentim necessari.<\/p>\n<p>Aplicar el roll-on a la zona desitjada, es pot fer servir en petits a partir dels 0 mesos.<\/p>\n<p>No fer servir en ferides obertes.<\/p>\n<p>Aplicar tantes vegades com calgui.<\/p>\n","protected":false},"excerpt":{"rendered":"<p>Roll on d&#8217;\u00fas extern a base d&#8217;\u00e0rnica, harpag\u00f2fit i ginkgo que calma i refresca la pell despr\u00e9s dels cops. Testat pedi\u00e0tricament i dermatol\u00f2gicament. Pot durar fins a 200 aplicacions.<\/p>\n","protected":false},"featured_media":4735,"comment_status":"open","ping_status":"closed","template":"","meta":[],"pwb-brand":[442],"product_cat":[340,333,354,371,343,369,341],"product_tag":[479,595,611,426],"class_list":{"0":"post-4777","1":"product","2":"type-product","3":"status-publish","4":"has-post-thumbnail","6":"pwb-brand-fisiocrem-ca","7":"product_cat-cops-hematomes","8":"product_cat-herbolari","9":"product_cat-infantil-ca","10":"product_cat-lesions","11":"product_cat-musculars","12":"product_cat-ortopedia-ca","13":"product_cat-ossos-articulacions","14":"product_tag-adults","15":"product_tag-cops","16":"product_tag-lesions","17":"product_tag-nens","19":"first","20":"instock","21":"taxable","22":"shipping-taxable","23":"purchasable","24":"product-type-simple"},"yoast_head":"<!-- This site is optimized with the Yoast SEO plugin v22.7 - https:\/\/yoast.com\/wordpress\/plugins\/seo\/ -->\n<title>Fisiocrem Golpix Roll-on 15 ml - Parafarm\u00e0cia Online - Diet\u00e8tica herbolari fitoter\u00e0pia sense gluten.<\/title>\n<meta name=\"robots\" content=\"index, follow, max-snippet:-1, max-image-preview:large, max-video-preview:-1\" \/>\n<link rel=\"canonical\" href=\"https:\/\/parafarmaonline.com\/ca\/producto\/fisiocrem-golpix-roll-on-15-ml-2\/\" \/>\n<meta property=\"og:locale\" content=\"ca_ES\" \/>\n<meta property=\"og:type\" content=\"article\" \/>\n<meta property=\"og:title\" content=\"Fisiocrem Golpix Roll-on 15 ml - Parafarm\u00e0cia Online - Diet\u00e8tica herbolari fitoter\u00e0pia sense gluten.\" \/>\n<meta property=\"og:description\" content=\"Roll on d&#039;\u00fas extern a base d&#039;\u00e0rnica, harpag\u00f2fit i ginkgo que calma i refresca la pell despr\u00e9s dels cops. Testat pedi\u00e0tricament i dermatol\u00f2gicament. Pot durar fins a 200 aplicacions.\" \/>\n<meta property=\"og:url\" content=\"https:\/\/parafarmaonline.com\/ca\/producto\/fisiocrem-golpix-roll-on-15-ml-2\/\" \/>\n<meta property=\"og:site_name\" content=\"Parafarm\u00e0cia Online - Diet\u00e8tica herbolari fitoter\u00e0pia sense gluten.\" \/>\n<meta property=\"og:image\" content=\"https:\/\/parafarmaonline.com\/wp-content\/uploads\/2021\/12\/aquilea-golpix-roll-on-15-ml.jpg\" \/>\n\t<meta property=\"og:image:width\" content=\"458\" \/>\n\t<meta property=\"og:image:height\" content=\"458\" \/>\n\t<meta property=\"og:image:type\" content=\"image\/jpeg\" \/>\n<meta name=\"twitter:card\" content=\"summary_large_image\" \/>\n<meta name=\"twitter:label1\" content=\"Temps estimat de lectura\" \/>\n\t<meta name=\"twitter:data1\" content=\"1 minut\" \/>\n<script type=\"application\/ld+json\" class=\"yoast-schema-graph\">{\"@context\":\"https:\/\/schema.org\",\"@graph\":[{\"@type\":\"WebPage\",\"@id\":\"https:\/\/parafarmaonline.com\/ca\/producto\/fisiocrem-golpix-roll-on-15-ml-2\/\",\"url\":\"https:\/\/parafarmaonline.com\/ca\/producto\/fisiocrem-golpix-roll-on-15-ml-2\/\",\"name\":\"Fisiocrem Golpix Roll-on 15 ml - Parafarm\u00e0cia Online - Diet\u00e8tica herbolari fitoter\u00e0pia sense gluten.\",\"isPartOf\":{\"@id\":\"https:\/\/parafarmaonline.com\/#website\"},\"primaryImageOfPage\":{\"@id\":\"https:\/\/parafarmaonline.com\/ca\/producto\/fisiocrem-golpix-roll-on-15-ml-2\/#primaryimage\"},\"image\":{\"@id\":\"https:\/\/parafarmaonline.com\/ca\/producto\/fisiocrem-golpix-roll-on-15-ml-2\/#primaryimage\"},\"thumbnailUrl\":\"https:\/\/parafarmaonline.com\/wp-content\/uploads\/2021\/12\/aquilea-golpix-roll-on-15-ml.jpg\",\"datePublished\":\"2021-12-21T17:34:31+00:00\",\"dateModified\":\"2021-12-21T17:34:31+00:00\",\"breadcrumb\":{\"@id\":\"https:\/\/parafarmaonline.com\/ca\/producto\/fisiocrem-golpix-roll-on-15-ml-2\/#breadcrumb\"},\"inLanguage\":\"ca\",\"potentialAction\":[{\"@type\":\"ReadAction\",\"target\":[\"https:\/\/parafarmaonline.com\/ca\/producto\/fisiocrem-golpix-roll-on-15-ml-2\/\"]}]},{\"@type\":\"ImageObject\",\"inLanguage\":\"ca\",\"@id\":\"https:\/\/parafarmaonline.com\/ca\/producto\/fisiocrem-golpix-roll-on-15-ml-2\/#primaryimage\",\"url\":\"https:\/\/parafarmaonline.com\/wp-content\/uploads\/2021\/12\/aquilea-golpix-roll-on-15-ml.jpg\",\"contentUrl\":\"https:\/\/parafarmaonline.com\/wp-content\/uploads\/2021\/12\/aquilea-golpix-roll-on-15-ml.jpg\",\"width\":458,\"height\":458},{\"@type\":\"BreadcrumbList\",\"@id\":\"https:\/\/parafarmaonline.com\/ca\/producto\/fisiocrem-golpix-roll-on-15-ml-2\/#breadcrumb\",\"itemListElement\":[{\"@type\":\"ListItem\",\"position\":1,\"name\":\"Portada\",\"item\":\"https:\/\/parafarmaonline.com\/ca\/\"},{\"@type\":\"ListItem\",\"position\":2,\"name\":\"Botiga\",\"item\":\"https:\/\/parafarmaonline.com\/ca\/botiga\/\"},{\"@type\":\"ListItem\",\"position\":3,\"name\":\"Fisiocrem Golpix Roll-on 15 ml\"}]},{\"@type\":\"WebSite\",\"@id\":\"https:\/\/parafarmaonline.com\/#website\",\"url\":\"https:\/\/parafarmaonline.com\/\",\"name\":\"Parafarm\u00e0cia Online - Diet\u00e8tica herbolari fitoter\u00e0pia sense gluten.\",\"description\":\"Els productes de parafarm\u00e0cia, diet\u00e8tica i herbolari s\u00f3n cada cop m\u00e9s habituals entre aquelles persones que volen cuidar la seva salut. Parafarma Online s'ha convertit en aquesta farm\u00e0cia en l\u00ednia.\",\"publisher\":{\"@id\":\"https:\/\/parafarmaonline.com\/#\/schema\/person\/3531a2a8cd3f575922327e5b7e16a598\"},\"potentialAction\":[{\"@type\":\"SearchAction\",\"target\":{\"@type\":\"EntryPoint\",\"urlTemplate\":\"https:\/\/parafarmaonline.com\/?s={search_term_string}\"},\"query-input\":\"required name=search_term_string\"}],\"inLanguage\":\"ca\"},{\"@type\":[\"Person\",\"Organization\"],\"@id\":\"https:\/\/parafarmaonline.com\/#\/schema\/person\/3531a2a8cd3f575922327e5b7e16a598\",\"name\":\"farmatural\",\"image\":{\"@type\":\"ImageObject\",\"inLanguage\":\"ca\",\"@id\":\"https:\/\/parafarmaonline.com\/#\/schema\/person\/image\/\",\"url\":\"https:\/\/parafarmaonline.com\/wp-content\/uploads\/2022\/01\/LOGO-PARAFARMA.png\",\"contentUrl\":\"https:\/\/parafarmaonline.com\/wp-content\/uploads\/2022\/01\/LOGO-PARAFARMA.png\",\"width\":371,\"height\":133,\"caption\":\"farmatural\"},\"logo\":{\"@id\":\"https:\/\/parafarmaonline.com\/#\/schema\/person\/image\/\"}}]}<\/script>\n<!-- \/ Yoast SEO plugin. -->","yoast_head_json":{"title":"Fisiocrem Golpix Roll-on 15 ml - Parafarm\u00e0cia Online - Diet\u00e8tica herbolari fitoter\u00e0pia sense gluten.","robots":{"index":"index","follow":"follow","max-snippet":"max-snippet:-1","max-image-preview":"max-image-preview:large","max-video-preview":"max-video-preview:-1"},"canonical":"https:\/\/parafarmaonline.com\/ca\/producto\/fisiocrem-golpix-roll-on-15-ml-2\/","og_locale":"ca_ES","og_type":"article","og_title":"Fisiocrem Golpix Roll-on 15 ml - Parafarm\u00e0cia Online - Diet\u00e8tica herbolari fitoter\u00e0pia sense gluten.","og_description":"Roll on d'\u00fas extern a base d'\u00e0rnica, harpag\u00f2fit i ginkgo que calma i refresca la pell despr\u00e9s dels cops. Testat pedi\u00e0tricament i dermatol\u00f2gicament. Pot durar fins a 200 aplicacions.","og_url":"https:\/\/parafarmaonline.com\/ca\/producto\/fisiocrem-golpix-roll-on-15-ml-2\/","og_site_name":"Parafarm\u00e0cia Online - Diet\u00e8tica herbolari fitoter\u00e0pia sense gluten.","og_image":[{"width":458,"height":458,"url":"https:\/\/parafarmaonline.com\/wp-content\/uploads\/2021\/12\/aquilea-golpix-roll-on-15-ml.jpg","type":"image\/jpeg"}],"twitter_card":"summary_large_image","twitter_misc":{"Temps estimat de lectura":"1 minut"},"schema":{"@context":"https:\/\/schema.org","@graph":[{"@type":"WebPage","@id":"https:\/\/parafarmaonline.com\/ca\/producto\/fisiocrem-golpix-roll-on-15-ml-2\/","url":"https:\/\/parafarmaonline.com\/ca\/producto\/fisiocrem-golpix-roll-on-15-ml-2\/","name":"Fisiocrem Golpix Roll-on 15 ml - Parafarm\u00e0cia Online - Diet\u00e8tica herbolari fitoter\u00e0pia sense gluten.","isPartOf":{"@id":"https:\/\/parafarmaonline.com\/#website"},"primaryImageOfPage":{"@id":"https:\/\/parafarmaonline.com\/ca\/producto\/fisiocrem-golpix-roll-on-15-ml-2\/#primaryimage"},"image":{"@id":"https:\/\/parafarmaonline.com\/ca\/producto\/fisiocrem-golpix-roll-on-15-ml-2\/#primaryimage"},"thumbnailUrl":"https:\/\/parafarmaonline.com\/wp-content\/uploads\/2021\/12\/aquilea-golpix-roll-on-15-ml.jpg","datePublished":"2021-12-21T17:34:31+00:00","dateModified":"2021-12-21T17:34:31+00:00","breadcrumb":{"@id":"https:\/\/parafarmaonline.com\/ca\/producto\/fisiocrem-golpix-roll-on-15-ml-2\/#breadcrumb"},"inLanguage":"ca","potentialAction":[{"@type":"ReadAction","target":["https:\/\/parafarmaonline.com\/ca\/producto\/fisiocrem-golpix-roll-on-15-ml-2\/"]}]},{"@type":"ImageObject","inLanguage":"ca","@id":"https:\/\/parafarmaonline.com\/ca\/producto\/fisiocrem-golpix-roll-on-15-ml-2\/#primaryimage","url":"https:\/\/parafarmaonline.com\/wp-content\/uploads\/2021\/12\/aquilea-golpix-roll-on-15-ml.jpg","contentUrl":"https:\/\/parafarmaonline.com\/wp-content\/uploads\/2021\/12\/aquilea-golpix-roll-on-15-ml.jpg","width":458,"height":458},{"@type":"BreadcrumbList","@id":"https:\/\/parafarmaonline.com\/ca\/producto\/fisiocrem-golpix-roll-on-15-ml-2\/#breadcrumb","itemListElement":[{"@type":"ListItem","position":1,"name":"Portada","item":"https:\/\/parafarmaonline.com\/ca\/"},{"@type":"ListItem","position":2,"name":"Botiga","item":"https:\/\/parafarmaonline.com\/ca\/botiga\/"},{"@type":"ListItem","position":3,"name":"Fisiocrem Golpix Roll-on 15 ml"}]},{"@type":"WebSite","@id":"https:\/\/parafarmaonline.com\/#website","url":"https:\/\/parafarmaonline.com\/","name":"Parafarm\u00e0cia Online - Diet\u00e8tica herbolari fitoter\u00e0pia sense gluten.","description":"Els productes de parafarm\u00e0cia, diet\u00e8tica i herbolari s\u00f3n cada cop m\u00e9s habituals entre aquelles persones que volen cuidar la seva salut. Parafarma Online s'ha convertit en aquesta farm\u00e0cia en l\u00ednia.","publisher":{"@id":"https:\/\/parafarmaonline.com\/#\/schema\/person\/3531a2a8cd3f575922327e5b7e16a598"},"potentialAction":[{"@type":"SearchAction","target":{"@type":"EntryPoint","urlTemplate":"https:\/\/parafarmaonline.com\/?s={search_term_string}"},"query-input":"required name=search_term_string"}],"inLanguage":"ca"},{"@type":["Person","Organization"],"@id":"https:\/\/parafarmaonline.com\/#\/schema\/person\/3531a2a8cd3f575922327e5b7e16a598","name":"farmatural","image":{"@type":"ImageObject","inLanguage":"ca","@id":"https:\/\/parafarmaonline.com\/#\/schema\/person\/image\/","url":"https:\/\/parafarmaonline.com\/wp-content\/uploads\/2022\/01\/LOGO-PARAFARMA.png","contentUrl":"https:\/\/parafarmaonline.com\/wp-content\/uploads\/2022\/01\/LOGO-PARAFARMA.png","width":371,"height":133,"caption":"farmatural"},"logo":{"@id":"https:\/\/parafarmaonline.com\/#\/schema\/person\/image\/"}}]}},"brands":[{"id":442,"name":"Fisiocrem","slug":"fisiocrem-ca"}],"_links":{"self":[{"href":"https:\/\/parafarmaonline.com\/ca\/wp-json\/wp\/v2\/product\/4777","targetHints":{"allow":["GET"]}}],"collection":[{"href":"https:\/\/parafarmaonline.com\/ca\/wp-json\/wp\/v2\/product"}],"about":[{"href":"https:\/\/parafarmaonline.com\/ca\/wp-json\/wp\/v2\/types\/product"}],"replies":[{"embeddable":true,"href":"https:\/\/parafarmaonline.com\/ca\/wp-json\/wp\/v2\/comments?post=4777"}],"wp:featuredmedia":[{"embeddable":true,"href":"https:\/\/parafarmaonline.com\/ca\/wp-json\/wp\/v2\/media\/4735"}],"wp:attachment":[{"href":"https:\/\/parafarmaonline.com\/ca\/wp-json\/wp\/v2\/media?parent=4777"}],"wp:term":[{"taxonomy":"pwb-brand","embeddable":true,"href":"https:\/\/parafarmaonline.com\/ca\/wp-json\/wp\/v2\/pwb-brand?post=4777"},{"taxonomy":"product_cat","embeddable":true,"href":"https:\/\/parafarmaonline.com\/ca\/wp-json\/wp\/v2\/product_cat?post=4777"},{"taxonomy":"product_tag","embeddable":true,"href":"https:\/\/parafarmaonline.com\/ca\/wp-json\/wp\/v2\/product_tag?post=4777"}],"curies":[{"name":"wp","href":"https:\/\/api.w.org\/{rel}","templated":true}]}}