{"id":4770,"date":"2021-12-21T16:11:32","date_gmt":"2021-12-21T17:00:55","guid":{"rendered":"https:\/\/parafarmaonline.com\/product\/crema-gel-cbd-75-ml-drasanvi\/"},"modified":"2021-12-21T17:00:58","modified_gmt":"2021-12-21T17:00:58","slug":"crema-gel-cbd-75-ml-drasanvi","status":"publish","type":"product","link":"https:\/\/parafarmaonline.com\/ca\/producto\/crema-gel-cbd-75-ml-drasanvi\/","title":{"rendered":"Crema Gel CBD 75 ml Drasanvi"},"content":{"rendered":"<p>Cremigel CBD de Drasanvi \u00e9s un producte amb ingredients naturals que proporcionen una sensaci\u00f3 de benestar i alleugeriment en zones amb mol\u00e8sties musculars i\/o articulars.<br \/>\nEst\u00e0 formulat amb mentol, alcanfor i vanilli, una combinaci\u00f3 d&#8217;ingredients que proporcionen una sensaci\u00f3 de benestar i alleugeriment. No deixa sensaci\u00f3 greixosa a la pell, gr\u00e0cies a la seva agradable textura.<\/p>\n","protected":false},"excerpt":{"rendered":"<p>Crema gel per alleugeriment de mol\u00e8sties musculars i articulars<\/p>\n","protected":false},"featured_media":6228,"comment_status":"open","ping_status":"closed","template":"","meta":[],"pwb-brand":[448],"product_cat":[340,333,343,369,341],"product_tag":[612,596,595,597,611,598],"class_list":{"0":"post-4770","1":"product","2":"type-product","3":"status-publish","4":"has-post-thumbnail","6":"pwb-brand-drasanvi-ca","7":"product_cat-cops-hematomes","8":"product_cat-herbolari","9":"product_cat-musculars","10":"product_cat-ortopedia-ca","11":"product_cat-ossos-articulacions","12":"product_tag-articulacions","13":"product_tag-contractures","14":"product_tag-cops","15":"product_tag-esquincos","16":"product_tag-lesions","17":"product_tag-torcades","19":"first","20":"instock","21":"taxable","22":"shipping-taxable","23":"purchasable","24":"product-type-simple"},"yoast_head":"<!-- This site is optimized with the Yoast SEO plugin v22.7 - https:\/\/yoast.com\/wordpress\/plugins\/seo\/ -->\n<title>Crema Gel CBD 75 ml Drasanvi - Parafarm\u00e0cia Online - Diet\u00e8tica herbolari fitoter\u00e0pia sense gluten.<\/title>\n<meta name=\"robots\" content=\"index, follow, max-snippet:-1, max-image-preview:large, max-video-preview:-1\" \/>\n<link rel=\"canonical\" href=\"https:\/\/parafarmaonline.com\/ca\/producto\/crema-gel-cbd-75-ml-drasanvi\/\" \/>\n<meta property=\"og:locale\" content=\"ca_ES\" \/>\n<meta property=\"og:type\" content=\"article\" \/>\n<meta property=\"og:title\" content=\"Crema Gel CBD 75 ml Drasanvi - Parafarm\u00e0cia Online - Diet\u00e8tica herbolari fitoter\u00e0pia sense gluten.\" \/>\n<meta property=\"og:description\" content=\"Crema gel per alleugeriment de mol\u00e8sties musculars i articulars\" \/>\n<meta property=\"og:url\" content=\"https:\/\/parafarmaonline.com\/ca\/producto\/crema-gel-cbd-75-ml-drasanvi\/\" \/>\n<meta property=\"og:site_name\" content=\"Parafarm\u00e0cia Online - Diet\u00e8tica herbolari fitoter\u00e0pia sense gluten.\" \/>\n<meta property=\"article:modified_time\" content=\"2021-12-21T17:00:58+00:00\" \/>\n<meta name=\"twitter:card\" content=\"summary_large_image\" \/>\n<script type=\"application\/ld+json\" class=\"yoast-schema-graph\">{\"@context\":\"https:\/\/schema.org\",\"@graph\":[{\"@type\":\"WebPage\",\"@id\":\"https:\/\/parafarmaonline.com\/ca\/producto\/crema-gel-cbd-75-ml-drasanvi\/\",\"url\":\"https:\/\/parafarmaonline.com\/ca\/producto\/crema-gel-cbd-75-ml-drasanvi\/\",\"name\":\"Crema Gel CBD 75 ml Drasanvi - Parafarm\u00e0cia Online - Diet\u00e8tica herbolari fitoter\u00e0pia sense gluten.\",\"isPartOf\":{\"@id\":\"https:\/\/parafarmaonline.com\/#website\"},\"primaryImageOfPage\":{\"@id\":\"https:\/\/parafarmaonline.com\/ca\/producto\/crema-gel-cbd-75-ml-drasanvi\/#primaryimage\"},\"image\":{\"@id\":\"https:\/\/parafarmaonline.com\/ca\/producto\/crema-gel-cbd-75-ml-drasanvi\/#primaryimage\"},\"thumbnailUrl\":\"https:\/\/parafarmaonline.com\/wp-content\/uploads\/2021\/12\/032060723-1.png\",\"datePublished\":\"2021-12-21T17:00:55+00:00\",\"dateModified\":\"2021-12-21T17:00:58+00:00\",\"breadcrumb\":{\"@id\":\"https:\/\/parafarmaonline.com\/ca\/producto\/crema-gel-cbd-75-ml-drasanvi\/#breadcrumb\"},\"inLanguage\":\"ca\",\"potentialAction\":[{\"@type\":\"ReadAction\",\"target\":[\"https:\/\/parafarmaonline.com\/ca\/producto\/crema-gel-cbd-75-ml-drasanvi\/\"]}]},{\"@type\":\"ImageObject\",\"inLanguage\":\"ca\",\"@id\":\"https:\/\/parafarmaonline.com\/ca\/producto\/crema-gel-cbd-75-ml-drasanvi\/#primaryimage\",\"url\":\"https:\/\/parafarmaonline.com\/wp-content\/uploads\/2021\/12\/032060723-1.png\",\"contentUrl\":\"https:\/\/parafarmaonline.com\/wp-content\/uploads\/2021\/12\/032060723-1.png\",\"width\":1000,\"height\":1000},{\"@type\":\"BreadcrumbList\",\"@id\":\"https:\/\/parafarmaonline.com\/ca\/producto\/crema-gel-cbd-75-ml-drasanvi\/#breadcrumb\",\"itemListElement\":[{\"@type\":\"ListItem\",\"position\":1,\"name\":\"Portada\",\"item\":\"https:\/\/parafarmaonline.com\/ca\/\"},{\"@type\":\"ListItem\",\"position\":2,\"name\":\"Botiga\",\"item\":\"https:\/\/parafarmaonline.com\/ca\/botiga\/\"},{\"@type\":\"ListItem\",\"position\":3,\"name\":\"Crema Gel CBD 75 ml Drasanvi\"}]},{\"@type\":\"WebSite\",\"@id\":\"https:\/\/parafarmaonline.com\/#website\",\"url\":\"https:\/\/parafarmaonline.com\/\",\"name\":\"Parafarm\u00e0cia Online - Diet\u00e8tica herbolari fitoter\u00e0pia sense gluten.\",\"description\":\"Els productes de parafarm\u00e0cia, diet\u00e8tica i herbolari s\u00f3n cada cop m\u00e9s habituals entre aquelles persones que volen cuidar la seva salut. Parafarma Online s'ha convertit en aquesta farm\u00e0cia en l\u00ednia.\",\"publisher\":{\"@id\":\"https:\/\/parafarmaonline.com\/#\/schema\/person\/3531a2a8cd3f575922327e5b7e16a598\"},\"potentialAction\":[{\"@type\":\"SearchAction\",\"target\":{\"@type\":\"EntryPoint\",\"urlTemplate\":\"https:\/\/parafarmaonline.com\/?s={search_term_string}\"},\"query-input\":\"required name=search_term_string\"}],\"inLanguage\":\"ca\"},{\"@type\":[\"Person\",\"Organization\"],\"@id\":\"https:\/\/parafarmaonline.com\/#\/schema\/person\/3531a2a8cd3f575922327e5b7e16a598\",\"name\":\"farmatural\",\"image\":{\"@type\":\"ImageObject\",\"inLanguage\":\"ca\",\"@id\":\"https:\/\/parafarmaonline.com\/#\/schema\/person\/image\/\",\"url\":\"https:\/\/parafarmaonline.com\/wp-content\/uploads\/2022\/01\/LOGO-PARAFARMA.png\",\"contentUrl\":\"https:\/\/parafarmaonline.com\/wp-content\/uploads\/2022\/01\/LOGO-PARAFARMA.png\",\"width\":371,\"height\":133,\"caption\":\"farmatural\"},\"logo\":{\"@id\":\"https:\/\/parafarmaonline.com\/#\/schema\/person\/image\/\"}}]}<\/script>\n<!-- \/ Yoast SEO plugin. -->","yoast_head_json":{"title":"Crema Gel CBD 75 ml Drasanvi - Parafarm\u00e0cia Online - Diet\u00e8tica herbolari fitoter\u00e0pia sense gluten.","robots":{"index":"index","follow":"follow","max-snippet":"max-snippet:-1","max-image-preview":"max-image-preview:large","max-video-preview":"max-video-preview:-1"},"canonical":"https:\/\/parafarmaonline.com\/ca\/producto\/crema-gel-cbd-75-ml-drasanvi\/","og_locale":"ca_ES","og_type":"article","og_title":"Crema Gel CBD 75 ml Drasanvi - Parafarm\u00e0cia Online - Diet\u00e8tica herbolari fitoter\u00e0pia sense gluten.","og_description":"Crema gel per alleugeriment de mol\u00e8sties musculars i articulars","og_url":"https:\/\/parafarmaonline.com\/ca\/producto\/crema-gel-cbd-75-ml-drasanvi\/","og_site_name":"Parafarm\u00e0cia Online - Diet\u00e8tica herbolari fitoter\u00e0pia sense gluten.","article_modified_time":"2021-12-21T17:00:58+00:00","twitter_card":"summary_large_image","schema":{"@context":"https:\/\/schema.org","@graph":[{"@type":"WebPage","@id":"https:\/\/parafarmaonline.com\/ca\/producto\/crema-gel-cbd-75-ml-drasanvi\/","url":"https:\/\/parafarmaonline.com\/ca\/producto\/crema-gel-cbd-75-ml-drasanvi\/","name":"Crema Gel CBD 75 ml Drasanvi - Parafarm\u00e0cia Online - Diet\u00e8tica herbolari fitoter\u00e0pia sense gluten.","isPartOf":{"@id":"https:\/\/parafarmaonline.com\/#website"},"primaryImageOfPage":{"@id":"https:\/\/parafarmaonline.com\/ca\/producto\/crema-gel-cbd-75-ml-drasanvi\/#primaryimage"},"image":{"@id":"https:\/\/parafarmaonline.com\/ca\/producto\/crema-gel-cbd-75-ml-drasanvi\/#primaryimage"},"thumbnailUrl":"https:\/\/parafarmaonline.com\/wp-content\/uploads\/2021\/12\/032060723-1.png","datePublished":"2021-12-21T17:00:55+00:00","dateModified":"2021-12-21T17:00:58+00:00","breadcrumb":{"@id":"https:\/\/parafarmaonline.com\/ca\/producto\/crema-gel-cbd-75-ml-drasanvi\/#breadcrumb"},"inLanguage":"ca","potentialAction":[{"@type":"ReadAction","target":["https:\/\/parafarmaonline.com\/ca\/producto\/crema-gel-cbd-75-ml-drasanvi\/"]}]},{"@type":"ImageObject","inLanguage":"ca","@id":"https:\/\/parafarmaonline.com\/ca\/producto\/crema-gel-cbd-75-ml-drasanvi\/#primaryimage","url":"https:\/\/parafarmaonline.com\/wp-content\/uploads\/2021\/12\/032060723-1.png","contentUrl":"https:\/\/parafarmaonline.com\/wp-content\/uploads\/2021\/12\/032060723-1.png","width":1000,"height":1000},{"@type":"BreadcrumbList","@id":"https:\/\/parafarmaonline.com\/ca\/producto\/crema-gel-cbd-75-ml-drasanvi\/#breadcrumb","itemListElement":[{"@type":"ListItem","position":1,"name":"Portada","item":"https:\/\/parafarmaonline.com\/ca\/"},{"@type":"ListItem","position":2,"name":"Botiga","item":"https:\/\/parafarmaonline.com\/ca\/botiga\/"},{"@type":"ListItem","position":3,"name":"Crema Gel CBD 75 ml Drasanvi"}]},{"@type":"WebSite","@id":"https:\/\/parafarmaonline.com\/#website","url":"https:\/\/parafarmaonline.com\/","name":"Parafarm\u00e0cia Online - Diet\u00e8tica herbolari fitoter\u00e0pia sense gluten.","description":"Els productes de parafarm\u00e0cia, diet\u00e8tica i herbolari s\u00f3n cada cop m\u00e9s habituals entre aquelles persones que volen cuidar la seva salut. Parafarma Online s'ha convertit en aquesta farm\u00e0cia en l\u00ednia.","publisher":{"@id":"https:\/\/parafarmaonline.com\/#\/schema\/person\/3531a2a8cd3f575922327e5b7e16a598"},"potentialAction":[{"@type":"SearchAction","target":{"@type":"EntryPoint","urlTemplate":"https:\/\/parafarmaonline.com\/?s={search_term_string}"},"query-input":"required name=search_term_string"}],"inLanguage":"ca"},{"@type":["Person","Organization"],"@id":"https:\/\/parafarmaonline.com\/#\/schema\/person\/3531a2a8cd3f575922327e5b7e16a598","name":"farmatural","image":{"@type":"ImageObject","inLanguage":"ca","@id":"https:\/\/parafarmaonline.com\/#\/schema\/person\/image\/","url":"https:\/\/parafarmaonline.com\/wp-content\/uploads\/2022\/01\/LOGO-PARAFARMA.png","contentUrl":"https:\/\/parafarmaonline.com\/wp-content\/uploads\/2022\/01\/LOGO-PARAFARMA.png","width":371,"height":133,"caption":"farmatural"},"logo":{"@id":"https:\/\/parafarmaonline.com\/#\/schema\/person\/image\/"}}]}},"brands":[{"id":448,"name":"Drasanvi","slug":"drasanvi-ca"}],"_links":{"self":[{"href":"https:\/\/parafarmaonline.com\/ca\/wp-json\/wp\/v2\/product\/4770","targetHints":{"allow":["GET"]}}],"collection":[{"href":"https:\/\/parafarmaonline.com\/ca\/wp-json\/wp\/v2\/product"}],"about":[{"href":"https:\/\/parafarmaonline.com\/ca\/wp-json\/wp\/v2\/types\/product"}],"replies":[{"embeddable":true,"href":"https:\/\/parafarmaonline.com\/ca\/wp-json\/wp\/v2\/comments?post=4770"}],"wp:featuredmedia":[{"embeddable":true,"href":"https:\/\/parafarmaonline.com\/ca\/wp-json\/wp\/v2\/media\/6228"}],"wp:attachment":[{"href":"https:\/\/parafarmaonline.com\/ca\/wp-json\/wp\/v2\/media?parent=4770"}],"wp:term":[{"taxonomy":"pwb-brand","embeddable":true,"href":"https:\/\/parafarmaonline.com\/ca\/wp-json\/wp\/v2\/pwb-brand?post=4770"},{"taxonomy":"product_cat","embeddable":true,"href":"https:\/\/parafarmaonline.com\/ca\/wp-json\/wp\/v2\/product_cat?post=4770"},{"taxonomy":"product_tag","embeddable":true,"href":"https:\/\/parafarmaonline.com\/ca\/wp-json\/wp\/v2\/product_tag?post=4770"}],"curies":[{"name":"wp","href":"https:\/\/api.w.org\/{rel}","templated":true}]}}