{"id":4768,"date":"2021-12-21T16:28:09","date_gmt":"2021-12-21T16:54:54","guid":{"rendered":"https:\/\/parafarmaonline.com\/product\/arnidol-gel-stick-15gr\/"},"modified":"2021-12-21T16:54:54","modified_gmt":"2021-12-21T16:54:54","slug":"arnidol-gel-stick-15gr-2","status":"publish","type":"product","link":"https:\/\/parafarmaonline.com\/ca\/producto\/arnidol-gel-stick-15gr-2\/","title":{"rendered":"Arnidol Gel Stick 15gr"},"content":{"rendered":"<p><strong>Arnidol Gel Stick 15 ml <\/strong>\u00e9s una soluci\u00f3 en gel pensada especialment per alleugerir els cops que es produeixen els nens, de forma t\u00edpica i quotidiana Aquesta soluci\u00f3 alleujar\u00e0 el dolor calmant-lo i refrescant la pell, gr\u00e0cies a la seva composici\u00f3 on trobem: gel d&#8217;\u00e0rnica. A m\u00e9s, el seu c\u00f2mode format ens permetr\u00e0 poder portar-lo sempre amb nosaltres.<\/p>\n<p><strong>Per a qui est\u00e0 indicat?<\/strong><\/p>\n<p>Est\u00e0 indicat per a aquells que vulguin alleujar la pell que ha patit un cop, caiguda o picada de mosquit. Indicat per a nens amb m\u00e9s de 3 anys.<\/p>\n<p><strong>Com s&#8217;hi aplica?<\/strong><\/p>\n<p>Fregar suaument la barra a la zona desitjada, en cercles de fora cap a dins de la zona daplicaci\u00f3. Repetir l&#8217;aplicaci\u00f3 tantes vegades com calgui.<\/p>\n","protected":false},"excerpt":{"rendered":"<p>Arnidol Gel en forma de Stick ideal i c\u00f2mode per portar a tot arreu. Gr\u00e0cies a la seva composici\u00f3 amb \u00e0rnica i harpag\u00f2fit calma el dolor despr\u00e9s de cop o un lleuger dolor muscular. Ajuda tamb\u00e9 al dolor provocat despr\u00e9s dels cl\u00e0ssics cops dels nens.<\/p>\n","protected":false},"featured_media":4766,"comment_status":"open","ping_status":"closed","template":"","meta":[],"pwb-brand":[486],"product_cat":[340,333,354],"product_tag":[595,426],"class_list":{"0":"post-4768","1":"product","2":"type-product","3":"status-publish","4":"has-post-thumbnail","6":"pwb-brand-arnidol-ca","7":"product_cat-cops-hematomes","8":"product_cat-herbolari","9":"product_cat-infantil-ca","10":"product_tag-cops","11":"product_tag-nens","13":"first","14":"instock","15":"taxable","16":"shipping-taxable","17":"purchasable","18":"product-type-simple"},"yoast_head":"<!-- This site is optimized with the Yoast SEO plugin v22.7 - https:\/\/yoast.com\/wordpress\/plugins\/seo\/ -->\n<title>Arnidol Gel Stick 15gr - Parafarm\u00e0cia Online - Diet\u00e8tica herbolari fitoter\u00e0pia sense gluten.<\/title>\n<meta name=\"robots\" content=\"index, follow, max-snippet:-1, max-image-preview:large, max-video-preview:-1\" \/>\n<link rel=\"canonical\" href=\"https:\/\/parafarmaonline.com\/ca\/producto\/arnidol-gel-stick-15gr-2\/\" \/>\n<meta property=\"og:locale\" content=\"ca_ES\" \/>\n<meta property=\"og:type\" content=\"article\" \/>\n<meta property=\"og:title\" content=\"Arnidol Gel Stick 15gr - Parafarm\u00e0cia Online - Diet\u00e8tica herbolari fitoter\u00e0pia sense gluten.\" \/>\n<meta property=\"og:description\" content=\"Arnidol Gel en forma de Stick ideal i c\u00f2mode per portar a tot arreu. Gr\u00e0cies a la seva composici\u00f3 amb \u00e0rnica i harpag\u00f2fit calma el dolor despr\u00e9s de cop o un lleuger dolor muscular. Ajuda tamb\u00e9 al dolor provocat despr\u00e9s dels cl\u00e0ssics cops dels nens.\" \/>\n<meta property=\"og:url\" content=\"https:\/\/parafarmaonline.com\/ca\/producto\/arnidol-gel-stick-15gr-2\/\" \/>\n<meta property=\"og:site_name\" content=\"Parafarm\u00e0cia Online - Diet\u00e8tica herbolari fitoter\u00e0pia sense gluten.\" \/>\n<meta property=\"og:image\" content=\"https:\/\/parafarmaonline.com\/wp-content\/uploads\/2021\/12\/arnidol-gel-stick-15-ml.jpg\" \/>\n\t<meta property=\"og:image:width\" content=\"458\" \/>\n\t<meta property=\"og:image:height\" content=\"458\" \/>\n\t<meta property=\"og:image:type\" content=\"image\/jpeg\" \/>\n<meta name=\"twitter:card\" content=\"summary_large_image\" \/>\n<meta name=\"twitter:label1\" content=\"Temps estimat de lectura\" \/>\n\t<meta name=\"twitter:data1\" content=\"1 minut\" \/>\n<script type=\"application\/ld+json\" class=\"yoast-schema-graph\">{\"@context\":\"https:\/\/schema.org\",\"@graph\":[{\"@type\":\"WebPage\",\"@id\":\"https:\/\/parafarmaonline.com\/ca\/producto\/arnidol-gel-stick-15gr-2\/\",\"url\":\"https:\/\/parafarmaonline.com\/ca\/producto\/arnidol-gel-stick-15gr-2\/\",\"name\":\"Arnidol Gel Stick 15gr - Parafarm\u00e0cia Online - Diet\u00e8tica herbolari fitoter\u00e0pia sense gluten.\",\"isPartOf\":{\"@id\":\"https:\/\/parafarmaonline.com\/#website\"},\"primaryImageOfPage\":{\"@id\":\"https:\/\/parafarmaonline.com\/ca\/producto\/arnidol-gel-stick-15gr-2\/#primaryimage\"},\"image\":{\"@id\":\"https:\/\/parafarmaonline.com\/ca\/producto\/arnidol-gel-stick-15gr-2\/#primaryimage\"},\"thumbnailUrl\":\"https:\/\/parafarmaonline.com\/wp-content\/uploads\/2021\/12\/arnidol-gel-stick-15-ml.jpg\",\"datePublished\":\"2021-12-21T16:54:54+00:00\",\"dateModified\":\"2021-12-21T16:54:54+00:00\",\"breadcrumb\":{\"@id\":\"https:\/\/parafarmaonline.com\/ca\/producto\/arnidol-gel-stick-15gr-2\/#breadcrumb\"},\"inLanguage\":\"ca\",\"potentialAction\":[{\"@type\":\"ReadAction\",\"target\":[\"https:\/\/parafarmaonline.com\/ca\/producto\/arnidol-gel-stick-15gr-2\/\"]}]},{\"@type\":\"ImageObject\",\"inLanguage\":\"ca\",\"@id\":\"https:\/\/parafarmaonline.com\/ca\/producto\/arnidol-gel-stick-15gr-2\/#primaryimage\",\"url\":\"https:\/\/parafarmaonline.com\/wp-content\/uploads\/2021\/12\/arnidol-gel-stick-15-ml.jpg\",\"contentUrl\":\"https:\/\/parafarmaonline.com\/wp-content\/uploads\/2021\/12\/arnidol-gel-stick-15-ml.jpg\",\"width\":458,\"height\":458},{\"@type\":\"BreadcrumbList\",\"@id\":\"https:\/\/parafarmaonline.com\/ca\/producto\/arnidol-gel-stick-15gr-2\/#breadcrumb\",\"itemListElement\":[{\"@type\":\"ListItem\",\"position\":1,\"name\":\"Portada\",\"item\":\"https:\/\/parafarmaonline.com\/ca\/\"},{\"@type\":\"ListItem\",\"position\":2,\"name\":\"Botiga\",\"item\":\"https:\/\/parafarmaonline.com\/ca\/botiga\/\"},{\"@type\":\"ListItem\",\"position\":3,\"name\":\"Arnidol Gel Stick 15gr\"}]},{\"@type\":\"WebSite\",\"@id\":\"https:\/\/parafarmaonline.com\/#website\",\"url\":\"https:\/\/parafarmaonline.com\/\",\"name\":\"Parafarm\u00e0cia Online - Diet\u00e8tica herbolari fitoter\u00e0pia sense gluten.\",\"description\":\"Els productes de parafarm\u00e0cia, diet\u00e8tica i herbolari s\u00f3n cada cop m\u00e9s habituals entre aquelles persones que volen cuidar la seva salut. Parafarma Online s'ha convertit en aquesta farm\u00e0cia en l\u00ednia.\",\"publisher\":{\"@id\":\"https:\/\/parafarmaonline.com\/#\/schema\/person\/3531a2a8cd3f575922327e5b7e16a598\"},\"potentialAction\":[{\"@type\":\"SearchAction\",\"target\":{\"@type\":\"EntryPoint\",\"urlTemplate\":\"https:\/\/parafarmaonline.com\/?s={search_term_string}\"},\"query-input\":\"required name=search_term_string\"}],\"inLanguage\":\"ca\"},{\"@type\":[\"Person\",\"Organization\"],\"@id\":\"https:\/\/parafarmaonline.com\/#\/schema\/person\/3531a2a8cd3f575922327e5b7e16a598\",\"name\":\"farmatural\",\"image\":{\"@type\":\"ImageObject\",\"inLanguage\":\"ca\",\"@id\":\"https:\/\/parafarmaonline.com\/#\/schema\/person\/image\/\",\"url\":\"https:\/\/parafarmaonline.com\/wp-content\/uploads\/2022\/01\/LOGO-PARAFARMA.png\",\"contentUrl\":\"https:\/\/parafarmaonline.com\/wp-content\/uploads\/2022\/01\/LOGO-PARAFARMA.png\",\"width\":371,\"height\":133,\"caption\":\"farmatural\"},\"logo\":{\"@id\":\"https:\/\/parafarmaonline.com\/#\/schema\/person\/image\/\"}}]}<\/script>\n<!-- \/ Yoast SEO plugin. -->","yoast_head_json":{"title":"Arnidol Gel Stick 15gr - Parafarm\u00e0cia Online - Diet\u00e8tica herbolari fitoter\u00e0pia sense gluten.","robots":{"index":"index","follow":"follow","max-snippet":"max-snippet:-1","max-image-preview":"max-image-preview:large","max-video-preview":"max-video-preview:-1"},"canonical":"https:\/\/parafarmaonline.com\/ca\/producto\/arnidol-gel-stick-15gr-2\/","og_locale":"ca_ES","og_type":"article","og_title":"Arnidol Gel Stick 15gr - Parafarm\u00e0cia Online - Diet\u00e8tica herbolari fitoter\u00e0pia sense gluten.","og_description":"Arnidol Gel en forma de Stick ideal i c\u00f2mode per portar a tot arreu. Gr\u00e0cies a la seva composici\u00f3 amb \u00e0rnica i harpag\u00f2fit calma el dolor despr\u00e9s de cop o un lleuger dolor muscular. Ajuda tamb\u00e9 al dolor provocat despr\u00e9s dels cl\u00e0ssics cops dels nens.","og_url":"https:\/\/parafarmaonline.com\/ca\/producto\/arnidol-gel-stick-15gr-2\/","og_site_name":"Parafarm\u00e0cia Online - Diet\u00e8tica herbolari fitoter\u00e0pia sense gluten.","og_image":[{"width":458,"height":458,"url":"https:\/\/parafarmaonline.com\/wp-content\/uploads\/2021\/12\/arnidol-gel-stick-15-ml.jpg","type":"image\/jpeg"}],"twitter_card":"summary_large_image","twitter_misc":{"Temps estimat de lectura":"1 minut"},"schema":{"@context":"https:\/\/schema.org","@graph":[{"@type":"WebPage","@id":"https:\/\/parafarmaonline.com\/ca\/producto\/arnidol-gel-stick-15gr-2\/","url":"https:\/\/parafarmaonline.com\/ca\/producto\/arnidol-gel-stick-15gr-2\/","name":"Arnidol Gel Stick 15gr - Parafarm\u00e0cia Online - Diet\u00e8tica herbolari fitoter\u00e0pia sense gluten.","isPartOf":{"@id":"https:\/\/parafarmaonline.com\/#website"},"primaryImageOfPage":{"@id":"https:\/\/parafarmaonline.com\/ca\/producto\/arnidol-gel-stick-15gr-2\/#primaryimage"},"image":{"@id":"https:\/\/parafarmaonline.com\/ca\/producto\/arnidol-gel-stick-15gr-2\/#primaryimage"},"thumbnailUrl":"https:\/\/parafarmaonline.com\/wp-content\/uploads\/2021\/12\/arnidol-gel-stick-15-ml.jpg","datePublished":"2021-12-21T16:54:54+00:00","dateModified":"2021-12-21T16:54:54+00:00","breadcrumb":{"@id":"https:\/\/parafarmaonline.com\/ca\/producto\/arnidol-gel-stick-15gr-2\/#breadcrumb"},"inLanguage":"ca","potentialAction":[{"@type":"ReadAction","target":["https:\/\/parafarmaonline.com\/ca\/producto\/arnidol-gel-stick-15gr-2\/"]}]},{"@type":"ImageObject","inLanguage":"ca","@id":"https:\/\/parafarmaonline.com\/ca\/producto\/arnidol-gel-stick-15gr-2\/#primaryimage","url":"https:\/\/parafarmaonline.com\/wp-content\/uploads\/2021\/12\/arnidol-gel-stick-15-ml.jpg","contentUrl":"https:\/\/parafarmaonline.com\/wp-content\/uploads\/2021\/12\/arnidol-gel-stick-15-ml.jpg","width":458,"height":458},{"@type":"BreadcrumbList","@id":"https:\/\/parafarmaonline.com\/ca\/producto\/arnidol-gel-stick-15gr-2\/#breadcrumb","itemListElement":[{"@type":"ListItem","position":1,"name":"Portada","item":"https:\/\/parafarmaonline.com\/ca\/"},{"@type":"ListItem","position":2,"name":"Botiga","item":"https:\/\/parafarmaonline.com\/ca\/botiga\/"},{"@type":"ListItem","position":3,"name":"Arnidol Gel Stick 15gr"}]},{"@type":"WebSite","@id":"https:\/\/parafarmaonline.com\/#website","url":"https:\/\/parafarmaonline.com\/","name":"Parafarm\u00e0cia Online - Diet\u00e8tica herbolari fitoter\u00e0pia sense gluten.","description":"Els productes de parafarm\u00e0cia, diet\u00e8tica i herbolari s\u00f3n cada cop m\u00e9s habituals entre aquelles persones que volen cuidar la seva salut. Parafarma Online s'ha convertit en aquesta farm\u00e0cia en l\u00ednia.","publisher":{"@id":"https:\/\/parafarmaonline.com\/#\/schema\/person\/3531a2a8cd3f575922327e5b7e16a598"},"potentialAction":[{"@type":"SearchAction","target":{"@type":"EntryPoint","urlTemplate":"https:\/\/parafarmaonline.com\/?s={search_term_string}"},"query-input":"required name=search_term_string"}],"inLanguage":"ca"},{"@type":["Person","Organization"],"@id":"https:\/\/parafarmaonline.com\/#\/schema\/person\/3531a2a8cd3f575922327e5b7e16a598","name":"farmatural","image":{"@type":"ImageObject","inLanguage":"ca","@id":"https:\/\/parafarmaonline.com\/#\/schema\/person\/image\/","url":"https:\/\/parafarmaonline.com\/wp-content\/uploads\/2022\/01\/LOGO-PARAFARMA.png","contentUrl":"https:\/\/parafarmaonline.com\/wp-content\/uploads\/2022\/01\/LOGO-PARAFARMA.png","width":371,"height":133,"caption":"farmatural"},"logo":{"@id":"https:\/\/parafarmaonline.com\/#\/schema\/person\/image\/"}}]}},"brands":[{"id":486,"name":"Arnidol","slug":"arnidol-ca"}],"_links":{"self":[{"href":"https:\/\/parafarmaonline.com\/ca\/wp-json\/wp\/v2\/product\/4768","targetHints":{"allow":["GET"]}}],"collection":[{"href":"https:\/\/parafarmaonline.com\/ca\/wp-json\/wp\/v2\/product"}],"about":[{"href":"https:\/\/parafarmaonline.com\/ca\/wp-json\/wp\/v2\/types\/product"}],"replies":[{"embeddable":true,"href":"https:\/\/parafarmaonline.com\/ca\/wp-json\/wp\/v2\/comments?post=4768"}],"wp:featuredmedia":[{"embeddable":true,"href":"https:\/\/parafarmaonline.com\/ca\/wp-json\/wp\/v2\/media\/4766"}],"wp:attachment":[{"href":"https:\/\/parafarmaonline.com\/ca\/wp-json\/wp\/v2\/media?parent=4768"}],"wp:term":[{"taxonomy":"pwb-brand","embeddable":true,"href":"https:\/\/parafarmaonline.com\/ca\/wp-json\/wp\/v2\/pwb-brand?post=4768"},{"taxonomy":"product_cat","embeddable":true,"href":"https:\/\/parafarmaonline.com\/ca\/wp-json\/wp\/v2\/product_cat?post=4768"},{"taxonomy":"product_tag","embeddable":true,"href":"https:\/\/parafarmaonline.com\/ca\/wp-json\/wp\/v2\/product_tag?post=4768"}],"curies":[{"name":"wp","href":"https:\/\/api.w.org\/{rel}","templated":true}]}}