{"id":4703,"date":"2021-12-17T11:43:55","date_gmt":"2021-12-20T11:52:15","guid":{"rendered":"https:\/\/parafarmaonline.com\/product\/drasanvi-xarop-balsamic-aranja-150ml\/"},"modified":"2021-12-20T11:56:55","modified_gmt":"2021-12-20T11:56:55","slug":"drasanvi-jarabe-balsamico-pomelo-150ml","status":"publish","type":"product","link":"https:\/\/parafarmaonline.com\/ca\/producto\/drasanvi-jarabe-balsamico-pomelo-150ml\/","title":{"rendered":"Drasanvi Xarop Bals\u00e0mic Aranja 150ml"},"content":{"rendered":"<p><strong>Drasanvi Jarabe Bals\u00e0mic Aranja 150ml \u00e9s un complement alimentari en la composici\u00f3 del qual es troben gran quantitat d&#8217;extractes vegetals estandarditzats: Llavor de aranja, Malv\u00ed, Liquen d&#8217;Isl\u00e0ndia i Sol d&#8217;or.<\/strong> A m\u00e9s, cont\u00e9 un afegit de pr\u00f2polis i N-Acetilciste\u00efna. Tot aix\u00f2 i la resta dels components fan d&#8217;aquest complement alimentari una aportaci\u00f3 considerable a les funcions defensives del nostre organisme. Va acompanyat d&#8217;un got dosificador per aportar precisi\u00f3 a la presa del producte.<\/p>\n<p><strong>Per a qui est\u00e0 indicat?<\/strong><\/p>\n<p>Est\u00e0 indicat per a aquells que vulguin cuidar el sistema immunitari o refor\u00e7ar les defenses.<\/p>\n<p><strong>Com s&#8217;hi aplica?<\/strong><\/p>\n<p>Agitar abans d&#8217;usar. Prendre 15 ml dues vegades al dia amb el got dosificador.<\/p>\n","protected":false},"excerpt":{"rendered":"<p>\u00c9s un complement alimentari en la composici\u00f3 del qual es troben gran quantitat d&#8217;extractes vegetals estandarditzats per refor\u00e7ar el sistema immune.<\/p>\n","protected":false},"featured_media":4705,"comment_status":"open","ping_status":"closed","template":"","meta":[],"pwb-brand":[448],"product_cat":[335,333],"product_tag":[479,583,476,395,463,465],"class_list":{"0":"post-4703","1":"product","2":"type-product","3":"status-publish","4":"has-post-thumbnail","6":"pwb-brand-drasanvi-ca","7":"product_cat-aparell-respiratori","8":"product_cat-herbolari","9":"product_tag-adults","10":"product_tag-mal-de-coll","11":"product_tag-minerals","12":"product_tag-refredat","13":"product_tag-sistema-inmunitari","14":"product_tag-vitamines","16":"first","17":"instock","18":"taxable","19":"shipping-taxable","20":"purchasable","21":"product-type-simple"},"yoast_head":"<!-- This site is optimized with the Yoast SEO plugin v22.7 - https:\/\/yoast.com\/wordpress\/plugins\/seo\/ -->\n<title>Drasanvi Xarop Bals\u00e0mic Aranja 150ml - Parafarm\u00e0cia Online - Diet\u00e8tica herbolari fitoter\u00e0pia sense gluten.<\/title>\n<meta name=\"robots\" content=\"index, follow, max-snippet:-1, max-image-preview:large, max-video-preview:-1\" \/>\n<link rel=\"canonical\" href=\"https:\/\/parafarmaonline.com\/ca\/producto\/drasanvi-jarabe-balsamico-pomelo-150ml\/\" \/>\n<meta property=\"og:locale\" content=\"ca_ES\" \/>\n<meta property=\"og:type\" content=\"article\" \/>\n<meta property=\"og:title\" content=\"Drasanvi Xarop Bals\u00e0mic Aranja 150ml - Parafarm\u00e0cia Online - Diet\u00e8tica herbolari fitoter\u00e0pia sense gluten.\" \/>\n<meta property=\"og:description\" content=\"\u00c9s un complement alimentari en la composici\u00f3 del qual es troben gran quantitat d&#039;extractes vegetals estandarditzats per refor\u00e7ar el sistema immune.\" \/>\n<meta property=\"og:url\" content=\"https:\/\/parafarmaonline.com\/ca\/producto\/drasanvi-jarabe-balsamico-pomelo-150ml\/\" \/>\n<meta property=\"og:site_name\" content=\"Parafarm\u00e0cia Online - Diet\u00e8tica herbolari fitoter\u00e0pia sense gluten.\" \/>\n<meta property=\"article:modified_time\" content=\"2021-12-20T11:56:55+00:00\" \/>\n<meta property=\"og:image\" content=\"https:\/\/parafarmaonline.com\/wp-content\/uploads\/2021\/12\/032050179.png\" \/>\n\t<meta property=\"og:image:width\" content=\"1000\" \/>\n\t<meta property=\"og:image:height\" content=\"1000\" \/>\n\t<meta property=\"og:image:type\" content=\"image\/png\" \/>\n<meta name=\"twitter:card\" content=\"summary_large_image\" \/>\n<meta name=\"twitter:label1\" content=\"Temps estimat de lectura\" \/>\n\t<meta name=\"twitter:data1\" content=\"1 minut\" \/>\n<script type=\"application\/ld+json\" class=\"yoast-schema-graph\">{\"@context\":\"https:\/\/schema.org\",\"@graph\":[{\"@type\":\"WebPage\",\"@id\":\"https:\/\/parafarmaonline.com\/ca\/producto\/drasanvi-jarabe-balsamico-pomelo-150ml\/\",\"url\":\"https:\/\/parafarmaonline.com\/ca\/producto\/drasanvi-jarabe-balsamico-pomelo-150ml\/\",\"name\":\"Drasanvi Xarop Bals\u00e0mic Aranja 150ml - Parafarm\u00e0cia Online - Diet\u00e8tica herbolari fitoter\u00e0pia sense gluten.\",\"isPartOf\":{\"@id\":\"https:\/\/parafarmaonline.com\/#website\"},\"primaryImageOfPage\":{\"@id\":\"https:\/\/parafarmaonline.com\/ca\/producto\/drasanvi-jarabe-balsamico-pomelo-150ml\/#primaryimage\"},\"image\":{\"@id\":\"https:\/\/parafarmaonline.com\/ca\/producto\/drasanvi-jarabe-balsamico-pomelo-150ml\/#primaryimage\"},\"thumbnailUrl\":\"https:\/\/parafarmaonline.com\/wp-content\/uploads\/2021\/12\/032050179.png\",\"datePublished\":\"2021-12-20T11:52:15+00:00\",\"dateModified\":\"2021-12-20T11:56:55+00:00\",\"breadcrumb\":{\"@id\":\"https:\/\/parafarmaonline.com\/ca\/producto\/drasanvi-jarabe-balsamico-pomelo-150ml\/#breadcrumb\"},\"inLanguage\":\"ca\",\"potentialAction\":[{\"@type\":\"ReadAction\",\"target\":[\"https:\/\/parafarmaonline.com\/ca\/producto\/drasanvi-jarabe-balsamico-pomelo-150ml\/\"]}]},{\"@type\":\"ImageObject\",\"inLanguage\":\"ca\",\"@id\":\"https:\/\/parafarmaonline.com\/ca\/producto\/drasanvi-jarabe-balsamico-pomelo-150ml\/#primaryimage\",\"url\":\"https:\/\/parafarmaonline.com\/wp-content\/uploads\/2021\/12\/032050179.png\",\"contentUrl\":\"https:\/\/parafarmaonline.com\/wp-content\/uploads\/2021\/12\/032050179.png\",\"width\":1000,\"height\":1000},{\"@type\":\"BreadcrumbList\",\"@id\":\"https:\/\/parafarmaonline.com\/ca\/producto\/drasanvi-jarabe-balsamico-pomelo-150ml\/#breadcrumb\",\"itemListElement\":[{\"@type\":\"ListItem\",\"position\":1,\"name\":\"Portada\",\"item\":\"https:\/\/parafarmaonline.com\/ca\/\"},{\"@type\":\"ListItem\",\"position\":2,\"name\":\"Botiga\",\"item\":\"https:\/\/parafarmaonline.com\/ca\/botiga\/\"},{\"@type\":\"ListItem\",\"position\":3,\"name\":\"Drasanvi Xarop Bals\u00e0mic Aranja 150ml\"}]},{\"@type\":\"WebSite\",\"@id\":\"https:\/\/parafarmaonline.com\/#website\",\"url\":\"https:\/\/parafarmaonline.com\/\",\"name\":\"Parafarm\u00e0cia Online - Diet\u00e8tica herbolari fitoter\u00e0pia sense gluten.\",\"description\":\"Els productes de parafarm\u00e0cia, diet\u00e8tica i herbolari s\u00f3n cada cop m\u00e9s habituals entre aquelles persones que volen cuidar la seva salut. Parafarma Online s'ha convertit en aquesta farm\u00e0cia en l\u00ednia.\",\"publisher\":{\"@id\":\"https:\/\/parafarmaonline.com\/#\/schema\/person\/3531a2a8cd3f575922327e5b7e16a598\"},\"potentialAction\":[{\"@type\":\"SearchAction\",\"target\":{\"@type\":\"EntryPoint\",\"urlTemplate\":\"https:\/\/parafarmaonline.com\/?s={search_term_string}\"},\"query-input\":\"required name=search_term_string\"}],\"inLanguage\":\"ca\"},{\"@type\":[\"Person\",\"Organization\"],\"@id\":\"https:\/\/parafarmaonline.com\/#\/schema\/person\/3531a2a8cd3f575922327e5b7e16a598\",\"name\":\"farmatural\",\"image\":{\"@type\":\"ImageObject\",\"inLanguage\":\"ca\",\"@id\":\"https:\/\/parafarmaonline.com\/#\/schema\/person\/image\/\",\"url\":\"https:\/\/parafarmaonline.com\/wp-content\/uploads\/2022\/01\/LOGO-PARAFARMA.png\",\"contentUrl\":\"https:\/\/parafarmaonline.com\/wp-content\/uploads\/2022\/01\/LOGO-PARAFARMA.png\",\"width\":371,\"height\":133,\"caption\":\"farmatural\"},\"logo\":{\"@id\":\"https:\/\/parafarmaonline.com\/#\/schema\/person\/image\/\"}}]}<\/script>\n<!-- \/ Yoast SEO plugin. -->","yoast_head_json":{"title":"Drasanvi Xarop Bals\u00e0mic Aranja 150ml - Parafarm\u00e0cia Online - Diet\u00e8tica herbolari fitoter\u00e0pia sense gluten.","robots":{"index":"index","follow":"follow","max-snippet":"max-snippet:-1","max-image-preview":"max-image-preview:large","max-video-preview":"max-video-preview:-1"},"canonical":"https:\/\/parafarmaonline.com\/ca\/producto\/drasanvi-jarabe-balsamico-pomelo-150ml\/","og_locale":"ca_ES","og_type":"article","og_title":"Drasanvi Xarop Bals\u00e0mic Aranja 150ml - Parafarm\u00e0cia Online - Diet\u00e8tica herbolari fitoter\u00e0pia sense gluten.","og_description":"\u00c9s un complement alimentari en la composici\u00f3 del qual es troben gran quantitat d'extractes vegetals estandarditzats per refor\u00e7ar el sistema immune.","og_url":"https:\/\/parafarmaonline.com\/ca\/producto\/drasanvi-jarabe-balsamico-pomelo-150ml\/","og_site_name":"Parafarm\u00e0cia Online - Diet\u00e8tica herbolari fitoter\u00e0pia sense gluten.","article_modified_time":"2021-12-20T11:56:55+00:00","og_image":[{"width":1000,"height":1000,"url":"https:\/\/parafarmaonline.com\/wp-content\/uploads\/2021\/12\/032050179.png","type":"image\/png"}],"twitter_card":"summary_large_image","twitter_misc":{"Temps estimat de lectura":"1 minut"},"schema":{"@context":"https:\/\/schema.org","@graph":[{"@type":"WebPage","@id":"https:\/\/parafarmaonline.com\/ca\/producto\/drasanvi-jarabe-balsamico-pomelo-150ml\/","url":"https:\/\/parafarmaonline.com\/ca\/producto\/drasanvi-jarabe-balsamico-pomelo-150ml\/","name":"Drasanvi Xarop Bals\u00e0mic Aranja 150ml - Parafarm\u00e0cia Online - Diet\u00e8tica herbolari fitoter\u00e0pia sense gluten.","isPartOf":{"@id":"https:\/\/parafarmaonline.com\/#website"},"primaryImageOfPage":{"@id":"https:\/\/parafarmaonline.com\/ca\/producto\/drasanvi-jarabe-balsamico-pomelo-150ml\/#primaryimage"},"image":{"@id":"https:\/\/parafarmaonline.com\/ca\/producto\/drasanvi-jarabe-balsamico-pomelo-150ml\/#primaryimage"},"thumbnailUrl":"https:\/\/parafarmaonline.com\/wp-content\/uploads\/2021\/12\/032050179.png","datePublished":"2021-12-20T11:52:15+00:00","dateModified":"2021-12-20T11:56:55+00:00","breadcrumb":{"@id":"https:\/\/parafarmaonline.com\/ca\/producto\/drasanvi-jarabe-balsamico-pomelo-150ml\/#breadcrumb"},"inLanguage":"ca","potentialAction":[{"@type":"ReadAction","target":["https:\/\/parafarmaonline.com\/ca\/producto\/drasanvi-jarabe-balsamico-pomelo-150ml\/"]}]},{"@type":"ImageObject","inLanguage":"ca","@id":"https:\/\/parafarmaonline.com\/ca\/producto\/drasanvi-jarabe-balsamico-pomelo-150ml\/#primaryimage","url":"https:\/\/parafarmaonline.com\/wp-content\/uploads\/2021\/12\/032050179.png","contentUrl":"https:\/\/parafarmaonline.com\/wp-content\/uploads\/2021\/12\/032050179.png","width":1000,"height":1000},{"@type":"BreadcrumbList","@id":"https:\/\/parafarmaonline.com\/ca\/producto\/drasanvi-jarabe-balsamico-pomelo-150ml\/#breadcrumb","itemListElement":[{"@type":"ListItem","position":1,"name":"Portada","item":"https:\/\/parafarmaonline.com\/ca\/"},{"@type":"ListItem","position":2,"name":"Botiga","item":"https:\/\/parafarmaonline.com\/ca\/botiga\/"},{"@type":"ListItem","position":3,"name":"Drasanvi Xarop Bals\u00e0mic Aranja 150ml"}]},{"@type":"WebSite","@id":"https:\/\/parafarmaonline.com\/#website","url":"https:\/\/parafarmaonline.com\/","name":"Parafarm\u00e0cia Online - Diet\u00e8tica herbolari fitoter\u00e0pia sense gluten.","description":"Els productes de parafarm\u00e0cia, diet\u00e8tica i herbolari s\u00f3n cada cop m\u00e9s habituals entre aquelles persones que volen cuidar la seva salut. Parafarma Online s'ha convertit en aquesta farm\u00e0cia en l\u00ednia.","publisher":{"@id":"https:\/\/parafarmaonline.com\/#\/schema\/person\/3531a2a8cd3f575922327e5b7e16a598"},"potentialAction":[{"@type":"SearchAction","target":{"@type":"EntryPoint","urlTemplate":"https:\/\/parafarmaonline.com\/?s={search_term_string}"},"query-input":"required name=search_term_string"}],"inLanguage":"ca"},{"@type":["Person","Organization"],"@id":"https:\/\/parafarmaonline.com\/#\/schema\/person\/3531a2a8cd3f575922327e5b7e16a598","name":"farmatural","image":{"@type":"ImageObject","inLanguage":"ca","@id":"https:\/\/parafarmaonline.com\/#\/schema\/person\/image\/","url":"https:\/\/parafarmaonline.com\/wp-content\/uploads\/2022\/01\/LOGO-PARAFARMA.png","contentUrl":"https:\/\/parafarmaonline.com\/wp-content\/uploads\/2022\/01\/LOGO-PARAFARMA.png","width":371,"height":133,"caption":"farmatural"},"logo":{"@id":"https:\/\/parafarmaonline.com\/#\/schema\/person\/image\/"}}]}},"brands":[{"id":448,"name":"Drasanvi","slug":"drasanvi-ca"}],"_links":{"self":[{"href":"https:\/\/parafarmaonline.com\/ca\/wp-json\/wp\/v2\/product\/4703","targetHints":{"allow":["GET"]}}],"collection":[{"href":"https:\/\/parafarmaonline.com\/ca\/wp-json\/wp\/v2\/product"}],"about":[{"href":"https:\/\/parafarmaonline.com\/ca\/wp-json\/wp\/v2\/types\/product"}],"replies":[{"embeddable":true,"href":"https:\/\/parafarmaonline.com\/ca\/wp-json\/wp\/v2\/comments?post=4703"}],"wp:featuredmedia":[{"embeddable":true,"href":"https:\/\/parafarmaonline.com\/ca\/wp-json\/wp\/v2\/media\/4705"}],"wp:attachment":[{"href":"https:\/\/parafarmaonline.com\/ca\/wp-json\/wp\/v2\/media?parent=4703"}],"wp:term":[{"taxonomy":"pwb-brand","embeddable":true,"href":"https:\/\/parafarmaonline.com\/ca\/wp-json\/wp\/v2\/pwb-brand?post=4703"},{"taxonomy":"product_cat","embeddable":true,"href":"https:\/\/parafarmaonline.com\/ca\/wp-json\/wp\/v2\/product_cat?post=4703"},{"taxonomy":"product_tag","embeddable":true,"href":"https:\/\/parafarmaonline.com\/ca\/wp-json\/wp\/v2\/product_tag?post=4703"}],"curies":[{"name":"wp","href":"https:\/\/api.w.org\/{rel}","templated":true}]}}