{"id":4626,"date":"2021-12-16T12:31:14","date_gmt":"2021-12-16T16:39:41","guid":{"rendered":"https:\/\/parafarmaonline.com\/product\/redoxon-extra-defenses-vitamines-sabor-taronja-30-comprimits-efervescents\/"},"modified":"2021-12-16T16:39:41","modified_gmt":"2021-12-16T16:39:41","slug":"redoxon-extra-defensas-vitaminas-sabor-naranja-30-comprimidos-efervescentes-2","status":"publish","type":"product","link":"https:\/\/parafarmaonline.com\/ca\/producto\/redoxon-extra-defensas-vitaminas-sabor-naranja-30-comprimidos-efervescentes-2\/","title":{"rendered":"Redoxon Extra Defenses Vitamines Sabor Taronja 30 Comprimits Efervescents"},"content":{"rendered":"<p>REDOXON Extra Defenses amb vitamina C, D i zinc:<\/p>\n<ul>\n<li>Ajuda al funcionament normal del sistema immunitari davant d&#8217;agressions externes.<\/li>\n<li>Contribueix a la protecci\u00f3 de les c\u00e8l\u00b7lules davant del dany oxidatiu.<\/li>\n<li>Ajuda a la formaci\u00f3 normal de col\u00b7lagen per al funcionament normal de la pell.<\/li>\n<li>Delici\u00f3s sabor taronja.<\/li>\n<\/ul>\n<h2><strong>Per a qui est\u00e0 indicat Redoxon Extra Defensas?<\/strong><\/h2>\n<p><strong>Redoxon Extra Defensas<\/strong> \u00e9s perfecte per a adults i nens m\u00e9s grans de 12 anys.<\/p>\n<h3><strong>Com es pren Redoxon Extra Defensas?<\/strong><\/h3>\n<p>Cal prendre un comprimit al dia dissolt en un got d&#8217;aigua amb 200 ml m\u00e9s o menys de contingut. Es deixa dissoldre el comprimit fins a la seva completa barreja.<\/p>\n","protected":false},"excerpt":{"rendered":"<p>Cont\u00e9 vitamines C i D i zinc, amb acci\u00f3 antioxidant que protegeixen de l&#8217;estr\u00e8s oxidatiu les c\u00e8l\u00b7lules del sistema immunitari.<\/p>\n","protected":false},"featured_media":4579,"comment_status":"open","ping_status":"closed","template":"","meta":[],"pwb-brand":[556],"product_cat":[338,339,333,363,368],"product_tag":[479,477,458,478,395,463,465],"class_list":{"0":"post-4626","1":"product","2":"type-product","3":"status-publish","4":"has-post-thumbnail","6":"pwb-brand-redoxon-ca","7":"product_cat-defenses","8":"product_cat-fatiga-cansament","9":"product_cat-herbolari","10":"product_cat-nutricio","11":"product_cat-vitamines","12":"product_tag-adults","13":"product_tag-cansament","14":"product_tag-defenses","15":"product_tag-fatiga-ca","16":"product_tag-refredat","17":"product_tag-sistema-inmunitari","18":"product_tag-vitamines","20":"first","21":"instock","22":"taxable","23":"shipping-taxable","24":"purchasable","25":"product-type-simple"},"yoast_head":"<!-- This site is optimized with the Yoast SEO plugin v22.7 - https:\/\/yoast.com\/wordpress\/plugins\/seo\/ -->\n<title>Redoxon Extra Defenses Vitamines Sabor Taronja 30 Comprimits Efervescents - Parafarm\u00e0cia Online - Diet\u00e8tica herbolari fitoter\u00e0pia sense gluten.<\/title>\n<meta name=\"robots\" content=\"index, follow, max-snippet:-1, max-image-preview:large, max-video-preview:-1\" \/>\n<link rel=\"canonical\" href=\"https:\/\/parafarmaonline.com\/ca\/producto\/redoxon-extra-defensas-vitaminas-sabor-naranja-30-comprimidos-efervescentes-2\/\" \/>\n<meta property=\"og:locale\" content=\"ca_ES\" \/>\n<meta property=\"og:type\" content=\"article\" \/>\n<meta property=\"og:title\" content=\"Redoxon Extra Defenses Vitamines Sabor Taronja 30 Comprimits Efervescents - Parafarm\u00e0cia Online - Diet\u00e8tica herbolari fitoter\u00e0pia sense gluten.\" \/>\n<meta property=\"og:description\" content=\"Cont\u00e9 vitamines C i D i zinc, amb acci\u00f3 antioxidant que protegeixen de l&#039;estr\u00e8s oxidatiu les c\u00e8l\u00b7lules del sistema immunitari.\" \/>\n<meta property=\"og:url\" content=\"https:\/\/parafarmaonline.com\/ca\/producto\/redoxon-extra-defensas-vitaminas-sabor-naranja-30-comprimidos-efervescentes-2\/\" \/>\n<meta property=\"og:site_name\" content=\"Parafarm\u00e0cia Online - Diet\u00e8tica herbolari fitoter\u00e0pia sense gluten.\" \/>\n<meta property=\"og:image\" content=\"https:\/\/parafarmaonline.com\/wp-content\/uploads\/2021\/12\/redoxon-doble-accion-30-comprimidos-efervescentes-sabor-naranja.jpg\" \/>\n\t<meta property=\"og:image:width\" content=\"458\" \/>\n\t<meta property=\"og:image:height\" content=\"458\" \/>\n\t<meta property=\"og:image:type\" content=\"image\/jpeg\" \/>\n<meta name=\"twitter:card\" content=\"summary_large_image\" \/>\n<meta name=\"twitter:label1\" content=\"Temps estimat de lectura\" \/>\n\t<meta name=\"twitter:data1\" content=\"1 minut\" \/>\n<script type=\"application\/ld+json\" class=\"yoast-schema-graph\">{\"@context\":\"https:\/\/schema.org\",\"@graph\":[{\"@type\":\"WebPage\",\"@id\":\"https:\/\/parafarmaonline.com\/ca\/producto\/redoxon-extra-defensas-vitaminas-sabor-naranja-30-comprimidos-efervescentes-2\/\",\"url\":\"https:\/\/parafarmaonline.com\/ca\/producto\/redoxon-extra-defensas-vitaminas-sabor-naranja-30-comprimidos-efervescentes-2\/\",\"name\":\"Redoxon Extra Defenses Vitamines Sabor Taronja 30 Comprimits Efervescents - Parafarm\u00e0cia Online - Diet\u00e8tica herbolari fitoter\u00e0pia sense gluten.\",\"isPartOf\":{\"@id\":\"https:\/\/parafarmaonline.com\/#website\"},\"primaryImageOfPage\":{\"@id\":\"https:\/\/parafarmaonline.com\/ca\/producto\/redoxon-extra-defensas-vitaminas-sabor-naranja-30-comprimidos-efervescentes-2\/#primaryimage\"},\"image\":{\"@id\":\"https:\/\/parafarmaonline.com\/ca\/producto\/redoxon-extra-defensas-vitaminas-sabor-naranja-30-comprimidos-efervescentes-2\/#primaryimage\"},\"thumbnailUrl\":\"https:\/\/parafarmaonline.com\/wp-content\/uploads\/2021\/12\/redoxon-doble-accion-30-comprimidos-efervescentes-sabor-naranja.jpg\",\"datePublished\":\"2021-12-16T16:39:41+00:00\",\"dateModified\":\"2021-12-16T16:39:41+00:00\",\"breadcrumb\":{\"@id\":\"https:\/\/parafarmaonline.com\/ca\/producto\/redoxon-extra-defensas-vitaminas-sabor-naranja-30-comprimidos-efervescentes-2\/#breadcrumb\"},\"inLanguage\":\"ca\",\"potentialAction\":[{\"@type\":\"ReadAction\",\"target\":[\"https:\/\/parafarmaonline.com\/ca\/producto\/redoxon-extra-defensas-vitaminas-sabor-naranja-30-comprimidos-efervescentes-2\/\"]}]},{\"@type\":\"ImageObject\",\"inLanguage\":\"ca\",\"@id\":\"https:\/\/parafarmaonline.com\/ca\/producto\/redoxon-extra-defensas-vitaminas-sabor-naranja-30-comprimidos-efervescentes-2\/#primaryimage\",\"url\":\"https:\/\/parafarmaonline.com\/wp-content\/uploads\/2021\/12\/redoxon-doble-accion-30-comprimidos-efervescentes-sabor-naranja.jpg\",\"contentUrl\":\"https:\/\/parafarmaonline.com\/wp-content\/uploads\/2021\/12\/redoxon-doble-accion-30-comprimidos-efervescentes-sabor-naranja.jpg\",\"width\":458,\"height\":458},{\"@type\":\"BreadcrumbList\",\"@id\":\"https:\/\/parafarmaonline.com\/ca\/producto\/redoxon-extra-defensas-vitaminas-sabor-naranja-30-comprimidos-efervescentes-2\/#breadcrumb\",\"itemListElement\":[{\"@type\":\"ListItem\",\"position\":1,\"name\":\"Portada\",\"item\":\"https:\/\/parafarmaonline.com\/ca\/\"},{\"@type\":\"ListItem\",\"position\":2,\"name\":\"Botiga\",\"item\":\"https:\/\/parafarmaonline.com\/ca\/botiga\/\"},{\"@type\":\"ListItem\",\"position\":3,\"name\":\"Redoxon Extra Defenses Vitamines Sabor Taronja 30 Comprimits Efervescents\"}]},{\"@type\":\"WebSite\",\"@id\":\"https:\/\/parafarmaonline.com\/#website\",\"url\":\"https:\/\/parafarmaonline.com\/\",\"name\":\"Parafarm\u00e0cia Online - Diet\u00e8tica herbolari fitoter\u00e0pia sense gluten.\",\"description\":\"Els productes de parafarm\u00e0cia, diet\u00e8tica i herbolari s\u00f3n cada cop m\u00e9s habituals entre aquelles persones que volen cuidar la seva salut. Parafarma Online s'ha convertit en aquesta farm\u00e0cia en l\u00ednia.\",\"publisher\":{\"@id\":\"https:\/\/parafarmaonline.com\/#\/schema\/person\/3531a2a8cd3f575922327e5b7e16a598\"},\"potentialAction\":[{\"@type\":\"SearchAction\",\"target\":{\"@type\":\"EntryPoint\",\"urlTemplate\":\"https:\/\/parafarmaonline.com\/?s={search_term_string}\"},\"query-input\":\"required name=search_term_string\"}],\"inLanguage\":\"ca\"},{\"@type\":[\"Person\",\"Organization\"],\"@id\":\"https:\/\/parafarmaonline.com\/#\/schema\/person\/3531a2a8cd3f575922327e5b7e16a598\",\"name\":\"farmatural\",\"image\":{\"@type\":\"ImageObject\",\"inLanguage\":\"ca\",\"@id\":\"https:\/\/parafarmaonline.com\/#\/schema\/person\/image\/\",\"url\":\"https:\/\/parafarmaonline.com\/wp-content\/uploads\/2022\/01\/LOGO-PARAFARMA.png\",\"contentUrl\":\"https:\/\/parafarmaonline.com\/wp-content\/uploads\/2022\/01\/LOGO-PARAFARMA.png\",\"width\":371,\"height\":133,\"caption\":\"farmatural\"},\"logo\":{\"@id\":\"https:\/\/parafarmaonline.com\/#\/schema\/person\/image\/\"}}]}<\/script>\n<!-- \/ Yoast SEO plugin. -->","yoast_head_json":{"title":"Redoxon Extra Defenses Vitamines Sabor Taronja 30 Comprimits Efervescents - Parafarm\u00e0cia Online - Diet\u00e8tica herbolari fitoter\u00e0pia sense gluten.","robots":{"index":"index","follow":"follow","max-snippet":"max-snippet:-1","max-image-preview":"max-image-preview:large","max-video-preview":"max-video-preview:-1"},"canonical":"https:\/\/parafarmaonline.com\/ca\/producto\/redoxon-extra-defensas-vitaminas-sabor-naranja-30-comprimidos-efervescentes-2\/","og_locale":"ca_ES","og_type":"article","og_title":"Redoxon Extra Defenses Vitamines Sabor Taronja 30 Comprimits Efervescents - Parafarm\u00e0cia Online - Diet\u00e8tica herbolari fitoter\u00e0pia sense gluten.","og_description":"Cont\u00e9 vitamines C i D i zinc, amb acci\u00f3 antioxidant que protegeixen de l'estr\u00e8s oxidatiu les c\u00e8l\u00b7lules del sistema immunitari.","og_url":"https:\/\/parafarmaonline.com\/ca\/producto\/redoxon-extra-defensas-vitaminas-sabor-naranja-30-comprimidos-efervescentes-2\/","og_site_name":"Parafarm\u00e0cia Online - Diet\u00e8tica herbolari fitoter\u00e0pia sense gluten.","og_image":[{"width":458,"height":458,"url":"https:\/\/parafarmaonline.com\/wp-content\/uploads\/2021\/12\/redoxon-doble-accion-30-comprimidos-efervescentes-sabor-naranja.jpg","type":"image\/jpeg"}],"twitter_card":"summary_large_image","twitter_misc":{"Temps estimat de lectura":"1 minut"},"schema":{"@context":"https:\/\/schema.org","@graph":[{"@type":"WebPage","@id":"https:\/\/parafarmaonline.com\/ca\/producto\/redoxon-extra-defensas-vitaminas-sabor-naranja-30-comprimidos-efervescentes-2\/","url":"https:\/\/parafarmaonline.com\/ca\/producto\/redoxon-extra-defensas-vitaminas-sabor-naranja-30-comprimidos-efervescentes-2\/","name":"Redoxon Extra Defenses Vitamines Sabor Taronja 30 Comprimits Efervescents - Parafarm\u00e0cia Online - Diet\u00e8tica herbolari fitoter\u00e0pia sense gluten.","isPartOf":{"@id":"https:\/\/parafarmaonline.com\/#website"},"primaryImageOfPage":{"@id":"https:\/\/parafarmaonline.com\/ca\/producto\/redoxon-extra-defensas-vitaminas-sabor-naranja-30-comprimidos-efervescentes-2\/#primaryimage"},"image":{"@id":"https:\/\/parafarmaonline.com\/ca\/producto\/redoxon-extra-defensas-vitaminas-sabor-naranja-30-comprimidos-efervescentes-2\/#primaryimage"},"thumbnailUrl":"https:\/\/parafarmaonline.com\/wp-content\/uploads\/2021\/12\/redoxon-doble-accion-30-comprimidos-efervescentes-sabor-naranja.jpg","datePublished":"2021-12-16T16:39:41+00:00","dateModified":"2021-12-16T16:39:41+00:00","breadcrumb":{"@id":"https:\/\/parafarmaonline.com\/ca\/producto\/redoxon-extra-defensas-vitaminas-sabor-naranja-30-comprimidos-efervescentes-2\/#breadcrumb"},"inLanguage":"ca","potentialAction":[{"@type":"ReadAction","target":["https:\/\/parafarmaonline.com\/ca\/producto\/redoxon-extra-defensas-vitaminas-sabor-naranja-30-comprimidos-efervescentes-2\/"]}]},{"@type":"ImageObject","inLanguage":"ca","@id":"https:\/\/parafarmaonline.com\/ca\/producto\/redoxon-extra-defensas-vitaminas-sabor-naranja-30-comprimidos-efervescentes-2\/#primaryimage","url":"https:\/\/parafarmaonline.com\/wp-content\/uploads\/2021\/12\/redoxon-doble-accion-30-comprimidos-efervescentes-sabor-naranja.jpg","contentUrl":"https:\/\/parafarmaonline.com\/wp-content\/uploads\/2021\/12\/redoxon-doble-accion-30-comprimidos-efervescentes-sabor-naranja.jpg","width":458,"height":458},{"@type":"BreadcrumbList","@id":"https:\/\/parafarmaonline.com\/ca\/producto\/redoxon-extra-defensas-vitaminas-sabor-naranja-30-comprimidos-efervescentes-2\/#breadcrumb","itemListElement":[{"@type":"ListItem","position":1,"name":"Portada","item":"https:\/\/parafarmaonline.com\/ca\/"},{"@type":"ListItem","position":2,"name":"Botiga","item":"https:\/\/parafarmaonline.com\/ca\/botiga\/"},{"@type":"ListItem","position":3,"name":"Redoxon Extra Defenses Vitamines Sabor Taronja 30 Comprimits Efervescents"}]},{"@type":"WebSite","@id":"https:\/\/parafarmaonline.com\/#website","url":"https:\/\/parafarmaonline.com\/","name":"Parafarm\u00e0cia Online - Diet\u00e8tica herbolari fitoter\u00e0pia sense gluten.","description":"Els productes de parafarm\u00e0cia, diet\u00e8tica i herbolari s\u00f3n cada cop m\u00e9s habituals entre aquelles persones que volen cuidar la seva salut. Parafarma Online s'ha convertit en aquesta farm\u00e0cia en l\u00ednia.","publisher":{"@id":"https:\/\/parafarmaonline.com\/#\/schema\/person\/3531a2a8cd3f575922327e5b7e16a598"},"potentialAction":[{"@type":"SearchAction","target":{"@type":"EntryPoint","urlTemplate":"https:\/\/parafarmaonline.com\/?s={search_term_string}"},"query-input":"required name=search_term_string"}],"inLanguage":"ca"},{"@type":["Person","Organization"],"@id":"https:\/\/parafarmaonline.com\/#\/schema\/person\/3531a2a8cd3f575922327e5b7e16a598","name":"farmatural","image":{"@type":"ImageObject","inLanguage":"ca","@id":"https:\/\/parafarmaonline.com\/#\/schema\/person\/image\/","url":"https:\/\/parafarmaonline.com\/wp-content\/uploads\/2022\/01\/LOGO-PARAFARMA.png","contentUrl":"https:\/\/parafarmaonline.com\/wp-content\/uploads\/2022\/01\/LOGO-PARAFARMA.png","width":371,"height":133,"caption":"farmatural"},"logo":{"@id":"https:\/\/parafarmaonline.com\/#\/schema\/person\/image\/"}}]}},"brands":[{"id":556,"name":"Redoxon","slug":"redoxon-ca"}],"_links":{"self":[{"href":"https:\/\/parafarmaonline.com\/ca\/wp-json\/wp\/v2\/product\/4626","targetHints":{"allow":["GET"]}}],"collection":[{"href":"https:\/\/parafarmaonline.com\/ca\/wp-json\/wp\/v2\/product"}],"about":[{"href":"https:\/\/parafarmaonline.com\/ca\/wp-json\/wp\/v2\/types\/product"}],"replies":[{"embeddable":true,"href":"https:\/\/parafarmaonline.com\/ca\/wp-json\/wp\/v2\/comments?post=4626"}],"wp:featuredmedia":[{"embeddable":true,"href":"https:\/\/parafarmaonline.com\/ca\/wp-json\/wp\/v2\/media\/4579"}],"wp:attachment":[{"href":"https:\/\/parafarmaonline.com\/ca\/wp-json\/wp\/v2\/media?parent=4626"}],"wp:term":[{"taxonomy":"pwb-brand","embeddable":true,"href":"https:\/\/parafarmaonline.com\/ca\/wp-json\/wp\/v2\/pwb-brand?post=4626"},{"taxonomy":"product_cat","embeddable":true,"href":"https:\/\/parafarmaonline.com\/ca\/wp-json\/wp\/v2\/product_cat?post=4626"},{"taxonomy":"product_tag","embeddable":true,"href":"https:\/\/parafarmaonline.com\/ca\/wp-json\/wp\/v2\/product_tag?post=4626"}],"curies":[{"name":"wp","href":"https:\/\/api.w.org\/{rel}","templated":true}]}}