{"id":4625,"date":"2021-12-16T12:40:37","date_gmt":"2021-12-16T16:36:15","guid":{"rendered":"https:\/\/parafarmaonline.com\/product\/redoxon-llimona-vitamines-defenses-30-comprimits-efervescents\/"},"modified":"2021-12-16T16:36:15","modified_gmt":"2021-12-16T16:36:15","slug":"redoxon-limon-vitaminas-defensas-30-comprimidos-efervescentes-2","status":"publish","type":"product","link":"https:\/\/parafarmaonline.com\/ca\/producto\/redoxon-limon-vitaminas-defensas-30-comprimidos-efervescentes-2\/","title":{"rendered":"Redoxon Llimona Vitamines Defenses 30 Comprimits Efervescents"},"content":{"rendered":"<p><strong>Redoxon Vitamina C<\/strong> es un complement alimentari de Redoxon amb vitamina C que protegeix el sistema immunitari dels processos conseq\u00fcents del fred. La vitamina C protegeix les c\u00e8l\u00b7lules davant del dany oxidatiu. A m\u00e9s, contribueix la formaci\u00f3 normal de col\u00b7lagen per al funcionament normal de la pell i afavoreix l&#8217;absorci\u00f3 del ferro.<\/p>\n<p>Sabor llimona.<\/p>\n<p><strong>Per a qui est\u00e0 indicat?<\/strong><\/p>\n<p><b>Redoxon Efervescent<\/b> est\u00e0 indicat per a adults i nens majors de 12 anys que busquen protegir el seu sistema immunitari d&#8217;agressions externes com el fred.<\/p>\n<p><strong>Com es pren?<\/strong><\/p>\n<p>Prendre 1 comprimit de <b>Redoxon Vitamina C<\/b> un cop al dia amb l&#8217;esmorzar. Cal dissoldre el comprimit en un got d&#8217;aigua.<\/p>\n","protected":false},"excerpt":{"rendered":"<p>Complement alimentari amb vitamina C que refor\u00e7a el sistema immunitari. Especialment indicat per ajudar les defenses en \u00e8poques de fred. Agradable sabor llimona.<\/p>\n","protected":false},"featured_media":4588,"comment_status":"open","ping_status":"closed","template":"","meta":[],"pwb-brand":[556],"product_cat":[338,339,333,363,368],"product_tag":[479,477,458,478,395,463,465],"class_list":{"0":"post-4625","1":"product","2":"type-product","3":"status-publish","4":"has-post-thumbnail","6":"pwb-brand-redoxon-ca","7":"product_cat-defenses","8":"product_cat-fatiga-cansament","9":"product_cat-herbolari","10":"product_cat-nutricio","11":"product_cat-vitamines","12":"product_tag-adults","13":"product_tag-cansament","14":"product_tag-defenses","15":"product_tag-fatiga-ca","16":"product_tag-refredat","17":"product_tag-sistema-inmunitari","18":"product_tag-vitamines","20":"first","21":"instock","22":"taxable","23":"shipping-taxable","24":"purchasable","25":"product-type-simple"},"yoast_head":"<!-- This site is optimized with the Yoast SEO plugin v22.7 - https:\/\/yoast.com\/wordpress\/plugins\/seo\/ -->\n<title>Redoxon Llimona Vitamines Defenses 30 Comprimits Efervescents - Parafarm\u00e0cia Online - Diet\u00e8tica herbolari fitoter\u00e0pia sense gluten.<\/title>\n<meta name=\"robots\" content=\"index, follow, max-snippet:-1, max-image-preview:large, max-video-preview:-1\" \/>\n<link rel=\"canonical\" href=\"https:\/\/parafarmaonline.com\/ca\/producto\/redoxon-limon-vitaminas-defensas-30-comprimidos-efervescentes-2\/\" \/>\n<meta property=\"og:locale\" content=\"ca_ES\" \/>\n<meta property=\"og:type\" content=\"article\" \/>\n<meta property=\"og:title\" content=\"Redoxon Llimona Vitamines Defenses 30 Comprimits Efervescents - Parafarm\u00e0cia Online - Diet\u00e8tica herbolari fitoter\u00e0pia sense gluten.\" \/>\n<meta property=\"og:description\" content=\"Complement alimentari amb vitamina C que refor\u00e7a el sistema immunitari. Especialment indicat per ajudar les defenses en \u00e8poques de fred. Agradable sabor llimona.\" \/>\n<meta property=\"og:url\" content=\"https:\/\/parafarmaonline.com\/ca\/producto\/redoxon-limon-vitaminas-defensas-30-comprimidos-efervescentes-2\/\" \/>\n<meta property=\"og:site_name\" content=\"Parafarm\u00e0cia Online - Diet\u00e8tica herbolari fitoter\u00e0pia sense gluten.\" \/>\n<meta property=\"og:image\" content=\"https:\/\/parafarmaonline.com\/wp-content\/uploads\/2021\/12\/redoxon-vitamina-c-30-comprimidos-efervescentes.jpg\" \/>\n\t<meta property=\"og:image:width\" content=\"458\" \/>\n\t<meta property=\"og:image:height\" content=\"458\" \/>\n\t<meta property=\"og:image:type\" content=\"image\/jpeg\" \/>\n<meta name=\"twitter:card\" content=\"summary_large_image\" \/>\n<meta name=\"twitter:label1\" content=\"Temps estimat de lectura\" \/>\n\t<meta name=\"twitter:data1\" content=\"1 minut\" \/>\n<script type=\"application\/ld+json\" class=\"yoast-schema-graph\">{\"@context\":\"https:\/\/schema.org\",\"@graph\":[{\"@type\":\"WebPage\",\"@id\":\"https:\/\/parafarmaonline.com\/ca\/producto\/redoxon-limon-vitaminas-defensas-30-comprimidos-efervescentes-2\/\",\"url\":\"https:\/\/parafarmaonline.com\/ca\/producto\/redoxon-limon-vitaminas-defensas-30-comprimidos-efervescentes-2\/\",\"name\":\"Redoxon Llimona Vitamines Defenses 30 Comprimits Efervescents - Parafarm\u00e0cia Online - Diet\u00e8tica herbolari fitoter\u00e0pia sense gluten.\",\"isPartOf\":{\"@id\":\"https:\/\/parafarmaonline.com\/#website\"},\"primaryImageOfPage\":{\"@id\":\"https:\/\/parafarmaonline.com\/ca\/producto\/redoxon-limon-vitaminas-defensas-30-comprimidos-efervescentes-2\/#primaryimage\"},\"image\":{\"@id\":\"https:\/\/parafarmaonline.com\/ca\/producto\/redoxon-limon-vitaminas-defensas-30-comprimidos-efervescentes-2\/#primaryimage\"},\"thumbnailUrl\":\"https:\/\/parafarmaonline.com\/wp-content\/uploads\/2021\/12\/redoxon-vitamina-c-30-comprimidos-efervescentes.jpg\",\"datePublished\":\"2021-12-16T16:36:15+00:00\",\"dateModified\":\"2021-12-16T16:36:15+00:00\",\"breadcrumb\":{\"@id\":\"https:\/\/parafarmaonline.com\/ca\/producto\/redoxon-limon-vitaminas-defensas-30-comprimidos-efervescentes-2\/#breadcrumb\"},\"inLanguage\":\"ca\",\"potentialAction\":[{\"@type\":\"ReadAction\",\"target\":[\"https:\/\/parafarmaonline.com\/ca\/producto\/redoxon-limon-vitaminas-defensas-30-comprimidos-efervescentes-2\/\"]}]},{\"@type\":\"ImageObject\",\"inLanguage\":\"ca\",\"@id\":\"https:\/\/parafarmaonline.com\/ca\/producto\/redoxon-limon-vitaminas-defensas-30-comprimidos-efervescentes-2\/#primaryimage\",\"url\":\"https:\/\/parafarmaonline.com\/wp-content\/uploads\/2021\/12\/redoxon-vitamina-c-30-comprimidos-efervescentes.jpg\",\"contentUrl\":\"https:\/\/parafarmaonline.com\/wp-content\/uploads\/2021\/12\/redoxon-vitamina-c-30-comprimidos-efervescentes.jpg\",\"width\":458,\"height\":458},{\"@type\":\"BreadcrumbList\",\"@id\":\"https:\/\/parafarmaonline.com\/ca\/producto\/redoxon-limon-vitaminas-defensas-30-comprimidos-efervescentes-2\/#breadcrumb\",\"itemListElement\":[{\"@type\":\"ListItem\",\"position\":1,\"name\":\"Portada\",\"item\":\"https:\/\/parafarmaonline.com\/ca\/\"},{\"@type\":\"ListItem\",\"position\":2,\"name\":\"Botiga\",\"item\":\"https:\/\/parafarmaonline.com\/ca\/botiga\/\"},{\"@type\":\"ListItem\",\"position\":3,\"name\":\"Redoxon Llimona Vitamines Defenses 30 Comprimits Efervescents\"}]},{\"@type\":\"WebSite\",\"@id\":\"https:\/\/parafarmaonline.com\/#website\",\"url\":\"https:\/\/parafarmaonline.com\/\",\"name\":\"Parafarm\u00e0cia Online - Diet\u00e8tica herbolari fitoter\u00e0pia sense gluten.\",\"description\":\"Els productes de parafarm\u00e0cia, diet\u00e8tica i herbolari s\u00f3n cada cop m\u00e9s habituals entre aquelles persones que volen cuidar la seva salut. Parafarma Online s'ha convertit en aquesta farm\u00e0cia en l\u00ednia.\",\"publisher\":{\"@id\":\"https:\/\/parafarmaonline.com\/#\/schema\/person\/3531a2a8cd3f575922327e5b7e16a598\"},\"potentialAction\":[{\"@type\":\"SearchAction\",\"target\":{\"@type\":\"EntryPoint\",\"urlTemplate\":\"https:\/\/parafarmaonline.com\/?s={search_term_string}\"},\"query-input\":\"required name=search_term_string\"}],\"inLanguage\":\"ca\"},{\"@type\":[\"Person\",\"Organization\"],\"@id\":\"https:\/\/parafarmaonline.com\/#\/schema\/person\/3531a2a8cd3f575922327e5b7e16a598\",\"name\":\"farmatural\",\"image\":{\"@type\":\"ImageObject\",\"inLanguage\":\"ca\",\"@id\":\"https:\/\/parafarmaonline.com\/#\/schema\/person\/image\/\",\"url\":\"https:\/\/parafarmaonline.com\/wp-content\/uploads\/2022\/01\/LOGO-PARAFARMA.png\",\"contentUrl\":\"https:\/\/parafarmaonline.com\/wp-content\/uploads\/2022\/01\/LOGO-PARAFARMA.png\",\"width\":371,\"height\":133,\"caption\":\"farmatural\"},\"logo\":{\"@id\":\"https:\/\/parafarmaonline.com\/#\/schema\/person\/image\/\"}}]}<\/script>\n<!-- \/ Yoast SEO plugin. -->","yoast_head_json":{"title":"Redoxon Llimona Vitamines Defenses 30 Comprimits Efervescents - Parafarm\u00e0cia Online - Diet\u00e8tica herbolari fitoter\u00e0pia sense gluten.","robots":{"index":"index","follow":"follow","max-snippet":"max-snippet:-1","max-image-preview":"max-image-preview:large","max-video-preview":"max-video-preview:-1"},"canonical":"https:\/\/parafarmaonline.com\/ca\/producto\/redoxon-limon-vitaminas-defensas-30-comprimidos-efervescentes-2\/","og_locale":"ca_ES","og_type":"article","og_title":"Redoxon Llimona Vitamines Defenses 30 Comprimits Efervescents - Parafarm\u00e0cia Online - Diet\u00e8tica herbolari fitoter\u00e0pia sense gluten.","og_description":"Complement alimentari amb vitamina C que refor\u00e7a el sistema immunitari. Especialment indicat per ajudar les defenses en \u00e8poques de fred. Agradable sabor llimona.","og_url":"https:\/\/parafarmaonline.com\/ca\/producto\/redoxon-limon-vitaminas-defensas-30-comprimidos-efervescentes-2\/","og_site_name":"Parafarm\u00e0cia Online - Diet\u00e8tica herbolari fitoter\u00e0pia sense gluten.","og_image":[{"width":458,"height":458,"url":"https:\/\/parafarmaonline.com\/wp-content\/uploads\/2021\/12\/redoxon-vitamina-c-30-comprimidos-efervescentes.jpg","type":"image\/jpeg"}],"twitter_card":"summary_large_image","twitter_misc":{"Temps estimat de lectura":"1 minut"},"schema":{"@context":"https:\/\/schema.org","@graph":[{"@type":"WebPage","@id":"https:\/\/parafarmaonline.com\/ca\/producto\/redoxon-limon-vitaminas-defensas-30-comprimidos-efervescentes-2\/","url":"https:\/\/parafarmaonline.com\/ca\/producto\/redoxon-limon-vitaminas-defensas-30-comprimidos-efervescentes-2\/","name":"Redoxon Llimona Vitamines Defenses 30 Comprimits Efervescents - Parafarm\u00e0cia Online - Diet\u00e8tica herbolari fitoter\u00e0pia sense gluten.","isPartOf":{"@id":"https:\/\/parafarmaonline.com\/#website"},"primaryImageOfPage":{"@id":"https:\/\/parafarmaonline.com\/ca\/producto\/redoxon-limon-vitaminas-defensas-30-comprimidos-efervescentes-2\/#primaryimage"},"image":{"@id":"https:\/\/parafarmaonline.com\/ca\/producto\/redoxon-limon-vitaminas-defensas-30-comprimidos-efervescentes-2\/#primaryimage"},"thumbnailUrl":"https:\/\/parafarmaonline.com\/wp-content\/uploads\/2021\/12\/redoxon-vitamina-c-30-comprimidos-efervescentes.jpg","datePublished":"2021-12-16T16:36:15+00:00","dateModified":"2021-12-16T16:36:15+00:00","breadcrumb":{"@id":"https:\/\/parafarmaonline.com\/ca\/producto\/redoxon-limon-vitaminas-defensas-30-comprimidos-efervescentes-2\/#breadcrumb"},"inLanguage":"ca","potentialAction":[{"@type":"ReadAction","target":["https:\/\/parafarmaonline.com\/ca\/producto\/redoxon-limon-vitaminas-defensas-30-comprimidos-efervescentes-2\/"]}]},{"@type":"ImageObject","inLanguage":"ca","@id":"https:\/\/parafarmaonline.com\/ca\/producto\/redoxon-limon-vitaminas-defensas-30-comprimidos-efervescentes-2\/#primaryimage","url":"https:\/\/parafarmaonline.com\/wp-content\/uploads\/2021\/12\/redoxon-vitamina-c-30-comprimidos-efervescentes.jpg","contentUrl":"https:\/\/parafarmaonline.com\/wp-content\/uploads\/2021\/12\/redoxon-vitamina-c-30-comprimidos-efervescentes.jpg","width":458,"height":458},{"@type":"BreadcrumbList","@id":"https:\/\/parafarmaonline.com\/ca\/producto\/redoxon-limon-vitaminas-defensas-30-comprimidos-efervescentes-2\/#breadcrumb","itemListElement":[{"@type":"ListItem","position":1,"name":"Portada","item":"https:\/\/parafarmaonline.com\/ca\/"},{"@type":"ListItem","position":2,"name":"Botiga","item":"https:\/\/parafarmaonline.com\/ca\/botiga\/"},{"@type":"ListItem","position":3,"name":"Redoxon Llimona Vitamines Defenses 30 Comprimits Efervescents"}]},{"@type":"WebSite","@id":"https:\/\/parafarmaonline.com\/#website","url":"https:\/\/parafarmaonline.com\/","name":"Parafarm\u00e0cia Online - Diet\u00e8tica herbolari fitoter\u00e0pia sense gluten.","description":"Els productes de parafarm\u00e0cia, diet\u00e8tica i herbolari s\u00f3n cada cop m\u00e9s habituals entre aquelles persones que volen cuidar la seva salut. Parafarma Online s'ha convertit en aquesta farm\u00e0cia en l\u00ednia.","publisher":{"@id":"https:\/\/parafarmaonline.com\/#\/schema\/person\/3531a2a8cd3f575922327e5b7e16a598"},"potentialAction":[{"@type":"SearchAction","target":{"@type":"EntryPoint","urlTemplate":"https:\/\/parafarmaonline.com\/?s={search_term_string}"},"query-input":"required name=search_term_string"}],"inLanguage":"ca"},{"@type":["Person","Organization"],"@id":"https:\/\/parafarmaonline.com\/#\/schema\/person\/3531a2a8cd3f575922327e5b7e16a598","name":"farmatural","image":{"@type":"ImageObject","inLanguage":"ca","@id":"https:\/\/parafarmaonline.com\/#\/schema\/person\/image\/","url":"https:\/\/parafarmaonline.com\/wp-content\/uploads\/2022\/01\/LOGO-PARAFARMA.png","contentUrl":"https:\/\/parafarmaonline.com\/wp-content\/uploads\/2022\/01\/LOGO-PARAFARMA.png","width":371,"height":133,"caption":"farmatural"},"logo":{"@id":"https:\/\/parafarmaonline.com\/#\/schema\/person\/image\/"}}]}},"brands":[{"id":556,"name":"Redoxon","slug":"redoxon-ca"}],"_links":{"self":[{"href":"https:\/\/parafarmaonline.com\/ca\/wp-json\/wp\/v2\/product\/4625","targetHints":{"allow":["GET"]}}],"collection":[{"href":"https:\/\/parafarmaonline.com\/ca\/wp-json\/wp\/v2\/product"}],"about":[{"href":"https:\/\/parafarmaonline.com\/ca\/wp-json\/wp\/v2\/types\/product"}],"replies":[{"embeddable":true,"href":"https:\/\/parafarmaonline.com\/ca\/wp-json\/wp\/v2\/comments?post=4625"}],"wp:featuredmedia":[{"embeddable":true,"href":"https:\/\/parafarmaonline.com\/ca\/wp-json\/wp\/v2\/media\/4588"}],"wp:attachment":[{"href":"https:\/\/parafarmaonline.com\/ca\/wp-json\/wp\/v2\/media?parent=4625"}],"wp:term":[{"taxonomy":"pwb-brand","embeddable":true,"href":"https:\/\/parafarmaonline.com\/ca\/wp-json\/wp\/v2\/pwb-brand?post=4625"},{"taxonomy":"product_cat","embeddable":true,"href":"https:\/\/parafarmaonline.com\/ca\/wp-json\/wp\/v2\/product_cat?post=4625"},{"taxonomy":"product_tag","embeddable":true,"href":"https:\/\/parafarmaonline.com\/ca\/wp-json\/wp\/v2\/product_tag?post=4625"}],"curies":[{"name":"wp","href":"https:\/\/api.w.org\/{rel}","templated":true}]}}