{"id":4619,"date":"2021-12-16T15:38:33","date_gmt":"2021-12-16T16:04:20","guid":{"rendered":"https:\/\/parafarmaonline.com\/product\/berocca-performance-vitamines-rendiment-30-comprimits\/"},"modified":"2021-12-16T16:04:28","modified_gmt":"2021-12-16T16:04:28","slug":"berocca-performance-vitaminas-rendimiento-30-comprimidos","status":"publish","type":"product","link":"https:\/\/parafarmaonline.com\/ca\/producto\/berocca-performance-vitaminas-rendimiento-30-comprimidos\/","title":{"rendered":"Berocca Performance Vitamines Rendiment 30 Comprimits"},"content":{"rendered":"<p><strong>Berocca Performance Comprimidos cont\u00e9 magnesi que afavoreix la salut muscular, vitamines del grup B, vitamina C i zinc, aquest mineral actua contribuint a la funci\u00f3 cognitiva normal, \u00e9s a dir, afavoreix l&#8217;atenci\u00f3 i la concentraci\u00f3.<\/strong> A m\u00e9s, aquest component protegeix les c\u00e8l\u00b7lules dels radicals lliures.<\/p>\n<h2><strong>Per a qui est\u00e0 indicat Berocca Performance Comprimidos?<\/strong><\/h2>\n<p><strong>Berocca Performance Comprimidos est\u00e0 indicat per disminuir el cansament f\u00edsic i mental en persones m\u00e9s grans de 18 anys.<\/strong><\/p>\n<h3><strong>Com es pren Berocca Performance Comprimits?<\/strong><\/h3>\n<p>Prendre un comprimit al dia. No superar la dosi di\u00e0ria recomanada.<\/p>\n","protected":false},"excerpt":{"rendered":"<p>Complement alimentari per reduir la fatiga mental i f\u00edsica en situacions de desgast especial. La f\u00f3rmula \u00e9s una combinaci\u00f3 de vitamines i minerals. No cont\u00e9 estimulants artificials ni conservants.<\/p>\n","protected":false},"featured_media":4608,"comment_status":"open","ping_status":"closed","template":"","meta":[],"pwb-brand":[490],"product_cat":[338,339,333,363,368],"product_tag":[479,477,458,478,476,481,465],"class_list":{"0":"post-4619","1":"product","2":"type-product","3":"status-publish","4":"has-post-thumbnail","6":"pwb-brand-berocca-ca","7":"product_cat-defenses","8":"product_cat-fatiga-cansament","9":"product_cat-herbolari","10":"product_cat-nutricio","11":"product_cat-vitamines","12":"product_tag-adults","13":"product_tag-cansament","14":"product_tag-defenses","15":"product_tag-fatiga-ca","16":"product_tag-minerals","17":"product_tag-multivitaminics","18":"product_tag-vitamines","20":"first","21":"instock","22":"taxable","23":"shipping-taxable","24":"purchasable","25":"product-type-simple"},"yoast_head":"<!-- This site is optimized with the Yoast SEO plugin v22.7 - https:\/\/yoast.com\/wordpress\/plugins\/seo\/ -->\n<title>Berocca Performance Vitamines Rendiment 30 Comprimits - Parafarm\u00e0cia Online - Diet\u00e8tica herbolari fitoter\u00e0pia sense gluten.<\/title>\n<meta name=\"robots\" content=\"index, follow, max-snippet:-1, max-image-preview:large, max-video-preview:-1\" \/>\n<link rel=\"canonical\" href=\"https:\/\/parafarmaonline.com\/ca\/producto\/berocca-performance-vitaminas-rendimiento-30-comprimidos\/\" \/>\n<meta property=\"og:locale\" content=\"ca_ES\" \/>\n<meta property=\"og:type\" content=\"article\" \/>\n<meta property=\"og:title\" content=\"Berocca Performance Vitamines Rendiment 30 Comprimits - Parafarm\u00e0cia Online - Diet\u00e8tica herbolari fitoter\u00e0pia sense gluten.\" \/>\n<meta property=\"og:description\" content=\"Complement alimentari per reduir la fatiga mental i f\u00edsica en situacions de desgast especial. La f\u00f3rmula \u00e9s una combinaci\u00f3 de vitamines i minerals. No cont\u00e9 estimulants artificials ni conservants.\" \/>\n<meta property=\"og:url\" content=\"https:\/\/parafarmaonline.com\/ca\/producto\/berocca-performance-vitaminas-rendimiento-30-comprimidos\/\" \/>\n<meta property=\"og:site_name\" content=\"Parafarm\u00e0cia Online - Diet\u00e8tica herbolari fitoter\u00e0pia sense gluten.\" \/>\n<meta property=\"article:modified_time\" content=\"2021-12-16T16:04:28+00:00\" \/>\n<meta property=\"og:image\" content=\"https:\/\/parafarmaonline.com\/wp-content\/uploads\/2021\/12\/berocca-performance-30-comprimidos.jpg\" \/>\n\t<meta property=\"og:image:width\" content=\"458\" \/>\n\t<meta property=\"og:image:height\" content=\"458\" \/>\n\t<meta property=\"og:image:type\" content=\"image\/jpeg\" \/>\n<meta name=\"twitter:card\" content=\"summary_large_image\" \/>\n<script type=\"application\/ld+json\" class=\"yoast-schema-graph\">{\"@context\":\"https:\/\/schema.org\",\"@graph\":[{\"@type\":\"WebPage\",\"@id\":\"https:\/\/parafarmaonline.com\/ca\/producto\/berocca-performance-vitaminas-rendimiento-30-comprimidos\/\",\"url\":\"https:\/\/parafarmaonline.com\/ca\/producto\/berocca-performance-vitaminas-rendimiento-30-comprimidos\/\",\"name\":\"Berocca Performance Vitamines Rendiment 30 Comprimits - Parafarm\u00e0cia Online - Diet\u00e8tica herbolari fitoter\u00e0pia sense gluten.\",\"isPartOf\":{\"@id\":\"https:\/\/parafarmaonline.com\/#website\"},\"primaryImageOfPage\":{\"@id\":\"https:\/\/parafarmaonline.com\/ca\/producto\/berocca-performance-vitaminas-rendimiento-30-comprimidos\/#primaryimage\"},\"image\":{\"@id\":\"https:\/\/parafarmaonline.com\/ca\/producto\/berocca-performance-vitaminas-rendimiento-30-comprimidos\/#primaryimage\"},\"thumbnailUrl\":\"https:\/\/parafarmaonline.com\/wp-content\/uploads\/2021\/12\/berocca-performance-30-comprimidos.jpg\",\"datePublished\":\"2021-12-16T16:04:20+00:00\",\"dateModified\":\"2021-12-16T16:04:28+00:00\",\"breadcrumb\":{\"@id\":\"https:\/\/parafarmaonline.com\/ca\/producto\/berocca-performance-vitaminas-rendimiento-30-comprimidos\/#breadcrumb\"},\"inLanguage\":\"ca\",\"potentialAction\":[{\"@type\":\"ReadAction\",\"target\":[\"https:\/\/parafarmaonline.com\/ca\/producto\/berocca-performance-vitaminas-rendimiento-30-comprimidos\/\"]}]},{\"@type\":\"ImageObject\",\"inLanguage\":\"ca\",\"@id\":\"https:\/\/parafarmaonline.com\/ca\/producto\/berocca-performance-vitaminas-rendimiento-30-comprimidos\/#primaryimage\",\"url\":\"https:\/\/parafarmaonline.com\/wp-content\/uploads\/2021\/12\/berocca-performance-30-comprimidos.jpg\",\"contentUrl\":\"https:\/\/parafarmaonline.com\/wp-content\/uploads\/2021\/12\/berocca-performance-30-comprimidos.jpg\",\"width\":458,\"height\":458},{\"@type\":\"BreadcrumbList\",\"@id\":\"https:\/\/parafarmaonline.com\/ca\/producto\/berocca-performance-vitaminas-rendimiento-30-comprimidos\/#breadcrumb\",\"itemListElement\":[{\"@type\":\"ListItem\",\"position\":1,\"name\":\"Portada\",\"item\":\"https:\/\/parafarmaonline.com\/ca\/\"},{\"@type\":\"ListItem\",\"position\":2,\"name\":\"Botiga\",\"item\":\"https:\/\/parafarmaonline.com\/ca\/botiga\/\"},{\"@type\":\"ListItem\",\"position\":3,\"name\":\"Berocca Performance Vitamines Rendiment 30 Comprimits\"}]},{\"@type\":\"WebSite\",\"@id\":\"https:\/\/parafarmaonline.com\/#website\",\"url\":\"https:\/\/parafarmaonline.com\/\",\"name\":\"Parafarm\u00e0cia Online - Diet\u00e8tica herbolari fitoter\u00e0pia sense gluten.\",\"description\":\"Els productes de parafarm\u00e0cia, diet\u00e8tica i herbolari s\u00f3n cada cop m\u00e9s habituals entre aquelles persones que volen cuidar la seva salut. Parafarma Online s'ha convertit en aquesta farm\u00e0cia en l\u00ednia.\",\"publisher\":{\"@id\":\"https:\/\/parafarmaonline.com\/#\/schema\/person\/3531a2a8cd3f575922327e5b7e16a598\"},\"potentialAction\":[{\"@type\":\"SearchAction\",\"target\":{\"@type\":\"EntryPoint\",\"urlTemplate\":\"https:\/\/parafarmaonline.com\/?s={search_term_string}\"},\"query-input\":\"required name=search_term_string\"}],\"inLanguage\":\"ca\"},{\"@type\":[\"Person\",\"Organization\"],\"@id\":\"https:\/\/parafarmaonline.com\/#\/schema\/person\/3531a2a8cd3f575922327e5b7e16a598\",\"name\":\"farmatural\",\"image\":{\"@type\":\"ImageObject\",\"inLanguage\":\"ca\",\"@id\":\"https:\/\/parafarmaonline.com\/#\/schema\/person\/image\/\",\"url\":\"https:\/\/parafarmaonline.com\/wp-content\/uploads\/2022\/01\/LOGO-PARAFARMA.png\",\"contentUrl\":\"https:\/\/parafarmaonline.com\/wp-content\/uploads\/2022\/01\/LOGO-PARAFARMA.png\",\"width\":371,\"height\":133,\"caption\":\"farmatural\"},\"logo\":{\"@id\":\"https:\/\/parafarmaonline.com\/#\/schema\/person\/image\/\"}}]}<\/script>\n<!-- \/ Yoast SEO plugin. -->","yoast_head_json":{"title":"Berocca Performance Vitamines Rendiment 30 Comprimits - Parafarm\u00e0cia Online - Diet\u00e8tica herbolari fitoter\u00e0pia sense gluten.","robots":{"index":"index","follow":"follow","max-snippet":"max-snippet:-1","max-image-preview":"max-image-preview:large","max-video-preview":"max-video-preview:-1"},"canonical":"https:\/\/parafarmaonline.com\/ca\/producto\/berocca-performance-vitaminas-rendimiento-30-comprimidos\/","og_locale":"ca_ES","og_type":"article","og_title":"Berocca Performance Vitamines Rendiment 30 Comprimits - Parafarm\u00e0cia Online - Diet\u00e8tica herbolari fitoter\u00e0pia sense gluten.","og_description":"Complement alimentari per reduir la fatiga mental i f\u00edsica en situacions de desgast especial. La f\u00f3rmula \u00e9s una combinaci\u00f3 de vitamines i minerals. No cont\u00e9 estimulants artificials ni conservants.","og_url":"https:\/\/parafarmaonline.com\/ca\/producto\/berocca-performance-vitaminas-rendimiento-30-comprimidos\/","og_site_name":"Parafarm\u00e0cia Online - Diet\u00e8tica herbolari fitoter\u00e0pia sense gluten.","article_modified_time":"2021-12-16T16:04:28+00:00","og_image":[{"width":458,"height":458,"url":"https:\/\/parafarmaonline.com\/wp-content\/uploads\/2021\/12\/berocca-performance-30-comprimidos.jpg","type":"image\/jpeg"}],"twitter_card":"summary_large_image","schema":{"@context":"https:\/\/schema.org","@graph":[{"@type":"WebPage","@id":"https:\/\/parafarmaonline.com\/ca\/producto\/berocca-performance-vitaminas-rendimiento-30-comprimidos\/","url":"https:\/\/parafarmaonline.com\/ca\/producto\/berocca-performance-vitaminas-rendimiento-30-comprimidos\/","name":"Berocca Performance Vitamines Rendiment 30 Comprimits - Parafarm\u00e0cia Online - Diet\u00e8tica herbolari fitoter\u00e0pia sense gluten.","isPartOf":{"@id":"https:\/\/parafarmaonline.com\/#website"},"primaryImageOfPage":{"@id":"https:\/\/parafarmaonline.com\/ca\/producto\/berocca-performance-vitaminas-rendimiento-30-comprimidos\/#primaryimage"},"image":{"@id":"https:\/\/parafarmaonline.com\/ca\/producto\/berocca-performance-vitaminas-rendimiento-30-comprimidos\/#primaryimage"},"thumbnailUrl":"https:\/\/parafarmaonline.com\/wp-content\/uploads\/2021\/12\/berocca-performance-30-comprimidos.jpg","datePublished":"2021-12-16T16:04:20+00:00","dateModified":"2021-12-16T16:04:28+00:00","breadcrumb":{"@id":"https:\/\/parafarmaonline.com\/ca\/producto\/berocca-performance-vitaminas-rendimiento-30-comprimidos\/#breadcrumb"},"inLanguage":"ca","potentialAction":[{"@type":"ReadAction","target":["https:\/\/parafarmaonline.com\/ca\/producto\/berocca-performance-vitaminas-rendimiento-30-comprimidos\/"]}]},{"@type":"ImageObject","inLanguage":"ca","@id":"https:\/\/parafarmaonline.com\/ca\/producto\/berocca-performance-vitaminas-rendimiento-30-comprimidos\/#primaryimage","url":"https:\/\/parafarmaonline.com\/wp-content\/uploads\/2021\/12\/berocca-performance-30-comprimidos.jpg","contentUrl":"https:\/\/parafarmaonline.com\/wp-content\/uploads\/2021\/12\/berocca-performance-30-comprimidos.jpg","width":458,"height":458},{"@type":"BreadcrumbList","@id":"https:\/\/parafarmaonline.com\/ca\/producto\/berocca-performance-vitaminas-rendimiento-30-comprimidos\/#breadcrumb","itemListElement":[{"@type":"ListItem","position":1,"name":"Portada","item":"https:\/\/parafarmaonline.com\/ca\/"},{"@type":"ListItem","position":2,"name":"Botiga","item":"https:\/\/parafarmaonline.com\/ca\/botiga\/"},{"@type":"ListItem","position":3,"name":"Berocca Performance Vitamines Rendiment 30 Comprimits"}]},{"@type":"WebSite","@id":"https:\/\/parafarmaonline.com\/#website","url":"https:\/\/parafarmaonline.com\/","name":"Parafarm\u00e0cia Online - Diet\u00e8tica herbolari fitoter\u00e0pia sense gluten.","description":"Els productes de parafarm\u00e0cia, diet\u00e8tica i herbolari s\u00f3n cada cop m\u00e9s habituals entre aquelles persones que volen cuidar la seva salut. Parafarma Online s'ha convertit en aquesta farm\u00e0cia en l\u00ednia.","publisher":{"@id":"https:\/\/parafarmaonline.com\/#\/schema\/person\/3531a2a8cd3f575922327e5b7e16a598"},"potentialAction":[{"@type":"SearchAction","target":{"@type":"EntryPoint","urlTemplate":"https:\/\/parafarmaonline.com\/?s={search_term_string}"},"query-input":"required name=search_term_string"}],"inLanguage":"ca"},{"@type":["Person","Organization"],"@id":"https:\/\/parafarmaonline.com\/#\/schema\/person\/3531a2a8cd3f575922327e5b7e16a598","name":"farmatural","image":{"@type":"ImageObject","inLanguage":"ca","@id":"https:\/\/parafarmaonline.com\/#\/schema\/person\/image\/","url":"https:\/\/parafarmaonline.com\/wp-content\/uploads\/2022\/01\/LOGO-PARAFARMA.png","contentUrl":"https:\/\/parafarmaonline.com\/wp-content\/uploads\/2022\/01\/LOGO-PARAFARMA.png","width":371,"height":133,"caption":"farmatural"},"logo":{"@id":"https:\/\/parafarmaonline.com\/#\/schema\/person\/image\/"}}]}},"brands":[{"id":490,"name":"Berocca","slug":"berocca-ca"}],"_links":{"self":[{"href":"https:\/\/parafarmaonline.com\/ca\/wp-json\/wp\/v2\/product\/4619","targetHints":{"allow":["GET"]}}],"collection":[{"href":"https:\/\/parafarmaonline.com\/ca\/wp-json\/wp\/v2\/product"}],"about":[{"href":"https:\/\/parafarmaonline.com\/ca\/wp-json\/wp\/v2\/types\/product"}],"replies":[{"embeddable":true,"href":"https:\/\/parafarmaonline.com\/ca\/wp-json\/wp\/v2\/comments?post=4619"}],"wp:featuredmedia":[{"embeddable":true,"href":"https:\/\/parafarmaonline.com\/ca\/wp-json\/wp\/v2\/media\/4608"}],"wp:attachment":[{"href":"https:\/\/parafarmaonline.com\/ca\/wp-json\/wp\/v2\/media?parent=4619"}],"wp:term":[{"taxonomy":"pwb-brand","embeddable":true,"href":"https:\/\/parafarmaonline.com\/ca\/wp-json\/wp\/v2\/pwb-brand?post=4619"},{"taxonomy":"product_cat","embeddable":true,"href":"https:\/\/parafarmaonline.com\/ca\/wp-json\/wp\/v2\/product_cat?post=4619"},{"taxonomy":"product_tag","embeddable":true,"href":"https:\/\/parafarmaonline.com\/ca\/wp-json\/wp\/v2\/product_tag?post=4619"}],"curies":[{"name":"wp","href":"https:\/\/api.w.org\/{rel}","templated":true}]}}