{"id":4541,"date":"2021-12-16T10:24:24","date_gmt":"2021-12-16T11:32:09","guid":{"rendered":"https:\/\/parafarmaonline.com\/product\/supradyn-gummies-junior-30-gominoles\/"},"modified":"2021-12-16T11:32:09","modified_gmt":"2021-12-16T11:32:09","slug":"supradyn-gummies-junior-30-gominolas-2","status":"publish","type":"product","link":"https:\/\/parafarmaonline.com\/ca\/producto\/supradyn-gummies-junior-30-gominolas-2\/","title":{"rendered":"Supradyn Gummies Junior 30 Gominoles"},"content":{"rendered":"<p>Supradyn\u00aeJunior gummies \u00e9s un polivitam\u00ednic que afavoreix el creixement i ajuda a activar la teva pr\u00f2pia energia ja que cont\u00e9 una f\u00f3rmula espec\u00edfica de vitamines que contribueixen al metabolisme energ\u00e8tic normal necessari per al creixement i el desenvolupament.<\/p>\n<p>A m\u00e9s, incorpora dos components naturals i essencials, Colina i Omega 3.<\/p>\n<p><strong>Nens<\/strong>: 2 caramels de goma al dia<\/p>\n<p><strong>Adults<\/strong>:4 caramels de goma al dia<\/p>\n<p>Es poden prendre els 2 caramels de goma alhora o en 2 moments diferents del dia, segons ho prefereixi. Complement alimentari. No superar la dosi di\u00e0ria recomanada. No utilitzeu com a substitut d&#8217;una dieta equilibrada. Es recomana fer una dieta variada i equilibrada i un estil de vida saludable. Als nens supervisar la seva administraci\u00f3 per part d&#8217;un adult. Cont\u00e9 sucre.<\/p>\n<h2 class=\"coh-heading heading coh-instance-4118963076 coh-ce-cpt_anchor_link_content-b3e39f17\">QUAN PRENDRE&#8217;L?<\/h2>\n<div class=\"coh-container coh-component coh-component-instance-ae8149f5-1869-4cc3-ac64-682e03708658 contextual-component coh-style-accordion-items no-margin background-show title-left title-padding-left icon-position-on-right coh-instance-2539707875 coh-ce-cpt_building_blocks_accordion_co-42965f49 bg-image-fade-in\">\n<div class=\"coh-container tab-container-boxed coh-container-boxed\">\n<div class=\"coh-row coh-row-xl coh-row-visible-xl\" data-coh-row-match-heights=\"{\"xl\":{\"target\":\"none\"}}\">\n<div class=\"coh-row-inner\">\n<div class=\"coh-column coh-visible-ps coh-col-ps-12 coh-col-ps-push-0 coh-col-ps-pull-0 coh-col-ps-offset-0 coh-visible-sm coh-col-sm-12 coh-visible-xl coh-col-xl-12\">\n<div class=\"coh-container tab-container-text text-left\">\n<div class=\"coh-row coh-row-xl coh-row-visible-xl\" data-coh-row-match-heights=\"{\"xl\":{\"target\":\"none\"}}\">\n<div class=\"coh-row-inner\">\n<ul>\n<li>Ajudar al creixement i desenvolupament intel\u00b7lectual i f\u00edsic.<\/li>\n<li>Contribuir al metabolisme energ\u00e8tic normal.<\/li>\n<li>Contribueix al bon funcionament del sistema immunitari.<\/li>\n<\/ul>\n<p>Per a adults i nens a partir dels 4 anys.<\/p>\n<\/div>\n<\/div>\n<\/div>\n<\/div>\n<\/div>\n<\/div>\n<\/div>\n<\/div>\n","protected":false},"excerpt":{"rendered":"<p>Aportaci\u00f3 extra d&#8217;energia i vitalitat per als m\u00e9s petits, en forma de delicioses gominoles. Cont\u00e9 vitamines B, C i D i el coenzima Q10.<\/p>\n","protected":false},"featured_media":4495,"comment_status":"open","ping_status":"closed","template":"","meta":[],"pwb-brand":[546],"product_cat":[338,339,333,354,363,368],"product_tag":[479,477,458,478,481,426,465],"class_list":{"0":"post-4541","1":"product","2":"type-product","3":"status-publish","4":"has-post-thumbnail","6":"pwb-brand-supradyn-ca","7":"product_cat-defenses","8":"product_cat-fatiga-cansament","9":"product_cat-herbolari","10":"product_cat-infantil-ca","11":"product_cat-nutricio","12":"product_cat-vitamines","13":"product_tag-adults","14":"product_tag-cansament","15":"product_tag-defenses","16":"product_tag-fatiga-ca","17":"product_tag-multivitaminics","18":"product_tag-nens","19":"product_tag-vitamines","21":"first","22":"instock","23":"taxable","24":"shipping-taxable","25":"purchasable","26":"product-type-simple"},"yoast_head":"<!-- This site is optimized with the Yoast SEO plugin v22.7 - https:\/\/yoast.com\/wordpress\/plugins\/seo\/ -->\n<title>Supradyn Gummies Junior 30 Gominoles - Parafarm\u00e0cia Online - Diet\u00e8tica herbolari fitoter\u00e0pia sense gluten.<\/title>\n<meta name=\"robots\" content=\"index, follow, max-snippet:-1, max-image-preview:large, max-video-preview:-1\" \/>\n<link rel=\"canonical\" href=\"https:\/\/parafarmaonline.com\/ca\/producto\/supradyn-gummies-junior-30-gominolas-2\/\" \/>\n<meta property=\"og:locale\" content=\"ca_ES\" \/>\n<meta property=\"og:type\" content=\"article\" \/>\n<meta property=\"og:title\" content=\"Supradyn Gummies Junior 30 Gominoles - Parafarm\u00e0cia Online - Diet\u00e8tica herbolari fitoter\u00e0pia sense gluten.\" \/>\n<meta property=\"og:description\" content=\"Aportaci\u00f3 extra d&#039;energia i vitalitat per als m\u00e9s petits, en forma de delicioses gominoles. Cont\u00e9 vitamines B, C i D i el coenzima Q10.\" \/>\n<meta property=\"og:url\" content=\"https:\/\/parafarmaonline.com\/ca\/producto\/supradyn-gummies-junior-30-gominolas-2\/\" \/>\n<meta property=\"og:site_name\" content=\"Parafarm\u00e0cia Online - Diet\u00e8tica herbolari fitoter\u00e0pia sense gluten.\" \/>\n<meta property=\"og:image\" content=\"https:\/\/parafarmaonline.com\/wp-content\/uploads\/2021\/12\/1.2019-Supradyn-Kids-Ecommerce-PI-1-PSD-ES1.png\" \/>\n\t<meta property=\"og:image:width\" content=\"750\" \/>\n\t<meta property=\"og:image:height\" content=\"750\" \/>\n\t<meta property=\"og:image:type\" content=\"image\/png\" \/>\n<meta name=\"twitter:card\" content=\"summary_large_image\" \/>\n<meta name=\"twitter:label1\" content=\"Temps estimat de lectura\" \/>\n\t<meta name=\"twitter:data1\" content=\"1 minut\" \/>\n<script type=\"application\/ld+json\" class=\"yoast-schema-graph\">{\"@context\":\"https:\/\/schema.org\",\"@graph\":[{\"@type\":\"WebPage\",\"@id\":\"https:\/\/parafarmaonline.com\/ca\/producto\/supradyn-gummies-junior-30-gominolas-2\/\",\"url\":\"https:\/\/parafarmaonline.com\/ca\/producto\/supradyn-gummies-junior-30-gominolas-2\/\",\"name\":\"Supradyn Gummies Junior 30 Gominoles - Parafarm\u00e0cia Online - Diet\u00e8tica herbolari fitoter\u00e0pia sense gluten.\",\"isPartOf\":{\"@id\":\"https:\/\/parafarmaonline.com\/#website\"},\"primaryImageOfPage\":{\"@id\":\"https:\/\/parafarmaonline.com\/ca\/producto\/supradyn-gummies-junior-30-gominolas-2\/#primaryimage\"},\"image\":{\"@id\":\"https:\/\/parafarmaonline.com\/ca\/producto\/supradyn-gummies-junior-30-gominolas-2\/#primaryimage\"},\"thumbnailUrl\":\"https:\/\/parafarmaonline.com\/wp-content\/uploads\/2021\/12\/1.2019-Supradyn-Kids-Ecommerce-PI-1-PSD-ES1.png\",\"datePublished\":\"2021-12-16T11:32:09+00:00\",\"dateModified\":\"2021-12-16T11:32:09+00:00\",\"breadcrumb\":{\"@id\":\"https:\/\/parafarmaonline.com\/ca\/producto\/supradyn-gummies-junior-30-gominolas-2\/#breadcrumb\"},\"inLanguage\":\"ca\",\"potentialAction\":[{\"@type\":\"ReadAction\",\"target\":[\"https:\/\/parafarmaonline.com\/ca\/producto\/supradyn-gummies-junior-30-gominolas-2\/\"]}]},{\"@type\":\"ImageObject\",\"inLanguage\":\"ca\",\"@id\":\"https:\/\/parafarmaonline.com\/ca\/producto\/supradyn-gummies-junior-30-gominolas-2\/#primaryimage\",\"url\":\"https:\/\/parafarmaonline.com\/wp-content\/uploads\/2021\/12\/1.2019-Supradyn-Kids-Ecommerce-PI-1-PSD-ES1.png\",\"contentUrl\":\"https:\/\/parafarmaonline.com\/wp-content\/uploads\/2021\/12\/1.2019-Supradyn-Kids-Ecommerce-PI-1-PSD-ES1.png\",\"width\":750,\"height\":750},{\"@type\":\"BreadcrumbList\",\"@id\":\"https:\/\/parafarmaonline.com\/ca\/producto\/supradyn-gummies-junior-30-gominolas-2\/#breadcrumb\",\"itemListElement\":[{\"@type\":\"ListItem\",\"position\":1,\"name\":\"Portada\",\"item\":\"https:\/\/parafarmaonline.com\/ca\/\"},{\"@type\":\"ListItem\",\"position\":2,\"name\":\"Botiga\",\"item\":\"https:\/\/parafarmaonline.com\/ca\/botiga\/\"},{\"@type\":\"ListItem\",\"position\":3,\"name\":\"Supradyn Gummies Junior 30 Gominoles\"}]},{\"@type\":\"WebSite\",\"@id\":\"https:\/\/parafarmaonline.com\/#website\",\"url\":\"https:\/\/parafarmaonline.com\/\",\"name\":\"Parafarm\u00e0cia Online - Diet\u00e8tica herbolari fitoter\u00e0pia sense gluten.\",\"description\":\"Els productes de parafarm\u00e0cia, diet\u00e8tica i herbolari s\u00f3n cada cop m\u00e9s habituals entre aquelles persones que volen cuidar la seva salut. Parafarma Online s'ha convertit en aquesta farm\u00e0cia en l\u00ednia.\",\"publisher\":{\"@id\":\"https:\/\/parafarmaonline.com\/#\/schema\/person\/3531a2a8cd3f575922327e5b7e16a598\"},\"potentialAction\":[{\"@type\":\"SearchAction\",\"target\":{\"@type\":\"EntryPoint\",\"urlTemplate\":\"https:\/\/parafarmaonline.com\/?s={search_term_string}\"},\"query-input\":\"required name=search_term_string\"}],\"inLanguage\":\"ca\"},{\"@type\":[\"Person\",\"Organization\"],\"@id\":\"https:\/\/parafarmaonline.com\/#\/schema\/person\/3531a2a8cd3f575922327e5b7e16a598\",\"name\":\"farmatural\",\"image\":{\"@type\":\"ImageObject\",\"inLanguage\":\"ca\",\"@id\":\"https:\/\/parafarmaonline.com\/#\/schema\/person\/image\/\",\"url\":\"https:\/\/parafarmaonline.com\/wp-content\/uploads\/2022\/01\/LOGO-PARAFARMA.png\",\"contentUrl\":\"https:\/\/parafarmaonline.com\/wp-content\/uploads\/2022\/01\/LOGO-PARAFARMA.png\",\"width\":371,\"height\":133,\"caption\":\"farmatural\"},\"logo\":{\"@id\":\"https:\/\/parafarmaonline.com\/#\/schema\/person\/image\/\"}}]}<\/script>\n<!-- \/ Yoast SEO plugin. -->","yoast_head_json":{"title":"Supradyn Gummies Junior 30 Gominoles - Parafarm\u00e0cia Online - Diet\u00e8tica herbolari fitoter\u00e0pia sense gluten.","robots":{"index":"index","follow":"follow","max-snippet":"max-snippet:-1","max-image-preview":"max-image-preview:large","max-video-preview":"max-video-preview:-1"},"canonical":"https:\/\/parafarmaonline.com\/ca\/producto\/supradyn-gummies-junior-30-gominolas-2\/","og_locale":"ca_ES","og_type":"article","og_title":"Supradyn Gummies Junior 30 Gominoles - Parafarm\u00e0cia Online - Diet\u00e8tica herbolari fitoter\u00e0pia sense gluten.","og_description":"Aportaci\u00f3 extra d'energia i vitalitat per als m\u00e9s petits, en forma de delicioses gominoles. Cont\u00e9 vitamines B, C i D i el coenzima Q10.","og_url":"https:\/\/parafarmaonline.com\/ca\/producto\/supradyn-gummies-junior-30-gominolas-2\/","og_site_name":"Parafarm\u00e0cia Online - Diet\u00e8tica herbolari fitoter\u00e0pia sense gluten.","og_image":[{"width":750,"height":750,"url":"https:\/\/parafarmaonline.com\/wp-content\/uploads\/2021\/12\/1.2019-Supradyn-Kids-Ecommerce-PI-1-PSD-ES1.png","type":"image\/png"}],"twitter_card":"summary_large_image","twitter_misc":{"Temps estimat de lectura":"1 minut"},"schema":{"@context":"https:\/\/schema.org","@graph":[{"@type":"WebPage","@id":"https:\/\/parafarmaonline.com\/ca\/producto\/supradyn-gummies-junior-30-gominolas-2\/","url":"https:\/\/parafarmaonline.com\/ca\/producto\/supradyn-gummies-junior-30-gominolas-2\/","name":"Supradyn Gummies Junior 30 Gominoles - Parafarm\u00e0cia Online - Diet\u00e8tica herbolari fitoter\u00e0pia sense gluten.","isPartOf":{"@id":"https:\/\/parafarmaonline.com\/#website"},"primaryImageOfPage":{"@id":"https:\/\/parafarmaonline.com\/ca\/producto\/supradyn-gummies-junior-30-gominolas-2\/#primaryimage"},"image":{"@id":"https:\/\/parafarmaonline.com\/ca\/producto\/supradyn-gummies-junior-30-gominolas-2\/#primaryimage"},"thumbnailUrl":"https:\/\/parafarmaonline.com\/wp-content\/uploads\/2021\/12\/1.2019-Supradyn-Kids-Ecommerce-PI-1-PSD-ES1.png","datePublished":"2021-12-16T11:32:09+00:00","dateModified":"2021-12-16T11:32:09+00:00","breadcrumb":{"@id":"https:\/\/parafarmaonline.com\/ca\/producto\/supradyn-gummies-junior-30-gominolas-2\/#breadcrumb"},"inLanguage":"ca","potentialAction":[{"@type":"ReadAction","target":["https:\/\/parafarmaonline.com\/ca\/producto\/supradyn-gummies-junior-30-gominolas-2\/"]}]},{"@type":"ImageObject","inLanguage":"ca","@id":"https:\/\/parafarmaonline.com\/ca\/producto\/supradyn-gummies-junior-30-gominolas-2\/#primaryimage","url":"https:\/\/parafarmaonline.com\/wp-content\/uploads\/2021\/12\/1.2019-Supradyn-Kids-Ecommerce-PI-1-PSD-ES1.png","contentUrl":"https:\/\/parafarmaonline.com\/wp-content\/uploads\/2021\/12\/1.2019-Supradyn-Kids-Ecommerce-PI-1-PSD-ES1.png","width":750,"height":750},{"@type":"BreadcrumbList","@id":"https:\/\/parafarmaonline.com\/ca\/producto\/supradyn-gummies-junior-30-gominolas-2\/#breadcrumb","itemListElement":[{"@type":"ListItem","position":1,"name":"Portada","item":"https:\/\/parafarmaonline.com\/ca\/"},{"@type":"ListItem","position":2,"name":"Botiga","item":"https:\/\/parafarmaonline.com\/ca\/botiga\/"},{"@type":"ListItem","position":3,"name":"Supradyn Gummies Junior 30 Gominoles"}]},{"@type":"WebSite","@id":"https:\/\/parafarmaonline.com\/#website","url":"https:\/\/parafarmaonline.com\/","name":"Parafarm\u00e0cia Online - Diet\u00e8tica herbolari fitoter\u00e0pia sense gluten.","description":"Els productes de parafarm\u00e0cia, diet\u00e8tica i herbolari s\u00f3n cada cop m\u00e9s habituals entre aquelles persones que volen cuidar la seva salut. Parafarma Online s'ha convertit en aquesta farm\u00e0cia en l\u00ednia.","publisher":{"@id":"https:\/\/parafarmaonline.com\/#\/schema\/person\/3531a2a8cd3f575922327e5b7e16a598"},"potentialAction":[{"@type":"SearchAction","target":{"@type":"EntryPoint","urlTemplate":"https:\/\/parafarmaonline.com\/?s={search_term_string}"},"query-input":"required name=search_term_string"}],"inLanguage":"ca"},{"@type":["Person","Organization"],"@id":"https:\/\/parafarmaonline.com\/#\/schema\/person\/3531a2a8cd3f575922327e5b7e16a598","name":"farmatural","image":{"@type":"ImageObject","inLanguage":"ca","@id":"https:\/\/parafarmaonline.com\/#\/schema\/person\/image\/","url":"https:\/\/parafarmaonline.com\/wp-content\/uploads\/2022\/01\/LOGO-PARAFARMA.png","contentUrl":"https:\/\/parafarmaonline.com\/wp-content\/uploads\/2022\/01\/LOGO-PARAFARMA.png","width":371,"height":133,"caption":"farmatural"},"logo":{"@id":"https:\/\/parafarmaonline.com\/#\/schema\/person\/image\/"}}]}},"brands":[{"id":546,"name":"Supradyn","slug":"supradyn-ca"}],"_links":{"self":[{"href":"https:\/\/parafarmaonline.com\/ca\/wp-json\/wp\/v2\/product\/4541","targetHints":{"allow":["GET"]}}],"collection":[{"href":"https:\/\/parafarmaonline.com\/ca\/wp-json\/wp\/v2\/product"}],"about":[{"href":"https:\/\/parafarmaonline.com\/ca\/wp-json\/wp\/v2\/types\/product"}],"replies":[{"embeddable":true,"href":"https:\/\/parafarmaonline.com\/ca\/wp-json\/wp\/v2\/comments?post=4541"}],"wp:featuredmedia":[{"embeddable":true,"href":"https:\/\/parafarmaonline.com\/ca\/wp-json\/wp\/v2\/media\/4495"}],"wp:attachment":[{"href":"https:\/\/parafarmaonline.com\/ca\/wp-json\/wp\/v2\/media?parent=4541"}],"wp:term":[{"taxonomy":"pwb-brand","embeddable":true,"href":"https:\/\/parafarmaonline.com\/ca\/wp-json\/wp\/v2\/pwb-brand?post=4541"},{"taxonomy":"product_cat","embeddable":true,"href":"https:\/\/parafarmaonline.com\/ca\/wp-json\/wp\/v2\/product_cat?post=4541"},{"taxonomy":"product_tag","embeddable":true,"href":"https:\/\/parafarmaonline.com\/ca\/wp-json\/wp\/v2\/product_tag?post=4541"}],"curies":[{"name":"wp","href":"https:\/\/api.w.org\/{rel}","templated":true}]}}