{"id":4540,"date":"2021-12-16T10:31:24","date_gmt":"2021-12-16T11:26:31","guid":{"rendered":"https:\/\/parafarmaonline.com\/product\/supradyn-actiu-gummies-adults-vitamines-i-energia-70-uts\/"},"modified":"2021-12-16T11:32:11","modified_gmt":"2021-12-16T11:32:11","slug":"supradyn-activo-gummies-adultos-vitaminas-y-energia-70-uds","status":"publish","type":"product","link":"https:\/\/parafarmaonline.com\/ca\/producto\/supradyn-activo-gummies-adultos-vitaminas-y-energia-70-uds\/","title":{"rendered":"Supradyn Actiu Gummies Adults Vitamines i Energia 70 uts"},"content":{"rendered":"<h2 class=\"coh-heading heading coh-instance-159062563 coh-ce-cpt_anchor_link_content-b3e39f17\">COM PRENDRE&#8217;L?<\/h2>\n<div class=\"coh-container coh-component coh-component-instance-d3c1e231-9a5f-44fd-ac09-77409e610d51 contextual-component coh-style-wysiwyg text-left text-mobile-left background-show margin-bottom-hide border-hide coh-instance-2563535250 coh-ce-cpt_wysiwyg-b4709b55 bg-image-fade-in\">\n<div class=\"coh-container WYSIWYG-container coh-container-boxed\">\n<div class=\"coh-wysiwyg wysiwyg-content\">\n<p>La seva presentaci\u00f3 innovadora en caramels de goma de delici\u00f3s sabor en facilita el consum diari.<\/p>\n<p><strong>2 caramels de goma al dia durant almenys 6 setmanes.<\/strong><\/p>\n<h2 class=\"coh-heading heading coh-instance-2408966123 coh-ce-cpt_anchor_link_content-b3e39f17\">QUAN PRENDRE&#8217;L?<\/h2>\n<p><strong>Supradyn Energy Gummies Adult<\/strong> est\u00e0 indicat per a totes aquelles persones actives, positives i energ\u00e8tiques, que volen seguir amb el seu ritme diari i arribar al final del dia amb energia per gaudir-ne.<\/p>\n<p><strong>Recomanat per a adults i adolescents a partir de 12 anys.<\/strong><\/p>\n<\/div>\n<\/div>\n<\/div>\n","protected":false},"excerpt":{"rendered":"<p><strong>Supradyn Gummies Adults 70 Gominoles<\/strong> cont\u00e9 vitamines del grup B, B2 i B6, que ajuden al metabolisme energ\u00e8tic normal ia reduir el cansament i la fatiga. La seva f\u00f3rmula est\u00e0 refor\u00e7ada amb antioxidants, que protegeixen les c\u00e8l\u00b7lules davant del dany oxidatiu com la vitamina C i l&#8217;E, i coenzim Q10.<\/p>\n","protected":false},"featured_media":4498,"comment_status":"open","ping_status":"closed","template":"","meta":[],"pwb-brand":[546],"product_cat":[338,339,333,363,368],"product_tag":[479,477,480,458,478,481,465],"class_list":{"0":"post-4540","1":"product","2":"type-product","3":"status-publish","4":"has-post-thumbnail","6":"pwb-brand-supradyn-ca","7":"product_cat-defenses","8":"product_cat-fatiga-cansament","9":"product_cat-herbolari","10":"product_cat-nutricio","11":"product_cat-vitamines","12":"product_tag-adults","13":"product_tag-cansament","14":"product_tag-coenzim-q10","15":"product_tag-defenses","16":"product_tag-fatiga-ca","17":"product_tag-multivitaminics","18":"product_tag-vitamines","20":"first","21":"instock","22":"taxable","23":"shipping-taxable","24":"purchasable","25":"product-type-simple"},"yoast_head":"<!-- This site is optimized with the Yoast SEO plugin v22.7 - https:\/\/yoast.com\/wordpress\/plugins\/seo\/ -->\n<title>Supradyn Actiu Gummies Adults Vitamines i Energia 70 uts - Parafarm\u00e0cia Online - Diet\u00e8tica herbolari fitoter\u00e0pia sense gluten.<\/title>\n<meta name=\"robots\" content=\"index, follow, max-snippet:-1, max-image-preview:large, max-video-preview:-1\" \/>\n<link rel=\"canonical\" href=\"https:\/\/parafarmaonline.com\/ca\/producto\/supradyn-activo-gummies-adultos-vitaminas-y-energia-70-uds\/\" \/>\n<meta property=\"og:locale\" content=\"ca_ES\" \/>\n<meta property=\"og:type\" content=\"article\" \/>\n<meta property=\"og:title\" content=\"Supradyn Actiu Gummies Adults Vitamines i Energia 70 uts - Parafarm\u00e0cia Online - Diet\u00e8tica herbolari fitoter\u00e0pia sense gluten.\" \/>\n<meta property=\"og:description\" content=\"Supradyn Gummies Adults 70 Gominoles cont\u00e9 vitamines del grup B, B2 i B6, que ajuden al metabolisme energ\u00e8tic normal ia reduir el cansament i la fatiga. La seva f\u00f3rmula est\u00e0 refor\u00e7ada amb antioxidants, que protegeixen les c\u00e8l\u00b7lules davant del dany oxidatiu com la vitamina C i l&#039;E, i coenzim Q10.\" \/>\n<meta property=\"og:url\" content=\"https:\/\/parafarmaonline.com\/ca\/producto\/supradyn-activo-gummies-adultos-vitaminas-y-energia-70-uds\/\" \/>\n<meta property=\"og:site_name\" content=\"Parafarm\u00e0cia Online - Diet\u00e8tica herbolari fitoter\u00e0pia sense gluten.\" \/>\n<meta property=\"article:modified_time\" content=\"2021-12-16T11:32:11+00:00\" \/>\n<meta property=\"og:image\" content=\"https:\/\/parafarmaonline.com\/wp-content\/uploads\/2021\/12\/supradyn-gummies-adultos-30-gominolas.jpg\" \/>\n\t<meta property=\"og:image:width\" content=\"458\" \/>\n\t<meta property=\"og:image:height\" content=\"458\" \/>\n\t<meta property=\"og:image:type\" content=\"image\/jpeg\" \/>\n<meta name=\"twitter:card\" content=\"summary_large_image\" \/>\n<script type=\"application\/ld+json\" class=\"yoast-schema-graph\">{\"@context\":\"https:\/\/schema.org\",\"@graph\":[{\"@type\":\"WebPage\",\"@id\":\"https:\/\/parafarmaonline.com\/ca\/producto\/supradyn-activo-gummies-adultos-vitaminas-y-energia-70-uds\/\",\"url\":\"https:\/\/parafarmaonline.com\/ca\/producto\/supradyn-activo-gummies-adultos-vitaminas-y-energia-70-uds\/\",\"name\":\"Supradyn Actiu Gummies Adults Vitamines i Energia 70 uts - Parafarm\u00e0cia Online - Diet\u00e8tica herbolari fitoter\u00e0pia sense gluten.\",\"isPartOf\":{\"@id\":\"https:\/\/parafarmaonline.com\/#website\"},\"primaryImageOfPage\":{\"@id\":\"https:\/\/parafarmaonline.com\/ca\/producto\/supradyn-activo-gummies-adultos-vitaminas-y-energia-70-uds\/#primaryimage\"},\"image\":{\"@id\":\"https:\/\/parafarmaonline.com\/ca\/producto\/supradyn-activo-gummies-adultos-vitaminas-y-energia-70-uds\/#primaryimage\"},\"thumbnailUrl\":\"https:\/\/parafarmaonline.com\/wp-content\/uploads\/2021\/12\/supradyn-gummies-adultos-30-gominolas.jpg\",\"datePublished\":\"2021-12-16T11:26:31+00:00\",\"dateModified\":\"2021-12-16T11:32:11+00:00\",\"breadcrumb\":{\"@id\":\"https:\/\/parafarmaonline.com\/ca\/producto\/supradyn-activo-gummies-adultos-vitaminas-y-energia-70-uds\/#breadcrumb\"},\"inLanguage\":\"ca\",\"potentialAction\":[{\"@type\":\"ReadAction\",\"target\":[\"https:\/\/parafarmaonline.com\/ca\/producto\/supradyn-activo-gummies-adultos-vitaminas-y-energia-70-uds\/\"]}]},{\"@type\":\"ImageObject\",\"inLanguage\":\"ca\",\"@id\":\"https:\/\/parafarmaonline.com\/ca\/producto\/supradyn-activo-gummies-adultos-vitaminas-y-energia-70-uds\/#primaryimage\",\"url\":\"https:\/\/parafarmaonline.com\/wp-content\/uploads\/2021\/12\/supradyn-gummies-adultos-30-gominolas.jpg\",\"contentUrl\":\"https:\/\/parafarmaonline.com\/wp-content\/uploads\/2021\/12\/supradyn-gummies-adultos-30-gominolas.jpg\",\"width\":458,\"height\":458},{\"@type\":\"BreadcrumbList\",\"@id\":\"https:\/\/parafarmaonline.com\/ca\/producto\/supradyn-activo-gummies-adultos-vitaminas-y-energia-70-uds\/#breadcrumb\",\"itemListElement\":[{\"@type\":\"ListItem\",\"position\":1,\"name\":\"Portada\",\"item\":\"https:\/\/parafarmaonline.com\/ca\/\"},{\"@type\":\"ListItem\",\"position\":2,\"name\":\"Botiga\",\"item\":\"https:\/\/parafarmaonline.com\/ca\/botiga\/\"},{\"@type\":\"ListItem\",\"position\":3,\"name\":\"Supradyn Actiu Gummies Adults Vitamines i Energia 70 uts\"}]},{\"@type\":\"WebSite\",\"@id\":\"https:\/\/parafarmaonline.com\/#website\",\"url\":\"https:\/\/parafarmaonline.com\/\",\"name\":\"Parafarm\u00e0cia Online - Diet\u00e8tica herbolari fitoter\u00e0pia sense gluten.\",\"description\":\"Els productes de parafarm\u00e0cia, diet\u00e8tica i herbolari s\u00f3n cada cop m\u00e9s habituals entre aquelles persones que volen cuidar la seva salut. Parafarma Online s'ha convertit en aquesta farm\u00e0cia en l\u00ednia.\",\"publisher\":{\"@id\":\"https:\/\/parafarmaonline.com\/#\/schema\/person\/3531a2a8cd3f575922327e5b7e16a598\"},\"potentialAction\":[{\"@type\":\"SearchAction\",\"target\":{\"@type\":\"EntryPoint\",\"urlTemplate\":\"https:\/\/parafarmaonline.com\/?s={search_term_string}\"},\"query-input\":\"required name=search_term_string\"}],\"inLanguage\":\"ca\"},{\"@type\":[\"Person\",\"Organization\"],\"@id\":\"https:\/\/parafarmaonline.com\/#\/schema\/person\/3531a2a8cd3f575922327e5b7e16a598\",\"name\":\"farmatural\",\"image\":{\"@type\":\"ImageObject\",\"inLanguage\":\"ca\",\"@id\":\"https:\/\/parafarmaonline.com\/#\/schema\/person\/image\/\",\"url\":\"https:\/\/parafarmaonline.com\/wp-content\/uploads\/2022\/01\/LOGO-PARAFARMA.png\",\"contentUrl\":\"https:\/\/parafarmaonline.com\/wp-content\/uploads\/2022\/01\/LOGO-PARAFARMA.png\",\"width\":371,\"height\":133,\"caption\":\"farmatural\"},\"logo\":{\"@id\":\"https:\/\/parafarmaonline.com\/#\/schema\/person\/image\/\"}}]}<\/script>\n<!-- \/ Yoast SEO plugin. -->","yoast_head_json":{"title":"Supradyn Actiu Gummies Adults Vitamines i Energia 70 uts - Parafarm\u00e0cia Online - Diet\u00e8tica herbolari fitoter\u00e0pia sense gluten.","robots":{"index":"index","follow":"follow","max-snippet":"max-snippet:-1","max-image-preview":"max-image-preview:large","max-video-preview":"max-video-preview:-1"},"canonical":"https:\/\/parafarmaonline.com\/ca\/producto\/supradyn-activo-gummies-adultos-vitaminas-y-energia-70-uds\/","og_locale":"ca_ES","og_type":"article","og_title":"Supradyn Actiu Gummies Adults Vitamines i Energia 70 uts - Parafarm\u00e0cia Online - Diet\u00e8tica herbolari fitoter\u00e0pia sense gluten.","og_description":"Supradyn Gummies Adults 70 Gominoles cont\u00e9 vitamines del grup B, B2 i B6, que ajuden al metabolisme energ\u00e8tic normal ia reduir el cansament i la fatiga. La seva f\u00f3rmula est\u00e0 refor\u00e7ada amb antioxidants, que protegeixen les c\u00e8l\u00b7lules davant del dany oxidatiu com la vitamina C i l'E, i coenzim Q10.","og_url":"https:\/\/parafarmaonline.com\/ca\/producto\/supradyn-activo-gummies-adultos-vitaminas-y-energia-70-uds\/","og_site_name":"Parafarm\u00e0cia Online - Diet\u00e8tica herbolari fitoter\u00e0pia sense gluten.","article_modified_time":"2021-12-16T11:32:11+00:00","og_image":[{"width":458,"height":458,"url":"https:\/\/parafarmaonline.com\/wp-content\/uploads\/2021\/12\/supradyn-gummies-adultos-30-gominolas.jpg","type":"image\/jpeg"}],"twitter_card":"summary_large_image","schema":{"@context":"https:\/\/schema.org","@graph":[{"@type":"WebPage","@id":"https:\/\/parafarmaonline.com\/ca\/producto\/supradyn-activo-gummies-adultos-vitaminas-y-energia-70-uds\/","url":"https:\/\/parafarmaonline.com\/ca\/producto\/supradyn-activo-gummies-adultos-vitaminas-y-energia-70-uds\/","name":"Supradyn Actiu Gummies Adults Vitamines i Energia 70 uts - Parafarm\u00e0cia Online - Diet\u00e8tica herbolari fitoter\u00e0pia sense gluten.","isPartOf":{"@id":"https:\/\/parafarmaonline.com\/#website"},"primaryImageOfPage":{"@id":"https:\/\/parafarmaonline.com\/ca\/producto\/supradyn-activo-gummies-adultos-vitaminas-y-energia-70-uds\/#primaryimage"},"image":{"@id":"https:\/\/parafarmaonline.com\/ca\/producto\/supradyn-activo-gummies-adultos-vitaminas-y-energia-70-uds\/#primaryimage"},"thumbnailUrl":"https:\/\/parafarmaonline.com\/wp-content\/uploads\/2021\/12\/supradyn-gummies-adultos-30-gominolas.jpg","datePublished":"2021-12-16T11:26:31+00:00","dateModified":"2021-12-16T11:32:11+00:00","breadcrumb":{"@id":"https:\/\/parafarmaonline.com\/ca\/producto\/supradyn-activo-gummies-adultos-vitaminas-y-energia-70-uds\/#breadcrumb"},"inLanguage":"ca","potentialAction":[{"@type":"ReadAction","target":["https:\/\/parafarmaonline.com\/ca\/producto\/supradyn-activo-gummies-adultos-vitaminas-y-energia-70-uds\/"]}]},{"@type":"ImageObject","inLanguage":"ca","@id":"https:\/\/parafarmaonline.com\/ca\/producto\/supradyn-activo-gummies-adultos-vitaminas-y-energia-70-uds\/#primaryimage","url":"https:\/\/parafarmaonline.com\/wp-content\/uploads\/2021\/12\/supradyn-gummies-adultos-30-gominolas.jpg","contentUrl":"https:\/\/parafarmaonline.com\/wp-content\/uploads\/2021\/12\/supradyn-gummies-adultos-30-gominolas.jpg","width":458,"height":458},{"@type":"BreadcrumbList","@id":"https:\/\/parafarmaonline.com\/ca\/producto\/supradyn-activo-gummies-adultos-vitaminas-y-energia-70-uds\/#breadcrumb","itemListElement":[{"@type":"ListItem","position":1,"name":"Portada","item":"https:\/\/parafarmaonline.com\/ca\/"},{"@type":"ListItem","position":2,"name":"Botiga","item":"https:\/\/parafarmaonline.com\/ca\/botiga\/"},{"@type":"ListItem","position":3,"name":"Supradyn Actiu Gummies Adults Vitamines i Energia 70 uts"}]},{"@type":"WebSite","@id":"https:\/\/parafarmaonline.com\/#website","url":"https:\/\/parafarmaonline.com\/","name":"Parafarm\u00e0cia Online - Diet\u00e8tica herbolari fitoter\u00e0pia sense gluten.","description":"Els productes de parafarm\u00e0cia, diet\u00e8tica i herbolari s\u00f3n cada cop m\u00e9s habituals entre aquelles persones que volen cuidar la seva salut. Parafarma Online s'ha convertit en aquesta farm\u00e0cia en l\u00ednia.","publisher":{"@id":"https:\/\/parafarmaonline.com\/#\/schema\/person\/3531a2a8cd3f575922327e5b7e16a598"},"potentialAction":[{"@type":"SearchAction","target":{"@type":"EntryPoint","urlTemplate":"https:\/\/parafarmaonline.com\/?s={search_term_string}"},"query-input":"required name=search_term_string"}],"inLanguage":"ca"},{"@type":["Person","Organization"],"@id":"https:\/\/parafarmaonline.com\/#\/schema\/person\/3531a2a8cd3f575922327e5b7e16a598","name":"farmatural","image":{"@type":"ImageObject","inLanguage":"ca","@id":"https:\/\/parafarmaonline.com\/#\/schema\/person\/image\/","url":"https:\/\/parafarmaonline.com\/wp-content\/uploads\/2022\/01\/LOGO-PARAFARMA.png","contentUrl":"https:\/\/parafarmaonline.com\/wp-content\/uploads\/2022\/01\/LOGO-PARAFARMA.png","width":371,"height":133,"caption":"farmatural"},"logo":{"@id":"https:\/\/parafarmaonline.com\/#\/schema\/person\/image\/"}}]}},"brands":[{"id":546,"name":"Supradyn","slug":"supradyn-ca"}],"_links":{"self":[{"href":"https:\/\/parafarmaonline.com\/ca\/wp-json\/wp\/v2\/product\/4540","targetHints":{"allow":["GET"]}}],"collection":[{"href":"https:\/\/parafarmaonline.com\/ca\/wp-json\/wp\/v2\/product"}],"about":[{"href":"https:\/\/parafarmaonline.com\/ca\/wp-json\/wp\/v2\/types\/product"}],"replies":[{"embeddable":true,"href":"https:\/\/parafarmaonline.com\/ca\/wp-json\/wp\/v2\/comments?post=4540"}],"wp:featuredmedia":[{"embeddable":true,"href":"https:\/\/parafarmaonline.com\/ca\/wp-json\/wp\/v2\/media\/4498"}],"wp:attachment":[{"href":"https:\/\/parafarmaonline.com\/ca\/wp-json\/wp\/v2\/media?parent=4540"}],"wp:term":[{"taxonomy":"pwb-brand","embeddable":true,"href":"https:\/\/parafarmaonline.com\/ca\/wp-json\/wp\/v2\/pwb-brand?post=4540"},{"taxonomy":"product_cat","embeddable":true,"href":"https:\/\/parafarmaonline.com\/ca\/wp-json\/wp\/v2\/product_cat?post=4540"},{"taxonomy":"product_tag","embeddable":true,"href":"https:\/\/parafarmaonline.com\/ca\/wp-json\/wp\/v2\/product_tag?post=4540"}],"curies":[{"name":"wp","href":"https:\/\/api.w.org\/{rel}","templated":true}]}}