{"id":4332,"date":"2021-11-23T09:21:23","date_gmt":"2021-12-02T15:47:33","guid":{"rendered":"https:\/\/parafarmaonline.com\/product\/dermopure-oil-control\/"},"modified":"2021-12-02T15:47:33","modified_gmt":"2021-12-02T15:47:33","slug":"dermopure-oil-control-2","status":"publish","type":"product","link":"https:\/\/parafarmaonline.com\/ca\/producto\/dermopure-oil-control-2\/","title":{"rendered":"Dermopure Oil Control"},"content":{"rendered":"<p>DERMOPURE OIL CONTROL<br \/>\nFluido Facial Hidratante Matificante<\/p>\n<p>&#8211; Efecto antibrillo 8 h<br \/>\n&#8211; Reduce las imperfecciones y aporta una textura m\u00e1s refinada a la piel<br \/>\n&#8211; Previene la producci\u00f3n excesiva de sebo<\/p>\n<p><strong>Piel propensa a las imperfecciones<\/strong><br \/>\nEfecto antibrillo 8h. Ayuda a reducir las imperfecciones y calma la piel<\/p>\n<section class=\"eucerin-cp cp-text right \">\n<div class=\"text\">\n<p>El innovador Eucerin DERMOPURE OIL CONTROL Fluido Facial Hidratante Matificante act\u00faa con efectividad sobre los granos y los puntos negros, y ayuda a controlar esa piel dif\u00edcil y propensa al acn\u00e9 y a sufrir imperfecciones. El fluido matificante contiene:<\/p>\n<p>&#8211; \u00c1cido salic\u00edlico: con acci\u00f3n simultanea antibacteriana y comedol\u00edtica, este principio activo ayuda a reducir las imperfecciones y sirve para prevenir que reaparezcan.<br \/>\n&#8211; Licocalc\u00f3n A: calma la irritaci\u00f3n y la inflamaci\u00f3n de la piel y reduce el enrojecimiento<br \/>\n&#8211; Tecnolog\u00eda reguladora de la producci\u00f3n de sebo: reduce la producci\u00f3n de sebo<br \/>\n&#8211; Part\u00edculas matificantes: proporcionan efecto antibrillo durante 8 horas, sin obstruir los poros<\/p>\n<p>La piel aparece m\u00e1s clara y el efecto matificante duradero mejora su complexi\u00f3n.<\/p>\n<p>Se puede utilizar durante el embarazo.<\/p>\n<\/div>\n<\/section>\n<section class=\"eucerin-cp cp-text right \">\n<p class=\"hdl-3\"><strong>Estudios cl\u00ednicos y dermatol\u00f3gicos<\/strong><\/p>\n<div class=\"text\">\n<p>Los estudios cl\u00ednicos y dermatol\u00f3gicos demuestran una gran tolerabilidad y eficacia en la piel propensa a las imperfecciones. Adecuada para pieles sensibles.<\/p>\n<\/div>\n<\/section>\n<section class=\"eucerin-cp cp-text right \">\n<p class=\"hdl-3\"><strong>Principales resultados<\/strong><\/p>\n<div class=\"text\">\n<p>En un estudio de autoevaluaci\u00f3n, 80 hombres y mujeres que presentan piel propensa al acn\u00e9, de edades comprendidas entre 15 y 40 a\u00f1os, se aplicaron Eucerin DERMOPURE Mattifying Fluid dos veces al d\u00eda (por la ma\u00f1ana y por la tarde) durante ocho semanas y anotaron los resultados siguientes:<br \/>\n&#8211; 99%: calma la irritaci\u00f3n<br \/>\n&#8211; 98%: disminuye la visibilidad de los poros<br \/>\n&#8211; 98%: mejora la complexi\u00f3n<br \/>\n&#8211; 96%: vuelve la piel m\u00e1s suave y m\u00e1s clara<br \/>\n&#8211; 94%: absorbe el exceso de sebo<br \/>\n&#8211; 94%: contribuye a controlar la formaci\u00f3n de grasa en la piel<br \/>\n&#8211; 94%: deja en la piel un acabado de talco<br \/>\n&#8211; 91%: efecto matificante duradero<br \/>\n&#8211; 91%: reduce las imperfecciones de manera visible<br \/>\n&#8211; 90%: previene la aparici\u00f3n de nuevas imperfecciones<br \/>\n&#8211; 85%: reduce el enrojecimiento<\/p>\n<\/div>\n<\/section>\n<section class=\"eucerin-cp cp-text right \">\n<p class=\"hdl-3\"><strong>Propiedades<\/strong><\/p>\n<div class=\"text\">\n<section class=\"eucerin-cp cp-image\"><picture class=\"\"><source srcset=\"https:\/\/images-2.eucerin.com\/~\/media\/eucerin\/international\/products\/dermopure\/imagery\/texture\/eucerin-de_dermopure_textur_mattierendes-fluid_2\/eucerin-de_dermopure_textur_mattierendes-fluid.webp?mw=500&amp;hash=6614D6687722A3CA42C63F02F3C782B6 1x\" type=\"image\/webp\" media=\"(min-width: 640px)\"><\/source><source srcset=\"https:\/\/images-2.eucerin.com\/~\/media\/eucerin\/international\/products\/dermopure\/imagery\/texture\/eucerin-de_dermopure_textur_mattierendes-fluid_2\/eucerin-de_dermopure_textur_mattierendes-fluid.jpg?mw=500&amp;hash=93F98C955D979DA6D1CFBDD5233ABCF2 1x\" media=\"(min-width: 640px)\"><\/source><source srcset=\"https:\/\/images-2.eucerin.com\/~\/media\/eucerin\/international\/products\/dermopure\/imagery\/texture\/eucerin-de_dermopure_textur_mattierendes-fluid.webp?mw=335&amp;hash=B3F281AFF3FC6F2A7C1108014EDE3928 1x\" type=\"image\/webp\" media=\"(max-width: 639px)\"><\/source><source srcset=\"https:\/\/images-2.eucerin.com\/~\/media\/eucerin\/international\/products\/dermopure\/imagery\/texture\/eucerin-de_dermopure_textur_mattierendes-fluid.jpg?mw=335&amp;hash=D0A3F7FE07096130B91419CD788CF396 1x\" media=\"(max-width: 639px)\"><\/source><source srcset=\"https:\/\/images-2.eucerin.com\/~\/media\/eucerin\/international\/products\/dermopure\/imagery\/texture\/eucerin-de_dermopure_textur_mattierendes-fluid_2\/eucerin-de_dermopure_textur_mattierendes-fluid.webp\" type=\"image\/webp\"><\/source><\/picture><\/section>\n<ul>\n<li>antibacteriano<\/li>\n<li>no comedog\u00e9nico<\/li>\n<li>no causa acn\u00e9<\/li>\n<li>sin grasa<\/li>\n<li>no obstruye los poros<\/li>\n<li>ligeramente perfumado<\/li>\n<\/ul>\n<\/div>\n<\/section>\n","protected":false},"excerpt":{"rendered":"<p>Fluido Facial Hidratante Matificante<\/p>\n","protected":false},"featured_media":4147,"comment_status":"open","ping_status":"closed","template":"","meta":[],"pwb-brand":[432],"product_cat":[313,314],"product_tag":[],"class_list":{"0":"post-4332","1":"product","2":"type-product","3":"status-publish","4":"has-post-thumbnail","6":"pwb-brand-eucerin-ca","7":"product_cat-cosmetica-i-bellesa","8":"product_cat-facial-ca","10":"first","11":"outofstock","12":"taxable","13":"shipping-taxable","14":"purchasable","15":"product-type-simple"},"yoast_head":"<!-- This site is optimized with the Yoast SEO plugin v22.7 - https:\/\/yoast.com\/wordpress\/plugins\/seo\/ -->\n<title>Dermopure Oil Control - Parafarm\u00e0cia Online - Diet\u00e8tica herbolari fitoter\u00e0pia sense gluten.<\/title>\n<meta name=\"robots\" content=\"index, follow, max-snippet:-1, max-image-preview:large, max-video-preview:-1\" \/>\n<link rel=\"canonical\" href=\"https:\/\/parafarmaonline.com\/ca\/producto\/dermopure-oil-control-2\/\" \/>\n<meta property=\"og:locale\" content=\"ca_ES\" \/>\n<meta property=\"og:type\" content=\"article\" \/>\n<meta property=\"og:title\" content=\"Dermopure Oil Control - Parafarm\u00e0cia Online - Diet\u00e8tica herbolari fitoter\u00e0pia sense gluten.\" \/>\n<meta property=\"og:description\" content=\"Fluido Facial Hidratante Matificante\" \/>\n<meta property=\"og:url\" content=\"https:\/\/parafarmaonline.com\/ca\/producto\/dermopure-oil-control-2\/\" \/>\n<meta property=\"og:site_name\" content=\"Parafarm\u00e0cia Online - Diet\u00e8tica herbolari fitoter\u00e0pia sense gluten.\" \/>\n<meta property=\"og:image\" content=\"https:\/\/parafarmaonline.com\/wp-content\/uploads\/2021\/11\/DERMOPURE-OIL-CONTROL-01.jpg\" \/>\n\t<meta property=\"og:image:width\" content=\"560\" \/>\n\t<meta property=\"og:image:height\" content=\"560\" \/>\n\t<meta property=\"og:image:type\" content=\"image\/jpeg\" \/>\n<meta name=\"twitter:card\" content=\"summary_large_image\" \/>\n<meta name=\"twitter:label1\" content=\"Temps estimat de lectura\" \/>\n\t<meta name=\"twitter:data1\" content=\"2 minuts\" \/>\n<script type=\"application\/ld+json\" class=\"yoast-schema-graph\">{\"@context\":\"https:\/\/schema.org\",\"@graph\":[{\"@type\":\"WebPage\",\"@id\":\"https:\/\/parafarmaonline.com\/ca\/producto\/dermopure-oil-control-2\/\",\"url\":\"https:\/\/parafarmaonline.com\/ca\/producto\/dermopure-oil-control-2\/\",\"name\":\"Dermopure Oil Control - Parafarm\u00e0cia Online - Diet\u00e8tica herbolari fitoter\u00e0pia sense gluten.\",\"isPartOf\":{\"@id\":\"https:\/\/parafarmaonline.com\/#website\"},\"primaryImageOfPage\":{\"@id\":\"https:\/\/parafarmaonline.com\/ca\/producto\/dermopure-oil-control-2\/#primaryimage\"},\"image\":{\"@id\":\"https:\/\/parafarmaonline.com\/ca\/producto\/dermopure-oil-control-2\/#primaryimage\"},\"thumbnailUrl\":\"https:\/\/parafarmaonline.com\/wp-content\/uploads\/2021\/11\/DERMOPURE-OIL-CONTROL-01.jpg\",\"datePublished\":\"2021-12-02T15:47:33+00:00\",\"dateModified\":\"2021-12-02T15:47:33+00:00\",\"breadcrumb\":{\"@id\":\"https:\/\/parafarmaonline.com\/ca\/producto\/dermopure-oil-control-2\/#breadcrumb\"},\"inLanguage\":\"ca\",\"potentialAction\":[{\"@type\":\"ReadAction\",\"target\":[\"https:\/\/parafarmaonline.com\/ca\/producto\/dermopure-oil-control-2\/\"]}]},{\"@type\":\"ImageObject\",\"inLanguage\":\"ca\",\"@id\":\"https:\/\/parafarmaonline.com\/ca\/producto\/dermopure-oil-control-2\/#primaryimage\",\"url\":\"https:\/\/parafarmaonline.com\/wp-content\/uploads\/2021\/11\/DERMOPURE-OIL-CONTROL-01.jpg\",\"contentUrl\":\"https:\/\/parafarmaonline.com\/wp-content\/uploads\/2021\/11\/DERMOPURE-OIL-CONTROL-01.jpg\",\"width\":560,\"height\":560,\"caption\":\"DERMOPURE OIL CONTROL\"},{\"@type\":\"BreadcrumbList\",\"@id\":\"https:\/\/parafarmaonline.com\/ca\/producto\/dermopure-oil-control-2\/#breadcrumb\",\"itemListElement\":[{\"@type\":\"ListItem\",\"position\":1,\"name\":\"Portada\",\"item\":\"https:\/\/parafarmaonline.com\/ca\/\"},{\"@type\":\"ListItem\",\"position\":2,\"name\":\"Botiga\",\"item\":\"https:\/\/parafarmaonline.com\/ca\/botiga\/\"},{\"@type\":\"ListItem\",\"position\":3,\"name\":\"Dermopure Oil Control\"}]},{\"@type\":\"WebSite\",\"@id\":\"https:\/\/parafarmaonline.com\/#website\",\"url\":\"https:\/\/parafarmaonline.com\/\",\"name\":\"Parafarm\u00e0cia Online - Diet\u00e8tica herbolari fitoter\u00e0pia sense gluten.\",\"description\":\"Els productes de parafarm\u00e0cia, diet\u00e8tica i herbolari s\u00f3n cada cop m\u00e9s habituals entre aquelles persones que volen cuidar la seva salut. Parafarma Online s'ha convertit en aquesta farm\u00e0cia en l\u00ednia.\",\"publisher\":{\"@id\":\"https:\/\/parafarmaonline.com\/#\/schema\/person\/3531a2a8cd3f575922327e5b7e16a598\"},\"potentialAction\":[{\"@type\":\"SearchAction\",\"target\":{\"@type\":\"EntryPoint\",\"urlTemplate\":\"https:\/\/parafarmaonline.com\/?s={search_term_string}\"},\"query-input\":\"required name=search_term_string\"}],\"inLanguage\":\"ca\"},{\"@type\":[\"Person\",\"Organization\"],\"@id\":\"https:\/\/parafarmaonline.com\/#\/schema\/person\/3531a2a8cd3f575922327e5b7e16a598\",\"name\":\"farmatural\",\"image\":{\"@type\":\"ImageObject\",\"inLanguage\":\"ca\",\"@id\":\"https:\/\/parafarmaonline.com\/#\/schema\/person\/image\/\",\"url\":\"https:\/\/parafarmaonline.com\/wp-content\/uploads\/2022\/01\/LOGO-PARAFARMA.png\",\"contentUrl\":\"https:\/\/parafarmaonline.com\/wp-content\/uploads\/2022\/01\/LOGO-PARAFARMA.png\",\"width\":371,\"height\":133,\"caption\":\"farmatural\"},\"logo\":{\"@id\":\"https:\/\/parafarmaonline.com\/#\/schema\/person\/image\/\"}}]}<\/script>\n<!-- \/ Yoast SEO plugin. -->","yoast_head_json":{"title":"Dermopure Oil Control - Parafarm\u00e0cia Online - Diet\u00e8tica herbolari fitoter\u00e0pia sense gluten.","robots":{"index":"index","follow":"follow","max-snippet":"max-snippet:-1","max-image-preview":"max-image-preview:large","max-video-preview":"max-video-preview:-1"},"canonical":"https:\/\/parafarmaonline.com\/ca\/producto\/dermopure-oil-control-2\/","og_locale":"ca_ES","og_type":"article","og_title":"Dermopure Oil Control - Parafarm\u00e0cia Online - Diet\u00e8tica herbolari fitoter\u00e0pia sense gluten.","og_description":"Fluido Facial Hidratante Matificante","og_url":"https:\/\/parafarmaonline.com\/ca\/producto\/dermopure-oil-control-2\/","og_site_name":"Parafarm\u00e0cia Online - Diet\u00e8tica herbolari fitoter\u00e0pia sense gluten.","og_image":[{"width":560,"height":560,"url":"https:\/\/parafarmaonline.com\/wp-content\/uploads\/2021\/11\/DERMOPURE-OIL-CONTROL-01.jpg","type":"image\/jpeg"}],"twitter_card":"summary_large_image","twitter_misc":{"Temps estimat de lectura":"2 minuts"},"schema":{"@context":"https:\/\/schema.org","@graph":[{"@type":"WebPage","@id":"https:\/\/parafarmaonline.com\/ca\/producto\/dermopure-oil-control-2\/","url":"https:\/\/parafarmaonline.com\/ca\/producto\/dermopure-oil-control-2\/","name":"Dermopure Oil Control - Parafarm\u00e0cia Online - Diet\u00e8tica herbolari fitoter\u00e0pia sense gluten.","isPartOf":{"@id":"https:\/\/parafarmaonline.com\/#website"},"primaryImageOfPage":{"@id":"https:\/\/parafarmaonline.com\/ca\/producto\/dermopure-oil-control-2\/#primaryimage"},"image":{"@id":"https:\/\/parafarmaonline.com\/ca\/producto\/dermopure-oil-control-2\/#primaryimage"},"thumbnailUrl":"https:\/\/parafarmaonline.com\/wp-content\/uploads\/2021\/11\/DERMOPURE-OIL-CONTROL-01.jpg","datePublished":"2021-12-02T15:47:33+00:00","dateModified":"2021-12-02T15:47:33+00:00","breadcrumb":{"@id":"https:\/\/parafarmaonline.com\/ca\/producto\/dermopure-oil-control-2\/#breadcrumb"},"inLanguage":"ca","potentialAction":[{"@type":"ReadAction","target":["https:\/\/parafarmaonline.com\/ca\/producto\/dermopure-oil-control-2\/"]}]},{"@type":"ImageObject","inLanguage":"ca","@id":"https:\/\/parafarmaonline.com\/ca\/producto\/dermopure-oil-control-2\/#primaryimage","url":"https:\/\/parafarmaonline.com\/wp-content\/uploads\/2021\/11\/DERMOPURE-OIL-CONTROL-01.jpg","contentUrl":"https:\/\/parafarmaonline.com\/wp-content\/uploads\/2021\/11\/DERMOPURE-OIL-CONTROL-01.jpg","width":560,"height":560,"caption":"DERMOPURE OIL CONTROL"},{"@type":"BreadcrumbList","@id":"https:\/\/parafarmaonline.com\/ca\/producto\/dermopure-oil-control-2\/#breadcrumb","itemListElement":[{"@type":"ListItem","position":1,"name":"Portada","item":"https:\/\/parafarmaonline.com\/ca\/"},{"@type":"ListItem","position":2,"name":"Botiga","item":"https:\/\/parafarmaonline.com\/ca\/botiga\/"},{"@type":"ListItem","position":3,"name":"Dermopure Oil Control"}]},{"@type":"WebSite","@id":"https:\/\/parafarmaonline.com\/#website","url":"https:\/\/parafarmaonline.com\/","name":"Parafarm\u00e0cia Online - Diet\u00e8tica herbolari fitoter\u00e0pia sense gluten.","description":"Els productes de parafarm\u00e0cia, diet\u00e8tica i herbolari s\u00f3n cada cop m\u00e9s habituals entre aquelles persones que volen cuidar la seva salut. Parafarma Online s'ha convertit en aquesta farm\u00e0cia en l\u00ednia.","publisher":{"@id":"https:\/\/parafarmaonline.com\/#\/schema\/person\/3531a2a8cd3f575922327e5b7e16a598"},"potentialAction":[{"@type":"SearchAction","target":{"@type":"EntryPoint","urlTemplate":"https:\/\/parafarmaonline.com\/?s={search_term_string}"},"query-input":"required name=search_term_string"}],"inLanguage":"ca"},{"@type":["Person","Organization"],"@id":"https:\/\/parafarmaonline.com\/#\/schema\/person\/3531a2a8cd3f575922327e5b7e16a598","name":"farmatural","image":{"@type":"ImageObject","inLanguage":"ca","@id":"https:\/\/parafarmaonline.com\/#\/schema\/person\/image\/","url":"https:\/\/parafarmaonline.com\/wp-content\/uploads\/2022\/01\/LOGO-PARAFARMA.png","contentUrl":"https:\/\/parafarmaonline.com\/wp-content\/uploads\/2022\/01\/LOGO-PARAFARMA.png","width":371,"height":133,"caption":"farmatural"},"logo":{"@id":"https:\/\/parafarmaonline.com\/#\/schema\/person\/image\/"}}]}},"brands":[{"id":432,"name":"Eucerin","slug":"eucerin-ca"}],"_links":{"self":[{"href":"https:\/\/parafarmaonline.com\/ca\/wp-json\/wp\/v2\/product\/4332","targetHints":{"allow":["GET"]}}],"collection":[{"href":"https:\/\/parafarmaonline.com\/ca\/wp-json\/wp\/v2\/product"}],"about":[{"href":"https:\/\/parafarmaonline.com\/ca\/wp-json\/wp\/v2\/types\/product"}],"replies":[{"embeddable":true,"href":"https:\/\/parafarmaonline.com\/ca\/wp-json\/wp\/v2\/comments?post=4332"}],"wp:featuredmedia":[{"embeddable":true,"href":"https:\/\/parafarmaonline.com\/ca\/wp-json\/wp\/v2\/media\/4147"}],"wp:attachment":[{"href":"https:\/\/parafarmaonline.com\/ca\/wp-json\/wp\/v2\/media?parent=4332"}],"wp:term":[{"taxonomy":"pwb-brand","embeddable":true,"href":"https:\/\/parafarmaonline.com\/ca\/wp-json\/wp\/v2\/pwb-brand?post=4332"},{"taxonomy":"product_cat","embeddable":true,"href":"https:\/\/parafarmaonline.com\/ca\/wp-json\/wp\/v2\/product_cat?post=4332"},{"taxonomy":"product_tag","embeddable":true,"href":"https:\/\/parafarmaonline.com\/ca\/wp-json\/wp\/v2\/product_tag?post=4332"}],"curies":[{"name":"wp","href":"https:\/\/api.w.org\/{rel}","templated":true}]}}