{"id":4322,"date":"2021-11-23T12:00:47","date_gmt":"2021-12-02T15:47:29","guid":{"rendered":"https:\/\/parafarmaonline.com\/product\/faixa-abdominal-de-compressio-l\/"},"modified":"2021-12-02T15:47:29","modified_gmt":"2021-12-02T15:47:29","slug":"futuro-faja-abdominal-de-compresion-l-2","status":"publish","type":"product","link":"https:\/\/parafarmaonline.com\/ca\/producto\/futuro-faja-abdominal-de-compresion-l-2\/","title":{"rendered":"Faixa Abdominal de compressi\u00f3 L"},"content":{"rendered":"<p>Tras operarte, lo \u00fanico que piensas es en recuperarte. La faja abdominal FUTURO\u2122 es tu soluci\u00f3n de referencia para una sujeci\u00f3n moderada a lo largo del d\u00eda. Esta faja abdominal est\u00e1 fabricada con un tejido duradero y con el\u00e1stico doble e incluye cierres reposicionables para ofrecer un ajuste personalizable. El revestimiento de felpa es c\u00f3modo de llevar sobre la piel y su dise\u00f1o de perfil fino hace que entre debajo de la ropa. Para ti, tom\u00e1rtelo con calma no forma parte del plan, por lo que recurre a la faja abdominal FUTURO\u2122 para ayudarte a recuperar tu mejor forma.<\/p>\n<ul>\n<li>Sujeta y eleva el abdomen<\/li>\n<li>Ideal para: Soporte abdominal postquir\u00fargico<\/li>\n<li>Dise\u00f1o anat\u00f3mico, ce\u00f1ido y envolvente con cierres ajustables para un ajuste personalizado<\/li>\n<li>Revestimiento afelpado para mayor comodidad<\/li>\n<li>Material transpirable<\/li>\n<li>L<\/li>\n<li>Recomendado por nuestro panel de expertos formado por ingenieros y profesionales m\u00e9dicos<\/li>\n<li>Uso previsto: Para sujetar un abdomen ca\u00eddo<\/li>\n<\/ul>\n<p>Forma anat\u00f3mica y cierres ajustables para un obtener un ajuste personalizado. Revestimiento afelpado para mayor comodidad. El panel frontal, suave y plegable, se ajusta al contorno del cuerpo, para una mayor comodidad.<\/p>\n","protected":false},"excerpt":{"rendered":"<p>Ideal para soporte abdominal postquir\u00fargico<\/p>\n","protected":false},"featured_media":4163,"comment_status":"open","ping_status":"closed","template":"","meta":[],"pwb-brand":[447],"product_cat":[371,369],"product_tag":[],"class_list":{"0":"post-4322","1":"product","2":"type-product","3":"status-publish","4":"has-post-thumbnail","6":"pwb-brand-futuro-ca","7":"product_cat-lesions","8":"product_cat-ortopedia-ca","10":"first","11":"instock","12":"taxable","13":"shipping-taxable","14":"purchasable","15":"product-type-simple"},"yoast_head":"<!-- This site is optimized with the Yoast SEO plugin v22.7 - https:\/\/yoast.com\/wordpress\/plugins\/seo\/ -->\n<title>Faixa Abdominal de compressi\u00f3 L - Parafarm\u00e0cia Online - Diet\u00e8tica herbolari fitoter\u00e0pia sense gluten.<\/title>\n<meta name=\"robots\" content=\"index, follow, max-snippet:-1, max-image-preview:large, max-video-preview:-1\" \/>\n<link rel=\"canonical\" href=\"https:\/\/parafarmaonline.com\/ca\/producto\/futuro-faja-abdominal-de-compresion-l-2\/\" \/>\n<meta property=\"og:locale\" content=\"ca_ES\" \/>\n<meta property=\"og:type\" content=\"article\" \/>\n<meta property=\"og:title\" content=\"Faixa Abdominal de compressi\u00f3 L - Parafarm\u00e0cia Online - Diet\u00e8tica herbolari fitoter\u00e0pia sense gluten.\" \/>\n<meta property=\"og:description\" content=\"Ideal para soporte abdominal postquir\u00fargico\" \/>\n<meta property=\"og:url\" content=\"https:\/\/parafarmaonline.com\/ca\/producto\/futuro-faja-abdominal-de-compresion-l-2\/\" \/>\n<meta property=\"og:site_name\" content=\"Parafarm\u00e0cia Online - Diet\u00e8tica herbolari fitoter\u00e0pia sense gluten.\" \/>\n<meta property=\"og:image\" content=\"https:\/\/parafarmaonline.com\/wp-content\/uploads\/2021\/11\/FUTURO-Faja-Abdominal-L-01.jpg\" \/>\n\t<meta property=\"og:image:width\" content=\"458\" \/>\n\t<meta property=\"og:image:height\" content=\"458\" \/>\n\t<meta property=\"og:image:type\" content=\"image\/jpeg\" \/>\n<meta name=\"twitter:card\" content=\"summary_large_image\" \/>\n<meta name=\"twitter:label1\" content=\"Temps estimat de lectura\" \/>\n\t<meta name=\"twitter:data1\" content=\"1 minut\" \/>\n<script type=\"application\/ld+json\" class=\"yoast-schema-graph\">{\"@context\":\"https:\/\/schema.org\",\"@graph\":[{\"@type\":\"WebPage\",\"@id\":\"https:\/\/parafarmaonline.com\/ca\/producto\/futuro-faja-abdominal-de-compresion-l-2\/\",\"url\":\"https:\/\/parafarmaonline.com\/ca\/producto\/futuro-faja-abdominal-de-compresion-l-2\/\",\"name\":\"Faixa Abdominal de compressi\u00f3 L - Parafarm\u00e0cia Online - Diet\u00e8tica herbolari fitoter\u00e0pia sense gluten.\",\"isPartOf\":{\"@id\":\"https:\/\/parafarmaonline.com\/#website\"},\"primaryImageOfPage\":{\"@id\":\"https:\/\/parafarmaonline.com\/ca\/producto\/futuro-faja-abdominal-de-compresion-l-2\/#primaryimage\"},\"image\":{\"@id\":\"https:\/\/parafarmaonline.com\/ca\/producto\/futuro-faja-abdominal-de-compresion-l-2\/#primaryimage\"},\"thumbnailUrl\":\"https:\/\/parafarmaonline.com\/wp-content\/uploads\/2021\/11\/FUTURO-Faja-Abdominal-L-01.jpg\",\"datePublished\":\"2021-12-02T15:47:29+00:00\",\"dateModified\":\"2021-12-02T15:47:29+00:00\",\"breadcrumb\":{\"@id\":\"https:\/\/parafarmaonline.com\/ca\/producto\/futuro-faja-abdominal-de-compresion-l-2\/#breadcrumb\"},\"inLanguage\":\"ca\",\"potentialAction\":[{\"@type\":\"ReadAction\",\"target\":[\"https:\/\/parafarmaonline.com\/ca\/producto\/futuro-faja-abdominal-de-compresion-l-2\/\"]}]},{\"@type\":\"ImageObject\",\"inLanguage\":\"ca\",\"@id\":\"https:\/\/parafarmaonline.com\/ca\/producto\/futuro-faja-abdominal-de-compresion-l-2\/#primaryimage\",\"url\":\"https:\/\/parafarmaonline.com\/wp-content\/uploads\/2021\/11\/FUTURO-Faja-Abdominal-L-01.jpg\",\"contentUrl\":\"https:\/\/parafarmaonline.com\/wp-content\/uploads\/2021\/11\/FUTURO-Faja-Abdominal-L-01.jpg\",\"width\":458,\"height\":458,\"caption\":\"Faja Abdominal de compresi\u00f3n\"},{\"@type\":\"BreadcrumbList\",\"@id\":\"https:\/\/parafarmaonline.com\/ca\/producto\/futuro-faja-abdominal-de-compresion-l-2\/#breadcrumb\",\"itemListElement\":[{\"@type\":\"ListItem\",\"position\":1,\"name\":\"Portada\",\"item\":\"https:\/\/parafarmaonline.com\/ca\/\"},{\"@type\":\"ListItem\",\"position\":2,\"name\":\"Botiga\",\"item\":\"https:\/\/parafarmaonline.com\/ca\/botiga\/\"},{\"@type\":\"ListItem\",\"position\":3,\"name\":\"Faixa Abdominal de compressi\u00f3 L\"}]},{\"@type\":\"WebSite\",\"@id\":\"https:\/\/parafarmaonline.com\/#website\",\"url\":\"https:\/\/parafarmaonline.com\/\",\"name\":\"Parafarm\u00e0cia Online - Diet\u00e8tica herbolari fitoter\u00e0pia sense gluten.\",\"description\":\"Els productes de parafarm\u00e0cia, diet\u00e8tica i herbolari s\u00f3n cada cop m\u00e9s habituals entre aquelles persones que volen cuidar la seva salut. Parafarma Online s'ha convertit en aquesta farm\u00e0cia en l\u00ednia.\",\"publisher\":{\"@id\":\"https:\/\/parafarmaonline.com\/#\/schema\/person\/3531a2a8cd3f575922327e5b7e16a598\"},\"potentialAction\":[{\"@type\":\"SearchAction\",\"target\":{\"@type\":\"EntryPoint\",\"urlTemplate\":\"https:\/\/parafarmaonline.com\/?s={search_term_string}\"},\"query-input\":\"required name=search_term_string\"}],\"inLanguage\":\"ca\"},{\"@type\":[\"Person\",\"Organization\"],\"@id\":\"https:\/\/parafarmaonline.com\/#\/schema\/person\/3531a2a8cd3f575922327e5b7e16a598\",\"name\":\"farmatural\",\"image\":{\"@type\":\"ImageObject\",\"inLanguage\":\"ca\",\"@id\":\"https:\/\/parafarmaonline.com\/#\/schema\/person\/image\/\",\"url\":\"https:\/\/parafarmaonline.com\/wp-content\/uploads\/2022\/01\/LOGO-PARAFARMA.png\",\"contentUrl\":\"https:\/\/parafarmaonline.com\/wp-content\/uploads\/2022\/01\/LOGO-PARAFARMA.png\",\"width\":371,\"height\":133,\"caption\":\"farmatural\"},\"logo\":{\"@id\":\"https:\/\/parafarmaonline.com\/#\/schema\/person\/image\/\"}}]}<\/script>\n<!-- \/ Yoast SEO plugin. -->","yoast_head_json":{"title":"Faixa Abdominal de compressi\u00f3 L - Parafarm\u00e0cia Online - Diet\u00e8tica herbolari fitoter\u00e0pia sense gluten.","robots":{"index":"index","follow":"follow","max-snippet":"max-snippet:-1","max-image-preview":"max-image-preview:large","max-video-preview":"max-video-preview:-1"},"canonical":"https:\/\/parafarmaonline.com\/ca\/producto\/futuro-faja-abdominal-de-compresion-l-2\/","og_locale":"ca_ES","og_type":"article","og_title":"Faixa Abdominal de compressi\u00f3 L - Parafarm\u00e0cia Online - Diet\u00e8tica herbolari fitoter\u00e0pia sense gluten.","og_description":"Ideal para soporte abdominal postquir\u00fargico","og_url":"https:\/\/parafarmaonline.com\/ca\/producto\/futuro-faja-abdominal-de-compresion-l-2\/","og_site_name":"Parafarm\u00e0cia Online - Diet\u00e8tica herbolari fitoter\u00e0pia sense gluten.","og_image":[{"width":458,"height":458,"url":"https:\/\/parafarmaonline.com\/wp-content\/uploads\/2021\/11\/FUTURO-Faja-Abdominal-L-01.jpg","type":"image\/jpeg"}],"twitter_card":"summary_large_image","twitter_misc":{"Temps estimat de lectura":"1 minut"},"schema":{"@context":"https:\/\/schema.org","@graph":[{"@type":"WebPage","@id":"https:\/\/parafarmaonline.com\/ca\/producto\/futuro-faja-abdominal-de-compresion-l-2\/","url":"https:\/\/parafarmaonline.com\/ca\/producto\/futuro-faja-abdominal-de-compresion-l-2\/","name":"Faixa Abdominal de compressi\u00f3 L - Parafarm\u00e0cia Online - Diet\u00e8tica herbolari fitoter\u00e0pia sense gluten.","isPartOf":{"@id":"https:\/\/parafarmaonline.com\/#website"},"primaryImageOfPage":{"@id":"https:\/\/parafarmaonline.com\/ca\/producto\/futuro-faja-abdominal-de-compresion-l-2\/#primaryimage"},"image":{"@id":"https:\/\/parafarmaonline.com\/ca\/producto\/futuro-faja-abdominal-de-compresion-l-2\/#primaryimage"},"thumbnailUrl":"https:\/\/parafarmaonline.com\/wp-content\/uploads\/2021\/11\/FUTURO-Faja-Abdominal-L-01.jpg","datePublished":"2021-12-02T15:47:29+00:00","dateModified":"2021-12-02T15:47:29+00:00","breadcrumb":{"@id":"https:\/\/parafarmaonline.com\/ca\/producto\/futuro-faja-abdominal-de-compresion-l-2\/#breadcrumb"},"inLanguage":"ca","potentialAction":[{"@type":"ReadAction","target":["https:\/\/parafarmaonline.com\/ca\/producto\/futuro-faja-abdominal-de-compresion-l-2\/"]}]},{"@type":"ImageObject","inLanguage":"ca","@id":"https:\/\/parafarmaonline.com\/ca\/producto\/futuro-faja-abdominal-de-compresion-l-2\/#primaryimage","url":"https:\/\/parafarmaonline.com\/wp-content\/uploads\/2021\/11\/FUTURO-Faja-Abdominal-L-01.jpg","contentUrl":"https:\/\/parafarmaonline.com\/wp-content\/uploads\/2021\/11\/FUTURO-Faja-Abdominal-L-01.jpg","width":458,"height":458,"caption":"Faja Abdominal de compresi\u00f3n"},{"@type":"BreadcrumbList","@id":"https:\/\/parafarmaonline.com\/ca\/producto\/futuro-faja-abdominal-de-compresion-l-2\/#breadcrumb","itemListElement":[{"@type":"ListItem","position":1,"name":"Portada","item":"https:\/\/parafarmaonline.com\/ca\/"},{"@type":"ListItem","position":2,"name":"Botiga","item":"https:\/\/parafarmaonline.com\/ca\/botiga\/"},{"@type":"ListItem","position":3,"name":"Faixa Abdominal de compressi\u00f3 L"}]},{"@type":"WebSite","@id":"https:\/\/parafarmaonline.com\/#website","url":"https:\/\/parafarmaonline.com\/","name":"Parafarm\u00e0cia Online - Diet\u00e8tica herbolari fitoter\u00e0pia sense gluten.","description":"Els productes de parafarm\u00e0cia, diet\u00e8tica i herbolari s\u00f3n cada cop m\u00e9s habituals entre aquelles persones que volen cuidar la seva salut. Parafarma Online s'ha convertit en aquesta farm\u00e0cia en l\u00ednia.","publisher":{"@id":"https:\/\/parafarmaonline.com\/#\/schema\/person\/3531a2a8cd3f575922327e5b7e16a598"},"potentialAction":[{"@type":"SearchAction","target":{"@type":"EntryPoint","urlTemplate":"https:\/\/parafarmaonline.com\/?s={search_term_string}"},"query-input":"required name=search_term_string"}],"inLanguage":"ca"},{"@type":["Person","Organization"],"@id":"https:\/\/parafarmaonline.com\/#\/schema\/person\/3531a2a8cd3f575922327e5b7e16a598","name":"farmatural","image":{"@type":"ImageObject","inLanguage":"ca","@id":"https:\/\/parafarmaonline.com\/#\/schema\/person\/image\/","url":"https:\/\/parafarmaonline.com\/wp-content\/uploads\/2022\/01\/LOGO-PARAFARMA.png","contentUrl":"https:\/\/parafarmaonline.com\/wp-content\/uploads\/2022\/01\/LOGO-PARAFARMA.png","width":371,"height":133,"caption":"farmatural"},"logo":{"@id":"https:\/\/parafarmaonline.com\/#\/schema\/person\/image\/"}}]}},"brands":[{"id":447,"name":"Futuro","slug":"futuro-ca"}],"_links":{"self":[{"href":"https:\/\/parafarmaonline.com\/ca\/wp-json\/wp\/v2\/product\/4322","targetHints":{"allow":["GET"]}}],"collection":[{"href":"https:\/\/parafarmaonline.com\/ca\/wp-json\/wp\/v2\/product"}],"about":[{"href":"https:\/\/parafarmaonline.com\/ca\/wp-json\/wp\/v2\/types\/product"}],"replies":[{"embeddable":true,"href":"https:\/\/parafarmaonline.com\/ca\/wp-json\/wp\/v2\/comments?post=4322"}],"wp:featuredmedia":[{"embeddable":true,"href":"https:\/\/parafarmaonline.com\/ca\/wp-json\/wp\/v2\/media\/4163"}],"wp:attachment":[{"href":"https:\/\/parafarmaonline.com\/ca\/wp-json\/wp\/v2\/media?parent=4322"}],"wp:term":[{"taxonomy":"pwb-brand","embeddable":true,"href":"https:\/\/parafarmaonline.com\/ca\/wp-json\/wp\/v2\/pwb-brand?post=4322"},{"taxonomy":"product_cat","embeddable":true,"href":"https:\/\/parafarmaonline.com\/ca\/wp-json\/wp\/v2\/product_cat?post=4322"},{"taxonomy":"product_tag","embeddable":true,"href":"https:\/\/parafarmaonline.com\/ca\/wp-json\/wp\/v2\/product_tag?post=4322"}],"curies":[{"name":"wp","href":"https:\/\/api.w.org\/{rel}","templated":true}]}}