{"id":4315,"date":"2021-11-24T10:45:22","date_gmt":"2021-12-02T15:41:39","guid":{"rendered":"https:\/\/parafarmaonline.com\/product\/mam-perfect-start-fairytale-xumet\/"},"modified":"2021-12-02T15:41:39","modified_gmt":"2021-12-02T15:41:39","slug":"mam-perfect-start-fairytale-xumet","status":"publish","type":"product","link":"https:\/\/parafarmaonline.com\/ca\/producto\/mam-perfect-start-fairytale-xumet\/","title":{"rendered":"MAM Perfect Start Fairytale &#8211; Xumet"},"content":{"rendered":"<p>Ideal para reci\u00e9n nacidos y particularmente cuidadoso con los dientes.<\/p>\n<ul>\n<li><strong>Tama\u00f1o extra peque\u00f1o<\/strong>: ideal para reci\u00e9n nacidos<\/li>\n<li>Su tetina exclusiva es un <strong>60 % m\u00e1s fina y 4 veces m\u00e1s flexible<\/strong>*** que las tetinas de chupetes convencionales<\/li>\n<li>Permite un <strong>cierre m\u00e1s natural de la boca<\/strong><\/li>\n<li>Dise\u00f1ado para <strong>reducir el riesgo de dientes desalineados y de malformaci\u00f3n de la boca<\/strong><\/li>\n<li><strong>Cl\u00ednicamente probado<\/strong>: apoya un desarrollo saludable de los dientes y de la mand\u00edbula**<\/li>\n<li>Desarrollado con ortodontistas y dentistas pedi\u00e1tricos<\/li>\n<li>Disponible con silicona MAM SkinSoft\u2122 para una <strong>r\u00e1pida aceptaci\u00f3n<\/strong><\/li>\n<li>Calma y reconforta al beb\u00e9<\/li>\n<li>Se suministra en una pr\u00e1ctica <b>caja autoesterilizable <\/b>tanto para su transporte como para una esterilizaci\u00f3n c\u00f3moda y r\u00e1pida en el microondas, en tan s\u00f3lo 3 minutos<\/li>\n<\/ul>\n","protected":false},"excerpt":{"rendered":"<p>El mejor apoyo para un desarrollo bucal saludable.<\/p>\n","protected":false},"featured_media":4171,"comment_status":"open","ping_status":"closed","template":"","meta":[],"pwb-brand":[435],"product_cat":[354,358],"product_tag":[],"class_list":{"0":"post-4315","1":"product","2":"type-product","3":"status-publish","4":"has-post-thumbnail","6":"pwb-brand-mam-ca","7":"product_cat-infantil-ca","8":"product_cat-xumets","10":"first","11":"outofstock","12":"taxable","13":"shipping-taxable","14":"purchasable","15":"product-type-variable"},"yoast_head":"<!-- This site is optimized with the Yoast SEO plugin v22.7 - https:\/\/yoast.com\/wordpress\/plugins\/seo\/ -->\n<title>MAM Perfect Start Fairytale - Xumet - Parafarm\u00e0cia Online - Diet\u00e8tica herbolari fitoter\u00e0pia sense gluten.<\/title>\n<meta name=\"robots\" content=\"index, follow, max-snippet:-1, max-image-preview:large, max-video-preview:-1\" \/>\n<link rel=\"canonical\" href=\"https:\/\/parafarmaonline.com\/ca\/producto\/mam-perfect-start-fairytale-xumet\/\" \/>\n<meta property=\"og:locale\" content=\"ca_ES\" \/>\n<meta property=\"og:type\" content=\"article\" \/>\n<meta property=\"og:title\" content=\"MAM Perfect Start Fairytale - Xumet - Parafarm\u00e0cia Online - Diet\u00e8tica herbolari fitoter\u00e0pia sense gluten.\" \/>\n<meta property=\"og:description\" content=\"El mejor apoyo para un desarrollo bucal saludable.\" \/>\n<meta property=\"og:url\" content=\"https:\/\/parafarmaonline.com\/ca\/producto\/mam-perfect-start-fairytale-xumet\/\" \/>\n<meta property=\"og:site_name\" content=\"Parafarm\u00e0cia Online - Diet\u00e8tica herbolari fitoter\u00e0pia sense gluten.\" \/>\n<meta property=\"og:image\" content=\"https:\/\/parafarmaonline.com\/wp-content\/uploads\/2021\/11\/Fairytale-Chupete-04.jpg\" \/>\n\t<meta property=\"og:image:width\" content=\"1000\" \/>\n\t<meta property=\"og:image:height\" content=\"1000\" \/>\n\t<meta property=\"og:image:type\" content=\"image\/jpeg\" \/>\n<meta name=\"twitter:card\" content=\"summary_large_image\" \/>\n<meta name=\"twitter:label1\" content=\"Temps estimat de lectura\" \/>\n\t<meta name=\"twitter:data1\" content=\"1 minut\" \/>\n<script type=\"application\/ld+json\" class=\"yoast-schema-graph\">{\"@context\":\"https:\/\/schema.org\",\"@graph\":[{\"@type\":\"WebPage\",\"@id\":\"https:\/\/parafarmaonline.com\/ca\/producto\/mam-perfect-start-fairytale-xumet\/\",\"url\":\"https:\/\/parafarmaonline.com\/ca\/producto\/mam-perfect-start-fairytale-xumet\/\",\"name\":\"MAM Perfect Start Fairytale - Xumet - Parafarm\u00e0cia Online - Diet\u00e8tica herbolari fitoter\u00e0pia sense gluten.\",\"isPartOf\":{\"@id\":\"https:\/\/parafarmaonline.com\/#website\"},\"primaryImageOfPage\":{\"@id\":\"https:\/\/parafarmaonline.com\/ca\/producto\/mam-perfect-start-fairytale-xumet\/#primaryimage\"},\"image\":{\"@id\":\"https:\/\/parafarmaonline.com\/ca\/producto\/mam-perfect-start-fairytale-xumet\/#primaryimage\"},\"thumbnailUrl\":\"https:\/\/parafarmaonline.com\/wp-content\/uploads\/2021\/11\/Fairytale-Chupete-04.jpg\",\"datePublished\":\"2021-12-02T15:41:39+00:00\",\"dateModified\":\"2021-12-02T15:41:39+00:00\",\"breadcrumb\":{\"@id\":\"https:\/\/parafarmaonline.com\/ca\/producto\/mam-perfect-start-fairytale-xumet\/#breadcrumb\"},\"inLanguage\":\"ca\",\"potentialAction\":[{\"@type\":\"ReadAction\",\"target\":[\"https:\/\/parafarmaonline.com\/ca\/producto\/mam-perfect-start-fairytale-xumet\/\"]}]},{\"@type\":\"ImageObject\",\"inLanguage\":\"ca\",\"@id\":\"https:\/\/parafarmaonline.com\/ca\/producto\/mam-perfect-start-fairytale-xumet\/#primaryimage\",\"url\":\"https:\/\/parafarmaonline.com\/wp-content\/uploads\/2021\/11\/Fairytale-Chupete-04.jpg\",\"contentUrl\":\"https:\/\/parafarmaonline.com\/wp-content\/uploads\/2021\/11\/Fairytale-Chupete-04.jpg\",\"width\":1000,\"height\":1000,\"caption\":\"MAM Perfect Start Fairytale\"},{\"@type\":\"BreadcrumbList\",\"@id\":\"https:\/\/parafarmaonline.com\/ca\/producto\/mam-perfect-start-fairytale-xumet\/#breadcrumb\",\"itemListElement\":[{\"@type\":\"ListItem\",\"position\":1,\"name\":\"Portada\",\"item\":\"https:\/\/parafarmaonline.com\/ca\/\"},{\"@type\":\"ListItem\",\"position\":2,\"name\":\"Botiga\",\"item\":\"https:\/\/parafarmaonline.com\/ca\/botiga\/\"},{\"@type\":\"ListItem\",\"position\":3,\"name\":\"MAM Perfect Start Fairytale &#8211; Xumet\"}]},{\"@type\":\"WebSite\",\"@id\":\"https:\/\/parafarmaonline.com\/#website\",\"url\":\"https:\/\/parafarmaonline.com\/\",\"name\":\"Parafarm\u00e0cia Online - Diet\u00e8tica herbolari fitoter\u00e0pia sense gluten.\",\"description\":\"Els productes de parafarm\u00e0cia, diet\u00e8tica i herbolari s\u00f3n cada cop m\u00e9s habituals entre aquelles persones que volen cuidar la seva salut. Parafarma Online s'ha convertit en aquesta farm\u00e0cia en l\u00ednia.\",\"publisher\":{\"@id\":\"https:\/\/parafarmaonline.com\/#\/schema\/person\/3531a2a8cd3f575922327e5b7e16a598\"},\"potentialAction\":[{\"@type\":\"SearchAction\",\"target\":{\"@type\":\"EntryPoint\",\"urlTemplate\":\"https:\/\/parafarmaonline.com\/?s={search_term_string}\"},\"query-input\":\"required name=search_term_string\"}],\"inLanguage\":\"ca\"},{\"@type\":[\"Person\",\"Organization\"],\"@id\":\"https:\/\/parafarmaonline.com\/#\/schema\/person\/3531a2a8cd3f575922327e5b7e16a598\",\"name\":\"farmatural\",\"image\":{\"@type\":\"ImageObject\",\"inLanguage\":\"ca\",\"@id\":\"https:\/\/parafarmaonline.com\/#\/schema\/person\/image\/\",\"url\":\"https:\/\/parafarmaonline.com\/wp-content\/uploads\/2022\/01\/LOGO-PARAFARMA.png\",\"contentUrl\":\"https:\/\/parafarmaonline.com\/wp-content\/uploads\/2022\/01\/LOGO-PARAFARMA.png\",\"width\":371,\"height\":133,\"caption\":\"farmatural\"},\"logo\":{\"@id\":\"https:\/\/parafarmaonline.com\/#\/schema\/person\/image\/\"}}]}<\/script>\n<!-- \/ Yoast SEO plugin. -->","yoast_head_json":{"title":"MAM Perfect Start Fairytale - Xumet - Parafarm\u00e0cia Online - Diet\u00e8tica herbolari fitoter\u00e0pia sense gluten.","robots":{"index":"index","follow":"follow","max-snippet":"max-snippet:-1","max-image-preview":"max-image-preview:large","max-video-preview":"max-video-preview:-1"},"canonical":"https:\/\/parafarmaonline.com\/ca\/producto\/mam-perfect-start-fairytale-xumet\/","og_locale":"ca_ES","og_type":"article","og_title":"MAM Perfect Start Fairytale - Xumet - Parafarm\u00e0cia Online - Diet\u00e8tica herbolari fitoter\u00e0pia sense gluten.","og_description":"El mejor apoyo para un desarrollo bucal saludable.","og_url":"https:\/\/parafarmaonline.com\/ca\/producto\/mam-perfect-start-fairytale-xumet\/","og_site_name":"Parafarm\u00e0cia Online - Diet\u00e8tica herbolari fitoter\u00e0pia sense gluten.","og_image":[{"width":1000,"height":1000,"url":"https:\/\/parafarmaonline.com\/wp-content\/uploads\/2021\/11\/Fairytale-Chupete-04.jpg","type":"image\/jpeg"}],"twitter_card":"summary_large_image","twitter_misc":{"Temps estimat de lectura":"1 minut"},"schema":{"@context":"https:\/\/schema.org","@graph":[{"@type":"WebPage","@id":"https:\/\/parafarmaonline.com\/ca\/producto\/mam-perfect-start-fairytale-xumet\/","url":"https:\/\/parafarmaonline.com\/ca\/producto\/mam-perfect-start-fairytale-xumet\/","name":"MAM Perfect Start Fairytale - Xumet - Parafarm\u00e0cia Online - Diet\u00e8tica herbolari fitoter\u00e0pia sense gluten.","isPartOf":{"@id":"https:\/\/parafarmaonline.com\/#website"},"primaryImageOfPage":{"@id":"https:\/\/parafarmaonline.com\/ca\/producto\/mam-perfect-start-fairytale-xumet\/#primaryimage"},"image":{"@id":"https:\/\/parafarmaonline.com\/ca\/producto\/mam-perfect-start-fairytale-xumet\/#primaryimage"},"thumbnailUrl":"https:\/\/parafarmaonline.com\/wp-content\/uploads\/2021\/11\/Fairytale-Chupete-04.jpg","datePublished":"2021-12-02T15:41:39+00:00","dateModified":"2021-12-02T15:41:39+00:00","breadcrumb":{"@id":"https:\/\/parafarmaonline.com\/ca\/producto\/mam-perfect-start-fairytale-xumet\/#breadcrumb"},"inLanguage":"ca","potentialAction":[{"@type":"ReadAction","target":["https:\/\/parafarmaonline.com\/ca\/producto\/mam-perfect-start-fairytale-xumet\/"]}]},{"@type":"ImageObject","inLanguage":"ca","@id":"https:\/\/parafarmaonline.com\/ca\/producto\/mam-perfect-start-fairytale-xumet\/#primaryimage","url":"https:\/\/parafarmaonline.com\/wp-content\/uploads\/2021\/11\/Fairytale-Chupete-04.jpg","contentUrl":"https:\/\/parafarmaonline.com\/wp-content\/uploads\/2021\/11\/Fairytale-Chupete-04.jpg","width":1000,"height":1000,"caption":"MAM Perfect Start Fairytale"},{"@type":"BreadcrumbList","@id":"https:\/\/parafarmaonline.com\/ca\/producto\/mam-perfect-start-fairytale-xumet\/#breadcrumb","itemListElement":[{"@type":"ListItem","position":1,"name":"Portada","item":"https:\/\/parafarmaonline.com\/ca\/"},{"@type":"ListItem","position":2,"name":"Botiga","item":"https:\/\/parafarmaonline.com\/ca\/botiga\/"},{"@type":"ListItem","position":3,"name":"MAM Perfect Start Fairytale &#8211; Xumet"}]},{"@type":"WebSite","@id":"https:\/\/parafarmaonline.com\/#website","url":"https:\/\/parafarmaonline.com\/","name":"Parafarm\u00e0cia Online - Diet\u00e8tica herbolari fitoter\u00e0pia sense gluten.","description":"Els productes de parafarm\u00e0cia, diet\u00e8tica i herbolari s\u00f3n cada cop m\u00e9s habituals entre aquelles persones que volen cuidar la seva salut. Parafarma Online s'ha convertit en aquesta farm\u00e0cia en l\u00ednia.","publisher":{"@id":"https:\/\/parafarmaonline.com\/#\/schema\/person\/3531a2a8cd3f575922327e5b7e16a598"},"potentialAction":[{"@type":"SearchAction","target":{"@type":"EntryPoint","urlTemplate":"https:\/\/parafarmaonline.com\/?s={search_term_string}"},"query-input":"required name=search_term_string"}],"inLanguage":"ca"},{"@type":["Person","Organization"],"@id":"https:\/\/parafarmaonline.com\/#\/schema\/person\/3531a2a8cd3f575922327e5b7e16a598","name":"farmatural","image":{"@type":"ImageObject","inLanguage":"ca","@id":"https:\/\/parafarmaonline.com\/#\/schema\/person\/image\/","url":"https:\/\/parafarmaonline.com\/wp-content\/uploads\/2022\/01\/LOGO-PARAFARMA.png","contentUrl":"https:\/\/parafarmaonline.com\/wp-content\/uploads\/2022\/01\/LOGO-PARAFARMA.png","width":371,"height":133,"caption":"farmatural"},"logo":{"@id":"https:\/\/parafarmaonline.com\/#\/schema\/person\/image\/"}}]}},"brands":[{"id":435,"name":"MAM","slug":"mam-ca"}],"_links":{"self":[{"href":"https:\/\/parafarmaonline.com\/ca\/wp-json\/wp\/v2\/product\/4315","targetHints":{"allow":["GET"]}}],"collection":[{"href":"https:\/\/parafarmaonline.com\/ca\/wp-json\/wp\/v2\/product"}],"about":[{"href":"https:\/\/parafarmaonline.com\/ca\/wp-json\/wp\/v2\/types\/product"}],"replies":[{"embeddable":true,"href":"https:\/\/parafarmaonline.com\/ca\/wp-json\/wp\/v2\/comments?post=4315"}],"wp:featuredmedia":[{"embeddable":true,"href":"https:\/\/parafarmaonline.com\/ca\/wp-json\/wp\/v2\/media\/4171"}],"wp:attachment":[{"href":"https:\/\/parafarmaonline.com\/ca\/wp-json\/wp\/v2\/media?parent=4315"}],"wp:term":[{"taxonomy":"pwb-brand","embeddable":true,"href":"https:\/\/parafarmaonline.com\/ca\/wp-json\/wp\/v2\/pwb-brand?post=4315"},{"taxonomy":"product_cat","embeddable":true,"href":"https:\/\/parafarmaonline.com\/ca\/wp-json\/wp\/v2\/product_cat?post=4315"},{"taxonomy":"product_tag","embeddable":true,"href":"https:\/\/parafarmaonline.com\/ca\/wp-json\/wp\/v2\/product_tag?post=4315"}],"curies":[{"name":"wp","href":"https:\/\/api.w.org\/{rel}","templated":true}]}}