{"id":4307,"date":"2021-11-24T11:33:38","date_gmt":"2021-12-02T15:24:21","guid":{"rendered":"https:\/\/parafarmaonline.com\/product\/neutrogena-crema-de-mans-concentrada-amb-perfum\/"},"modified":"2021-12-02T15:24:21","modified_gmt":"2021-12-02T15:24:21","slug":"neutrogena-crema-de-mans-concentrada-amb-perfum","status":"publish","type":"product","link":"https:\/\/parafarmaonline.com\/ca\/producto\/neutrogena-crema-de-mans-concentrada-amb-perfum\/","title":{"rendered":"Neutrogena\u00ae Crema de Mans Concentrada amb Perfum"},"content":{"rendered":"<p>Soluci\u00f3 cremosa amb f\u00f3rmula concentrada que hidrata intensament, nodreix, repara i protegeix les mans seques i agredides per factors externs.<\/p>\n<p>Alleugeriment immediat i durador fins i tot per a les mans m\u00e9s seques. Amb tan sols una gota, aquesta f\u00f3rmula rica en glicerina alleuja i protegeix de forma instant\u00e0nia les mans molt seques o esquerdades. Fins i tot en les condicions m\u00e9s extremes deixa les mans visiblement m\u00e9s suaus i llises.<\/p>\n<p>&#8211; Concentrada, permet unes 200 aplicacions<br \/>\n&#8211; Amb perfum<\/p>\n<p>Format disponible: tub 50 ml<\/p>\n","protected":false},"excerpt":{"rendered":"<p>Alleugeriment immediat per a mans seques.<\/p>\n","protected":false},"featured_media":4182,"comment_status":"open","ping_status":"closed","template":"","meta":[],"pwb-brand":[439],"product_cat":[318,313],"product_tag":[324],"class_list":{"0":"post-4307","1":"product","2":"type-product","3":"status-publish","4":"has-post-thumbnail","6":"pwb-brand-neutrogena-ca","7":"product_cat-corporal-ca","8":"product_cat-cosmetica-i-bellesa","9":"product_tag-pell-seca","11":"first","12":"onbackorder","13":"taxable","14":"shipping-taxable","15":"purchasable","16":"product-type-simple"},"yoast_head":"<!-- This site is optimized with the Yoast SEO plugin v22.7 - https:\/\/yoast.com\/wordpress\/plugins\/seo\/ -->\n<title>Neutrogena\u00ae Crema de Mans Concentrada amb Perfum - Parafarm\u00e0cia Online - Diet\u00e8tica herbolari fitoter\u00e0pia sense gluten.<\/title>\n<meta name=\"robots\" content=\"index, follow, max-snippet:-1, max-image-preview:large, max-video-preview:-1\" \/>\n<link rel=\"canonical\" href=\"https:\/\/parafarmaonline.com\/ca\/producto\/neutrogena-crema-de-mans-concentrada-amb-perfum\/\" \/>\n<meta property=\"og:locale\" content=\"ca_ES\" \/>\n<meta property=\"og:type\" content=\"article\" \/>\n<meta property=\"og:title\" content=\"Neutrogena\u00ae Crema de Mans Concentrada amb Perfum - Parafarm\u00e0cia Online - Diet\u00e8tica herbolari fitoter\u00e0pia sense gluten.\" \/>\n<meta property=\"og:description\" content=\"Alleugeriment immediat per a mans seques.\" \/>\n<meta property=\"og:url\" content=\"https:\/\/parafarmaonline.com\/ca\/producto\/neutrogena-crema-de-mans-concentrada-amb-perfum\/\" \/>\n<meta property=\"og:site_name\" content=\"Parafarm\u00e0cia Online - Diet\u00e8tica herbolari fitoter\u00e0pia sense gluten.\" \/>\n<meta property=\"og:image\" content=\"https:\/\/parafarmaonline.com\/wp-content\/uploads\/2021\/11\/Neutrogena-Crema-Manos-1.jpg\" \/>\n\t<meta property=\"og:image:width\" content=\"980\" \/>\n\t<meta property=\"og:image:height\" content=\"980\" \/>\n\t<meta property=\"og:image:type\" content=\"image\/jpeg\" \/>\n<meta name=\"twitter:card\" content=\"summary_large_image\" \/>\n<script type=\"application\/ld+json\" class=\"yoast-schema-graph\">{\"@context\":\"https:\/\/schema.org\",\"@graph\":[{\"@type\":\"WebPage\",\"@id\":\"https:\/\/parafarmaonline.com\/ca\/producto\/neutrogena-crema-de-mans-concentrada-amb-perfum\/\",\"url\":\"https:\/\/parafarmaonline.com\/ca\/producto\/neutrogena-crema-de-mans-concentrada-amb-perfum\/\",\"name\":\"Neutrogena\u00ae Crema de Mans Concentrada amb Perfum - Parafarm\u00e0cia Online - Diet\u00e8tica herbolari fitoter\u00e0pia sense gluten.\",\"isPartOf\":{\"@id\":\"https:\/\/parafarmaonline.com\/#website\"},\"primaryImageOfPage\":{\"@id\":\"https:\/\/parafarmaonline.com\/ca\/producto\/neutrogena-crema-de-mans-concentrada-amb-perfum\/#primaryimage\"},\"image\":{\"@id\":\"https:\/\/parafarmaonline.com\/ca\/producto\/neutrogena-crema-de-mans-concentrada-amb-perfum\/#primaryimage\"},\"thumbnailUrl\":\"https:\/\/parafarmaonline.com\/wp-content\/uploads\/2021\/11\/Neutrogena-Crema-Manos-1.jpg\",\"datePublished\":\"2021-12-02T15:24:21+00:00\",\"dateModified\":\"2021-12-02T15:24:21+00:00\",\"breadcrumb\":{\"@id\":\"https:\/\/parafarmaonline.com\/ca\/producto\/neutrogena-crema-de-mans-concentrada-amb-perfum\/#breadcrumb\"},\"inLanguage\":\"ca\",\"potentialAction\":[{\"@type\":\"ReadAction\",\"target\":[\"https:\/\/parafarmaonline.com\/ca\/producto\/neutrogena-crema-de-mans-concentrada-amb-perfum\/\"]}]},{\"@type\":\"ImageObject\",\"inLanguage\":\"ca\",\"@id\":\"https:\/\/parafarmaonline.com\/ca\/producto\/neutrogena-crema-de-mans-concentrada-amb-perfum\/#primaryimage\",\"url\":\"https:\/\/parafarmaonline.com\/wp-content\/uploads\/2021\/11\/Neutrogena-Crema-Manos-1.jpg\",\"contentUrl\":\"https:\/\/parafarmaonline.com\/wp-content\/uploads\/2021\/11\/Neutrogena-Crema-Manos-1.jpg\",\"width\":980,\"height\":980,\"caption\":\"Crema de Manos Concentrada\"},{\"@type\":\"BreadcrumbList\",\"@id\":\"https:\/\/parafarmaonline.com\/ca\/producto\/neutrogena-crema-de-mans-concentrada-amb-perfum\/#breadcrumb\",\"itemListElement\":[{\"@type\":\"ListItem\",\"position\":1,\"name\":\"Portada\",\"item\":\"https:\/\/parafarmaonline.com\/ca\/\"},{\"@type\":\"ListItem\",\"position\":2,\"name\":\"Botiga\",\"item\":\"https:\/\/parafarmaonline.com\/ca\/botiga\/\"},{\"@type\":\"ListItem\",\"position\":3,\"name\":\"Neutrogena\u00ae Crema de Mans Concentrada amb Perfum\"}]},{\"@type\":\"WebSite\",\"@id\":\"https:\/\/parafarmaonline.com\/#website\",\"url\":\"https:\/\/parafarmaonline.com\/\",\"name\":\"Parafarm\u00e0cia Online - Diet\u00e8tica herbolari fitoter\u00e0pia sense gluten.\",\"description\":\"Els productes de parafarm\u00e0cia, diet\u00e8tica i herbolari s\u00f3n cada cop m\u00e9s habituals entre aquelles persones que volen cuidar la seva salut. Parafarma Online s'ha convertit en aquesta farm\u00e0cia en l\u00ednia.\",\"publisher\":{\"@id\":\"https:\/\/parafarmaonline.com\/#\/schema\/person\/3531a2a8cd3f575922327e5b7e16a598\"},\"potentialAction\":[{\"@type\":\"SearchAction\",\"target\":{\"@type\":\"EntryPoint\",\"urlTemplate\":\"https:\/\/parafarmaonline.com\/?s={search_term_string}\"},\"query-input\":\"required name=search_term_string\"}],\"inLanguage\":\"ca\"},{\"@type\":[\"Person\",\"Organization\"],\"@id\":\"https:\/\/parafarmaonline.com\/#\/schema\/person\/3531a2a8cd3f575922327e5b7e16a598\",\"name\":\"farmatural\",\"image\":{\"@type\":\"ImageObject\",\"inLanguage\":\"ca\",\"@id\":\"https:\/\/parafarmaonline.com\/#\/schema\/person\/image\/\",\"url\":\"https:\/\/parafarmaonline.com\/wp-content\/uploads\/2022\/01\/LOGO-PARAFARMA.png\",\"contentUrl\":\"https:\/\/parafarmaonline.com\/wp-content\/uploads\/2022\/01\/LOGO-PARAFARMA.png\",\"width\":371,\"height\":133,\"caption\":\"farmatural\"},\"logo\":{\"@id\":\"https:\/\/parafarmaonline.com\/#\/schema\/person\/image\/\"}}]}<\/script>\n<!-- \/ Yoast SEO plugin. -->","yoast_head_json":{"title":"Neutrogena\u00ae Crema de Mans Concentrada amb Perfum - Parafarm\u00e0cia Online - Diet\u00e8tica herbolari fitoter\u00e0pia sense gluten.","robots":{"index":"index","follow":"follow","max-snippet":"max-snippet:-1","max-image-preview":"max-image-preview:large","max-video-preview":"max-video-preview:-1"},"canonical":"https:\/\/parafarmaonline.com\/ca\/producto\/neutrogena-crema-de-mans-concentrada-amb-perfum\/","og_locale":"ca_ES","og_type":"article","og_title":"Neutrogena\u00ae Crema de Mans Concentrada amb Perfum - Parafarm\u00e0cia Online - Diet\u00e8tica herbolari fitoter\u00e0pia sense gluten.","og_description":"Alleugeriment immediat per a mans seques.","og_url":"https:\/\/parafarmaonline.com\/ca\/producto\/neutrogena-crema-de-mans-concentrada-amb-perfum\/","og_site_name":"Parafarm\u00e0cia Online - Diet\u00e8tica herbolari fitoter\u00e0pia sense gluten.","og_image":[{"width":980,"height":980,"url":"https:\/\/parafarmaonline.com\/wp-content\/uploads\/2021\/11\/Neutrogena-Crema-Manos-1.jpg","type":"image\/jpeg"}],"twitter_card":"summary_large_image","schema":{"@context":"https:\/\/schema.org","@graph":[{"@type":"WebPage","@id":"https:\/\/parafarmaonline.com\/ca\/producto\/neutrogena-crema-de-mans-concentrada-amb-perfum\/","url":"https:\/\/parafarmaonline.com\/ca\/producto\/neutrogena-crema-de-mans-concentrada-amb-perfum\/","name":"Neutrogena\u00ae Crema de Mans Concentrada amb Perfum - Parafarm\u00e0cia Online - Diet\u00e8tica herbolari fitoter\u00e0pia sense gluten.","isPartOf":{"@id":"https:\/\/parafarmaonline.com\/#website"},"primaryImageOfPage":{"@id":"https:\/\/parafarmaonline.com\/ca\/producto\/neutrogena-crema-de-mans-concentrada-amb-perfum\/#primaryimage"},"image":{"@id":"https:\/\/parafarmaonline.com\/ca\/producto\/neutrogena-crema-de-mans-concentrada-amb-perfum\/#primaryimage"},"thumbnailUrl":"https:\/\/parafarmaonline.com\/wp-content\/uploads\/2021\/11\/Neutrogena-Crema-Manos-1.jpg","datePublished":"2021-12-02T15:24:21+00:00","dateModified":"2021-12-02T15:24:21+00:00","breadcrumb":{"@id":"https:\/\/parafarmaonline.com\/ca\/producto\/neutrogena-crema-de-mans-concentrada-amb-perfum\/#breadcrumb"},"inLanguage":"ca","potentialAction":[{"@type":"ReadAction","target":["https:\/\/parafarmaonline.com\/ca\/producto\/neutrogena-crema-de-mans-concentrada-amb-perfum\/"]}]},{"@type":"ImageObject","inLanguage":"ca","@id":"https:\/\/parafarmaonline.com\/ca\/producto\/neutrogena-crema-de-mans-concentrada-amb-perfum\/#primaryimage","url":"https:\/\/parafarmaonline.com\/wp-content\/uploads\/2021\/11\/Neutrogena-Crema-Manos-1.jpg","contentUrl":"https:\/\/parafarmaonline.com\/wp-content\/uploads\/2021\/11\/Neutrogena-Crema-Manos-1.jpg","width":980,"height":980,"caption":"Crema de Manos Concentrada"},{"@type":"BreadcrumbList","@id":"https:\/\/parafarmaonline.com\/ca\/producto\/neutrogena-crema-de-mans-concentrada-amb-perfum\/#breadcrumb","itemListElement":[{"@type":"ListItem","position":1,"name":"Portada","item":"https:\/\/parafarmaonline.com\/ca\/"},{"@type":"ListItem","position":2,"name":"Botiga","item":"https:\/\/parafarmaonline.com\/ca\/botiga\/"},{"@type":"ListItem","position":3,"name":"Neutrogena\u00ae Crema de Mans Concentrada amb Perfum"}]},{"@type":"WebSite","@id":"https:\/\/parafarmaonline.com\/#website","url":"https:\/\/parafarmaonline.com\/","name":"Parafarm\u00e0cia Online - Diet\u00e8tica herbolari fitoter\u00e0pia sense gluten.","description":"Els productes de parafarm\u00e0cia, diet\u00e8tica i herbolari s\u00f3n cada cop m\u00e9s habituals entre aquelles persones que volen cuidar la seva salut. Parafarma Online s'ha convertit en aquesta farm\u00e0cia en l\u00ednia.","publisher":{"@id":"https:\/\/parafarmaonline.com\/#\/schema\/person\/3531a2a8cd3f575922327e5b7e16a598"},"potentialAction":[{"@type":"SearchAction","target":{"@type":"EntryPoint","urlTemplate":"https:\/\/parafarmaonline.com\/?s={search_term_string}"},"query-input":"required name=search_term_string"}],"inLanguage":"ca"},{"@type":["Person","Organization"],"@id":"https:\/\/parafarmaonline.com\/#\/schema\/person\/3531a2a8cd3f575922327e5b7e16a598","name":"farmatural","image":{"@type":"ImageObject","inLanguage":"ca","@id":"https:\/\/parafarmaonline.com\/#\/schema\/person\/image\/","url":"https:\/\/parafarmaonline.com\/wp-content\/uploads\/2022\/01\/LOGO-PARAFARMA.png","contentUrl":"https:\/\/parafarmaonline.com\/wp-content\/uploads\/2022\/01\/LOGO-PARAFARMA.png","width":371,"height":133,"caption":"farmatural"},"logo":{"@id":"https:\/\/parafarmaonline.com\/#\/schema\/person\/image\/"}}]}},"brands":[{"id":439,"name":"Neutr\u00f3gena","slug":"neutrogena-ca"}],"_links":{"self":[{"href":"https:\/\/parafarmaonline.com\/ca\/wp-json\/wp\/v2\/product\/4307","targetHints":{"allow":["GET"]}}],"collection":[{"href":"https:\/\/parafarmaonline.com\/ca\/wp-json\/wp\/v2\/product"}],"about":[{"href":"https:\/\/parafarmaonline.com\/ca\/wp-json\/wp\/v2\/types\/product"}],"replies":[{"embeddable":true,"href":"https:\/\/parafarmaonline.com\/ca\/wp-json\/wp\/v2\/comments?post=4307"}],"wp:featuredmedia":[{"embeddable":true,"href":"https:\/\/parafarmaonline.com\/ca\/wp-json\/wp\/v2\/media\/4182"}],"wp:attachment":[{"href":"https:\/\/parafarmaonline.com\/ca\/wp-json\/wp\/v2\/media?parent=4307"}],"wp:term":[{"taxonomy":"pwb-brand","embeddable":true,"href":"https:\/\/parafarmaonline.com\/ca\/wp-json\/wp\/v2\/pwb-brand?post=4307"},{"taxonomy":"product_cat","embeddable":true,"href":"https:\/\/parafarmaonline.com\/ca\/wp-json\/wp\/v2\/product_cat?post=4307"},{"taxonomy":"product_tag","embeddable":true,"href":"https:\/\/parafarmaonline.com\/ca\/wp-json\/wp\/v2\/product_tag?post=4307"}],"curies":[{"name":"wp","href":"https:\/\/api.w.org\/{rel}","templated":true}]}}